{"id":828,"date":"2024-10-15T17:40:05","date_gmt":"2024-10-15T15:40:05","guid":{"rendered":"https:\/\/mcprd.cl\/?post_type=product&#038;p=828"},"modified":"2024-12-20T21:16:36","modified_gmt":"2024-12-20T20:16:36","slug":"silicona-roja-y-transparente-2","status":"publish","type":"product","link":"https:\/\/mcprd.cl\/en\/product\/silicona-roja-y-transparente-2\/","title":{"rendered":"RED AND TRANSPARENT SILICONE"},"content":{"rendered":"<p>They are silicone-based sealants and adhesives with different applications.<\/p>\n<p>-Red Silicone: Ideal for high temperatures, used in engines and pipes. It offers good resistance to adverse conditions and is flexible and water resistant.<\/p>\n<p>-Transparent Silicone: Common in domestic applications, such as bathrooms and kitchens, it blends in aesthetically and is flexible, waterproof and resistant to moisture and mold.<\/p>\n<p>Both are versatile and effective for sealing and joining materials in a variety of situations.<\/p>","protected":false},"excerpt":{"rendered":"<p>Son selladores y adhesivos a base de silicona con diferentes aplicaciones. -Silicona Roja: Ideal para alta temperatura, utilizada en motores y tuber\u00edas. Ofrece buena resistencia a condiciones adversas y es flexible y resistente al agua. -Silicona Transparente: Com\u00fan en aplicaciones dom\u00e9sticas, como ba\u00f1os y cocinas, se integra est\u00e9ticamente y es flexible, impermeable y resistente a [&hellip;]<\/p>\n","protected":false},"featured_media":829,"comment_status":"closed","ping_status":"closed","template":"","meta":{"_acf_changed":false,"_et_pb_use_builder":"","_et_pb_old_content":"","_et_gb_content_width":"","_joinchat":[]},"product_brand":[],"product_cat":[56],"product_tag":[],"class_list":{"0":"post-828","1":"product","2":"type-product","3":"status-publish","4":"has-post-thumbnail","6":"product_cat-ninguna","8":"first","9":"instock","10":"shipping-taxable","11":"product-type-simple"},"acf":[],"yoast_head":"<!-- This site is optimized with the Yoast SEO plugin v26.2 - https:\/\/yoast.com\/wordpress\/plugins\/seo\/ -->\n<title>SILICONA ROJA Y TRANSPARENTE - MCP Rubber Division<\/title>\n<meta name=\"robots\" content=\"index, follow, max-snippet:-1, max-image-preview:large, max-video-preview:-1\" \/>\n<link rel=\"canonical\" href=\"https:\/\/mcprd.cl\/en\/product\/silicona-roja-y-transparente-2\/\" \/>\n<meta property=\"og:locale\" content=\"en_US\" \/>\n<meta property=\"og:type\" content=\"article\" \/>\n<meta property=\"og:title\" content=\"SILICONA ROJA Y TRANSPARENTE - MCP Rubber Division\" \/>\n<meta property=\"og:description\" content=\"Son selladores y adhesivos a base de silicona con diferentes aplicaciones. -Silicona Roja: Ideal para alta temperatura, utilizada en motores y tuber\u00edas. Ofrece buena resistencia a condiciones adversas y es flexible y resistente al agua. -Silicona Transparente: Com\u00fan en aplicaciones dom\u00e9sticas, como ba\u00f1os y cocinas, se integra est\u00e9ticamente y es flexible, impermeable y resistente a [&hellip;]\" \/>\n<meta property=\"og:url\" content=\"https:\/\/mcprd.cl\/en\/product\/silicona-roja-y-transparente-2\/\" \/>\n<meta property=\"og:site_name\" content=\"MCP Rubber Division\" \/>\n<meta property=\"article:modified_time\" content=\"2024-12-20T20:16:36+00:00\" \/>\n<meta property=\"og:image\" content=\"https:\/\/mcprd.cl\/wp-content\/uploads\/2024\/10\/silicona-roja-y-transparente-1.jpg\" \/>\n\t<meta property=\"og:image:width\" content=\"625\" \/>\n\t<meta property=\"og:image:height\" content=\"474\" \/>\n\t<meta property=\"og:image:type\" content=\"image\/jpeg\" \/>\n<meta name=\"twitter:card\" content=\"summary_large_image\" \/>\n<script type=\"application\/ld+json\" class=\"yoast-schema-graph\">{\"@context\":\"https:\/\/schema.org\",\"@graph\":[{\"@type\":\"WebPage\",\"@id\":\"https:\/\/mcprd.cl\/producto\/silicona-roja-y-transparente-2\/\",\"url\":\"https:\/\/mcprd.cl\/producto\/silicona-roja-y-transparente-2\/\",\"name\":\"SILICONA ROJA Y TRANSPARENTE - MCP Rubber Division\",\"isPartOf\":{\"@id\":\"https:\/\/mcprd.cl\/en\/#website\"},\"primaryImageOfPage\":{\"@id\":\"https:\/\/mcprd.cl\/producto\/silicona-roja-y-transparente-2\/#primaryimage\"},\"image\":{\"@id\":\"https:\/\/mcprd.cl\/producto\/silicona-roja-y-transparente-2\/#primaryimage\"},\"thumbnailUrl\":\"https:\/\/mcprd.cl\/wp-content\/uploads\/2024\/10\/silicona-roja-y-transparente-1.jpg\",\"datePublished\":\"2024-10-15T15:40:05+00:00\",\"dateModified\":\"2024-12-20T20:16:36+00:00\",\"breadcrumb\":{\"@id\":\"https:\/\/mcprd.cl\/producto\/silicona-roja-y-transparente-2\/#breadcrumb\"},\"inLanguage\":\"en-US\",\"potentialAction\":[{\"@type\":\"ReadAction\",\"target\":[\"https:\/\/mcprd.cl\/producto\/silicona-roja-y-transparente-2\/\"]}]},{\"@type\":\"ImageObject\",\"inLanguage\":\"en-US\",\"@id\":\"https:\/\/mcprd.cl\/producto\/silicona-roja-y-transparente-2\/#primaryimage\",\"url\":\"https:\/\/mcprd.cl\/wp-content\/uploads\/2024\/10\/silicona-roja-y-transparente-1.jpg\",\"contentUrl\":\"https:\/\/mcprd.cl\/wp-content\/uploads\/2024\/10\/silicona-roja-y-transparente-1.jpg\",\"width\":625,\"height\":474},{\"@type\":\"BreadcrumbList\",\"@id\":\"https:\/\/mcprd.cl\/producto\/silicona-roja-y-transparente-2\/#breadcrumb\",\"itemListElement\":[{\"@type\":\"ListItem\",\"position\":1,\"name\":\"Portada\",\"item\":\"https:\/\/mcprd.cl\/\"},{\"@type\":\"ListItem\",\"position\":2,\"name\":\"Tienda\",\"item\":\"http:\/\/mcprd.cl\/en\/tienda\/\"},{\"@type\":\"ListItem\",\"position\":3,\"name\":\"SILICONA ROJA Y TRANSPARENTE\"}]},{\"@type\":\"WebSite\",\"@id\":\"https:\/\/mcprd.cl\/en\/#website\",\"url\":\"https:\/\/mcprd.cl\/en\/\",\"name\":\"MCP Rubber Division\",\"description\":\"Productos T\u00e9cnicos de Caucho\",\"potentialAction\":[{\"@type\":\"SearchAction\",\"target\":{\"@type\":\"EntryPoint\",\"urlTemplate\":\"https:\/\/mcprd.cl\/en\/?s={search_term_string}\"},\"query-input\":{\"@type\":\"PropertyValueSpecification\",\"valueRequired\":true,\"valueName\":\"search_term_string\"}}],\"inLanguage\":\"en-US\"}]}<\/script>\n<!-- \/ Yoast SEO plugin. -->","yoast_head_json":{"title":"SILICONA ROJA Y TRANSPARENTE - MCP Rubber Division","robots":{"index":"index","follow":"follow","max-snippet":"max-snippet:-1","max-image-preview":"max-image-preview:large","max-video-preview":"max-video-preview:-1"},"canonical":"https:\/\/mcprd.cl\/en\/product\/silicona-roja-y-transparente-2\/","og_locale":"en_US","og_type":"article","og_title":"SILICONA ROJA Y TRANSPARENTE - MCP Rubber Division","og_description":"Son selladores y adhesivos a base de silicona con diferentes aplicaciones. -Silicona Roja: Ideal para alta temperatura, utilizada en motores y tuber\u00edas. Ofrece buena resistencia a condiciones adversas y es flexible y resistente al agua. -Silicona Transparente: Com\u00fan en aplicaciones dom\u00e9sticas, como ba\u00f1os y cocinas, se integra est\u00e9ticamente y es flexible, impermeable y resistente a [&hellip;]","og_url":"https:\/\/mcprd.cl\/en\/product\/silicona-roja-y-transparente-2\/","og_site_name":"MCP Rubber Division","article_modified_time":"2024-12-20T20:16:36+00:00","og_image":[{"width":625,"height":474,"url":"https:\/\/mcprd.cl\/wp-content\/uploads\/2024\/10\/silicona-roja-y-transparente-1.jpg","type":"image\/jpeg"}],"twitter_card":"summary_large_image","schema":{"@context":"https:\/\/schema.org","@graph":[{"@type":"WebPage","@id":"https:\/\/mcprd.cl\/producto\/silicona-roja-y-transparente-2\/","url":"https:\/\/mcprd.cl\/producto\/silicona-roja-y-transparente-2\/","name":"SILICONA ROJA Y TRANSPARENTE - MCP Rubber Division","isPartOf":{"@id":"https:\/\/mcprd.cl\/en\/#website"},"primaryImageOfPage":{"@id":"https:\/\/mcprd.cl\/producto\/silicona-roja-y-transparente-2\/#primaryimage"},"image":{"@id":"https:\/\/mcprd.cl\/producto\/silicona-roja-y-transparente-2\/#primaryimage"},"thumbnailUrl":"https:\/\/mcprd.cl\/wp-content\/uploads\/2024\/10\/silicona-roja-y-transparente-1.jpg","datePublished":"2024-10-15T15:40:05+00:00","dateModified":"2024-12-20T20:16:36+00:00","breadcrumb":{"@id":"https:\/\/mcprd.cl\/producto\/silicona-roja-y-transparente-2\/#breadcrumb"},"inLanguage":"en-US","potentialAction":[{"@type":"ReadAction","target":["https:\/\/mcprd.cl\/producto\/silicona-roja-y-transparente-2\/"]}]},{"@type":"ImageObject","inLanguage":"en-US","@id":"https:\/\/mcprd.cl\/producto\/silicona-roja-y-transparente-2\/#primaryimage","url":"https:\/\/mcprd.cl\/wp-content\/uploads\/2024\/10\/silicona-roja-y-transparente-1.jpg","contentUrl":"https:\/\/mcprd.cl\/wp-content\/uploads\/2024\/10\/silicona-roja-y-transparente-1.jpg","width":625,"height":474},{"@type":"BreadcrumbList","@id":"https:\/\/mcprd.cl\/producto\/silicona-roja-y-transparente-2\/#breadcrumb","itemListElement":[{"@type":"ListItem","position":1,"name":"Portada","item":"https:\/\/mcprd.cl\/"},{"@type":"ListItem","position":2,"name":"Tienda","item":"http:\/\/mcprd.cl\/en\/tienda\/"},{"@type":"ListItem","position":3,"name":"SILICONA ROJA Y TRANSPARENTE"}]},{"@type":"WebSite","@id":"https:\/\/mcprd.cl\/en\/#website","url":"https:\/\/mcprd.cl\/en\/","name":"MCP Rubber Division","description":"Technical Rubber Products","potentialAction":[{"@type":"SearchAction","target":{"@type":"EntryPoint","urlTemplate":"https:\/\/mcprd.cl\/en\/?s={search_term_string}"},"query-input":{"@type":"PropertyValueSpecification","valueRequired":true,"valueName":"search_term_string"}}],"inLanguage":"en-US"}]}},"_links":{"self":[{"href":"https:\/\/mcprd.cl\/en\/wp-json\/wp\/v2\/product\/828","targetHints":{"allow":["GET"]}}],"collection":[{"href":"https:\/\/mcprd.cl\/en\/wp-json\/wp\/v2\/product"}],"about":[{"href":"https:\/\/mcprd.cl\/en\/wp-json\/wp\/v2\/types\/product"}],"replies":[{"embeddable":true,"href":"https:\/\/mcprd.cl\/en\/wp-json\/wp\/v2\/comments?post=828"}],"wp:featuredmedia":[{"embeddable":true,"href":"https:\/\/mcprd.cl\/en\/wp-json\/wp\/v2\/media\/829"}],"wp:attachment":[{"href":"https:\/\/mcprd.cl\/en\/wp-json\/wp\/v2\/media?parent=828"}],"wp:term":[{"taxonomy":"product_brand","embeddable":true,"href":"https:\/\/mcprd.cl\/en\/wp-json\/wp\/v2\/product_brand?post=828"},{"taxonomy":"product_cat","embeddable":true,"href":"https:\/\/mcprd.cl\/en\/wp-json\/wp\/v2\/product_cat?post=828"},{"taxonomy":"product_tag","embeddable":true,"href":"https:\/\/mcprd.cl\/en\/wp-json\/wp\/v2\/product_tag?post=828"}],"curies":[{"name":"wp","href":"https:\/\/api.w.org\/{rel}","templated":true}]}}