{"id":821,"date":"2024-10-15T17:40:04","date_gmt":"2024-10-15T15:40:04","guid":{"rendered":"https:\/\/mcprd.cl\/?post_type=product&#038;p=821"},"modified":"2024-12-20T21:16:27","modified_gmt":"2024-12-20T20:16:27","slug":"cortinas-de-lana-aislante","status":"publish","type":"product","link":"https:\/\/mcprd.cl\/en\/product\/cortinas-de-lana-aislante\/","title":{"rendered":"INSULATING WOOL CURTAINS"},"content":{"rendered":"<p>These panels provide thermal and acoustic insulation in interior spaces. They regulate temperature, reduce noise and are environmentally friendly. Available in various colours and styles, they are used in homes and offices to improve comfort and energy efficiency.<\/p>","protected":false},"excerpt":{"rendered":"<p>These panels provide thermal and acoustic insulation in interior spaces. They regulate temperature, reduce noise and are environmentally friendly. Available in various colours and styles, they are used in homes and offices to improve comfort and energy efficiency.<\/p>","protected":false},"featured_media":822,"comment_status":"closed","ping_status":"closed","template":"","meta":{"_acf_changed":false,"_et_pb_use_builder":"","_et_pb_old_content":"","_et_gb_content_width":"","_joinchat":[]},"product_brand":[],"product_cat":[56],"product_tag":[],"class_list":{"0":"post-821","1":"product","2":"type-product","3":"status-publish","4":"has-post-thumbnail","6":"product_cat-ninguna","8":"first","9":"instock","10":"shipping-taxable","11":"product-type-simple"},"acf":[],"yoast_head":"<!-- This site is optimized with the Yoast SEO plugin v26.2 - https:\/\/yoast.com\/wordpress\/plugins\/seo\/ -->\n<title>CORTINAS DE LANA AISLANTE - MCP Rubber Division<\/title>\n<meta name=\"robots\" content=\"index, follow, max-snippet:-1, max-image-preview:large, max-video-preview:-1\" \/>\n<link rel=\"canonical\" href=\"https:\/\/mcprd.cl\/en\/product\/cortinas-de-lana-aislante\/\" \/>\n<meta property=\"og:locale\" content=\"en_US\" \/>\n<meta property=\"og:type\" content=\"article\" \/>\n<meta property=\"og:title\" content=\"CORTINAS DE LANA AISLANTE - MCP Rubber Division\" \/>\n<meta property=\"og:description\" content=\"Son paneles que proporcionan aislamiento t\u00e9rmico y ac\u00fastico en espacios interiores. Regulan la temperatura, reducen el ruido y son ecol\u00f3gicas. Disponibles en diversos colores y estilos, son utilizadas en hogares y oficinas para mejorar la comodidad y la eficiencia energ\u00e9tica.\" \/>\n<meta property=\"og:url\" content=\"https:\/\/mcprd.cl\/en\/product\/cortinas-de-lana-aislante\/\" \/>\n<meta property=\"og:site_name\" content=\"MCP Rubber Division\" \/>\n<meta property=\"article:modified_time\" content=\"2024-12-20T20:16:27+00:00\" \/>\n<meta property=\"og:image\" content=\"https:\/\/mcprd.cl\/wp-content\/uploads\/2024\/10\/cortinas-lama-aislante-1.jpg\" \/>\n\t<meta property=\"og:image:width\" content=\"807\" \/>\n\t<meta property=\"og:image:height\" content=\"558\" \/>\n\t<meta property=\"og:image:type\" content=\"image\/jpeg\" \/>\n<meta name=\"twitter:card\" content=\"summary_large_image\" \/>\n<script type=\"application\/ld+json\" class=\"yoast-schema-graph\">{\"@context\":\"https:\/\/schema.org\",\"@graph\":[{\"@type\":\"WebPage\",\"@id\":\"https:\/\/mcprd.cl\/producto\/cortinas-de-lana-aislante\/\",\"url\":\"https:\/\/mcprd.cl\/producto\/cortinas-de-lana-aislante\/\",\"name\":\"CORTINAS DE LANA AISLANTE - MCP Rubber Division\",\"isPartOf\":{\"@id\":\"https:\/\/mcprd.cl\/en\/#website\"},\"primaryImageOfPage\":{\"@id\":\"https:\/\/mcprd.cl\/producto\/cortinas-de-lana-aislante\/#primaryimage\"},\"image\":{\"@id\":\"https:\/\/mcprd.cl\/producto\/cortinas-de-lana-aislante\/#primaryimage\"},\"thumbnailUrl\":\"https:\/\/mcprd.cl\/wp-content\/uploads\/2024\/10\/cortinas-lama-aislante-1.jpg\",\"datePublished\":\"2024-10-15T15:40:04+00:00\",\"dateModified\":\"2024-12-20T20:16:27+00:00\",\"breadcrumb\":{\"@id\":\"https:\/\/mcprd.cl\/producto\/cortinas-de-lana-aislante\/#breadcrumb\"},\"inLanguage\":\"en-US\",\"potentialAction\":[{\"@type\":\"ReadAction\",\"target\":[\"https:\/\/mcprd.cl\/producto\/cortinas-de-lana-aislante\/\"]}]},{\"@type\":\"ImageObject\",\"inLanguage\":\"en-US\",\"@id\":\"https:\/\/mcprd.cl\/producto\/cortinas-de-lana-aislante\/#primaryimage\",\"url\":\"https:\/\/mcprd.cl\/wp-content\/uploads\/2024\/10\/cortinas-lama-aislante-1.jpg\",\"contentUrl\":\"https:\/\/mcprd.cl\/wp-content\/uploads\/2024\/10\/cortinas-lama-aislante-1.jpg\",\"width\":807,\"height\":558},{\"@type\":\"BreadcrumbList\",\"@id\":\"https:\/\/mcprd.cl\/producto\/cortinas-de-lana-aislante\/#breadcrumb\",\"itemListElement\":[{\"@type\":\"ListItem\",\"position\":1,\"name\":\"Portada\",\"item\":\"https:\/\/mcprd.cl\/\"},{\"@type\":\"ListItem\",\"position\":2,\"name\":\"Tienda\",\"item\":\"http:\/\/mcprd.cl\/en\/tienda\/\"},{\"@type\":\"ListItem\",\"position\":3,\"name\":\"CORTINAS DE LANA AISLANTE\"}]},{\"@type\":\"WebSite\",\"@id\":\"https:\/\/mcprd.cl\/en\/#website\",\"url\":\"https:\/\/mcprd.cl\/en\/\",\"name\":\"MCP Rubber Division\",\"description\":\"Productos T\u00e9cnicos de Caucho\",\"potentialAction\":[{\"@type\":\"SearchAction\",\"target\":{\"@type\":\"EntryPoint\",\"urlTemplate\":\"https:\/\/mcprd.cl\/en\/?s={search_term_string}\"},\"query-input\":{\"@type\":\"PropertyValueSpecification\",\"valueRequired\":true,\"valueName\":\"search_term_string\"}}],\"inLanguage\":\"en-US\"}]}<\/script>\n<!-- \/ Yoast SEO plugin. -->","yoast_head_json":{"title":"CORTINAS DE LANA AISLANTE - MCP Rubber Division","robots":{"index":"index","follow":"follow","max-snippet":"max-snippet:-1","max-image-preview":"max-image-preview:large","max-video-preview":"max-video-preview:-1"},"canonical":"https:\/\/mcprd.cl\/en\/product\/cortinas-de-lana-aislante\/","og_locale":"en_US","og_type":"article","og_title":"CORTINAS DE LANA AISLANTE - MCP Rubber Division","og_description":"Son paneles que proporcionan aislamiento t\u00e9rmico y ac\u00fastico en espacios interiores. Regulan la temperatura, reducen el ruido y son ecol\u00f3gicas. Disponibles en diversos colores y estilos, son utilizadas en hogares y oficinas para mejorar la comodidad y la eficiencia energ\u00e9tica.","og_url":"https:\/\/mcprd.cl\/en\/product\/cortinas-de-lana-aislante\/","og_site_name":"MCP Rubber Division","article_modified_time":"2024-12-20T20:16:27+00:00","og_image":[{"width":807,"height":558,"url":"https:\/\/mcprd.cl\/wp-content\/uploads\/2024\/10\/cortinas-lama-aislante-1.jpg","type":"image\/jpeg"}],"twitter_card":"summary_large_image","schema":{"@context":"https:\/\/schema.org","@graph":[{"@type":"WebPage","@id":"https:\/\/mcprd.cl\/producto\/cortinas-de-lana-aislante\/","url":"https:\/\/mcprd.cl\/producto\/cortinas-de-lana-aislante\/","name":"CORTINAS DE LANA AISLANTE - MCP Rubber Division","isPartOf":{"@id":"https:\/\/mcprd.cl\/en\/#website"},"primaryImageOfPage":{"@id":"https:\/\/mcprd.cl\/producto\/cortinas-de-lana-aislante\/#primaryimage"},"image":{"@id":"https:\/\/mcprd.cl\/producto\/cortinas-de-lana-aislante\/#primaryimage"},"thumbnailUrl":"https:\/\/mcprd.cl\/wp-content\/uploads\/2024\/10\/cortinas-lama-aislante-1.jpg","datePublished":"2024-10-15T15:40:04+00:00","dateModified":"2024-12-20T20:16:27+00:00","breadcrumb":{"@id":"https:\/\/mcprd.cl\/producto\/cortinas-de-lana-aislante\/#breadcrumb"},"inLanguage":"en-US","potentialAction":[{"@type":"ReadAction","target":["https:\/\/mcprd.cl\/producto\/cortinas-de-lana-aislante\/"]}]},{"@type":"ImageObject","inLanguage":"en-US","@id":"https:\/\/mcprd.cl\/producto\/cortinas-de-lana-aislante\/#primaryimage","url":"https:\/\/mcprd.cl\/wp-content\/uploads\/2024\/10\/cortinas-lama-aislante-1.jpg","contentUrl":"https:\/\/mcprd.cl\/wp-content\/uploads\/2024\/10\/cortinas-lama-aislante-1.jpg","width":807,"height":558},{"@type":"BreadcrumbList","@id":"https:\/\/mcprd.cl\/producto\/cortinas-de-lana-aislante\/#breadcrumb","itemListElement":[{"@type":"ListItem","position":1,"name":"Portada","item":"https:\/\/mcprd.cl\/"},{"@type":"ListItem","position":2,"name":"Tienda","item":"http:\/\/mcprd.cl\/en\/tienda\/"},{"@type":"ListItem","position":3,"name":"CORTINAS DE LANA AISLANTE"}]},{"@type":"WebSite","@id":"https:\/\/mcprd.cl\/en\/#website","url":"https:\/\/mcprd.cl\/en\/","name":"MCP Rubber Division","description":"Technical Rubber Products","potentialAction":[{"@type":"SearchAction","target":{"@type":"EntryPoint","urlTemplate":"https:\/\/mcprd.cl\/en\/?s={search_term_string}"},"query-input":{"@type":"PropertyValueSpecification","valueRequired":true,"valueName":"search_term_string"}}],"inLanguage":"en-US"}]}},"_links":{"self":[{"href":"https:\/\/mcprd.cl\/en\/wp-json\/wp\/v2\/product\/821","targetHints":{"allow":["GET"]}}],"collection":[{"href":"https:\/\/mcprd.cl\/en\/wp-json\/wp\/v2\/product"}],"about":[{"href":"https:\/\/mcprd.cl\/en\/wp-json\/wp\/v2\/types\/product"}],"replies":[{"embeddable":true,"href":"https:\/\/mcprd.cl\/en\/wp-json\/wp\/v2\/comments?post=821"}],"wp:featuredmedia":[{"embeddable":true,"href":"https:\/\/mcprd.cl\/en\/wp-json\/wp\/v2\/media\/822"}],"wp:attachment":[{"href":"https:\/\/mcprd.cl\/en\/wp-json\/wp\/v2\/media?parent=821"}],"wp:term":[{"taxonomy":"product_brand","embeddable":true,"href":"https:\/\/mcprd.cl\/en\/wp-json\/wp\/v2\/product_brand?post=821"},{"taxonomy":"product_cat","embeddable":true,"href":"https:\/\/mcprd.cl\/en\/wp-json\/wp\/v2\/product_cat?post=821"},{"taxonomy":"product_tag","embeddable":true,"href":"https:\/\/mcprd.cl\/en\/wp-json\/wp\/v2\/product_tag?post=821"}],"curies":[{"name":"wp","href":"https:\/\/api.w.org\/{rel}","templated":true}]}}