{"id":808,"date":"2024-10-15T17:40:03","date_gmt":"2024-10-15T15:40:03","guid":{"rendered":"https:\/\/mcprd.cl\/?post_type=product&#038;p=808"},"modified":"2024-12-20T21:14:41","modified_gmt":"2024-12-20T20:14:41","slug":"hitos-para-senalizacion","status":"publish","type":"product","link":"https:\/\/mcprd.cl\/en\/product\/hitos-para-senalizacion\/","title":{"rendered":"MILESTONES FOR SIGNALING"},"content":{"rendered":"<p>These are markers used to indicate directions, warn of hazards, and delineate areas. They are visible, usually brightly colored or reflective. They often include text or symbols to convey information and are used on roads, trails, and public spaces. They are easy to install, making them essential tools for safety and orientation in a variety of environments.<\/p>","protected":false},"excerpt":{"rendered":"<p>Son marcadores utilizados para indicar direcciones, advertir sobre peligros y delimitar \u00e1reas. Son visibles, generalmente de colores brillantes o reflectantes. Suelen incluir texto o s\u00edmbolos para transmitir informaci\u00f3n y se utilizan en carreteras, senderos y espacios p\u00fablicos. Su instalaci\u00f3n es sencilla, lo que los convierte en herramientas esenciales para la seguridad y la orientaci\u00f3n en [&hellip;]<\/p>\n","protected":false},"featured_media":809,"comment_status":"closed","ping_status":"closed","template":"","meta":{"_acf_changed":false,"_et_pb_use_builder":"","_et_pb_old_content":"","_et_gb_content_width":"","_joinchat":[]},"product_brand":[],"product_cat":[56],"product_tag":[],"class_list":{"0":"post-808","1":"product","2":"type-product","3":"status-publish","4":"has-post-thumbnail","6":"product_cat-ninguna","8":"first","9":"instock","10":"shipping-taxable","11":"product-type-simple"},"acf":[],"yoast_head":"<!-- This site is optimized with the Yoast SEO plugin v26.2 - https:\/\/yoast.com\/wordpress\/plugins\/seo\/ -->\n<title>HITOS PARA SE\u00d1ALIZACI\u00d3N - MCP Rubber Division<\/title>\n<meta name=\"robots\" content=\"index, follow, max-snippet:-1, max-image-preview:large, max-video-preview:-1\" \/>\n<link rel=\"canonical\" href=\"https:\/\/mcprd.cl\/en\/product\/hitos-para-senalizacion\/\" \/>\n<meta property=\"og:locale\" content=\"en_US\" \/>\n<meta property=\"og:type\" content=\"article\" \/>\n<meta property=\"og:title\" content=\"HITOS PARA SE\u00d1ALIZACI\u00d3N - MCP Rubber Division\" \/>\n<meta property=\"og:description\" content=\"Son marcadores utilizados para indicar direcciones, advertir sobre peligros y delimitar \u00e1reas. Son visibles, generalmente de colores brillantes o reflectantes. Suelen incluir texto o s\u00edmbolos para transmitir informaci\u00f3n y se utilizan en carreteras, senderos y espacios p\u00fablicos. Su instalaci\u00f3n es sencilla, lo que los convierte en herramientas esenciales para la seguridad y la orientaci\u00f3n en [&hellip;]\" \/>\n<meta property=\"og:url\" content=\"https:\/\/mcprd.cl\/en\/product\/hitos-para-senalizacion\/\" \/>\n<meta property=\"og:site_name\" content=\"MCP Rubber Division\" \/>\n<meta property=\"article:modified_time\" content=\"2024-12-20T20:14:41+00:00\" \/>\n<meta property=\"og:image\" content=\"https:\/\/mcprd.cl\/wp-content\/uploads\/2024\/10\/hitos-para-senalizacion-1.jpg\" \/>\n\t<meta property=\"og:image:width\" content=\"747\" \/>\n\t<meta property=\"og:image:height\" content=\"503\" \/>\n\t<meta property=\"og:image:type\" content=\"image\/jpeg\" \/>\n<meta name=\"twitter:card\" content=\"summary_large_image\" \/>\n<script type=\"application\/ld+json\" class=\"yoast-schema-graph\">{\"@context\":\"https:\/\/schema.org\",\"@graph\":[{\"@type\":\"WebPage\",\"@id\":\"https:\/\/mcprd.cl\/producto\/hitos-para-senalizacion\/\",\"url\":\"https:\/\/mcprd.cl\/producto\/hitos-para-senalizacion\/\",\"name\":\"HITOS PARA SE\u00d1ALIZACI\u00d3N - MCP Rubber Division\",\"isPartOf\":{\"@id\":\"https:\/\/mcprd.cl\/en\/#website\"},\"primaryImageOfPage\":{\"@id\":\"https:\/\/mcprd.cl\/producto\/hitos-para-senalizacion\/#primaryimage\"},\"image\":{\"@id\":\"https:\/\/mcprd.cl\/producto\/hitos-para-senalizacion\/#primaryimage\"},\"thumbnailUrl\":\"https:\/\/mcprd.cl\/wp-content\/uploads\/2024\/10\/hitos-para-senalizacion-1.jpg\",\"datePublished\":\"2024-10-15T15:40:03+00:00\",\"dateModified\":\"2024-12-20T20:14:41+00:00\",\"breadcrumb\":{\"@id\":\"https:\/\/mcprd.cl\/producto\/hitos-para-senalizacion\/#breadcrumb\"},\"inLanguage\":\"en-US\",\"potentialAction\":[{\"@type\":\"ReadAction\",\"target\":[\"https:\/\/mcprd.cl\/producto\/hitos-para-senalizacion\/\"]}]},{\"@type\":\"ImageObject\",\"inLanguage\":\"en-US\",\"@id\":\"https:\/\/mcprd.cl\/producto\/hitos-para-senalizacion\/#primaryimage\",\"url\":\"https:\/\/mcprd.cl\/wp-content\/uploads\/2024\/10\/hitos-para-senalizacion-1.jpg\",\"contentUrl\":\"https:\/\/mcprd.cl\/wp-content\/uploads\/2024\/10\/hitos-para-senalizacion-1.jpg\",\"width\":747,\"height\":503},{\"@type\":\"BreadcrumbList\",\"@id\":\"https:\/\/mcprd.cl\/producto\/hitos-para-senalizacion\/#breadcrumb\",\"itemListElement\":[{\"@type\":\"ListItem\",\"position\":1,\"name\":\"Portada\",\"item\":\"https:\/\/mcprd.cl\/\"},{\"@type\":\"ListItem\",\"position\":2,\"name\":\"Tienda\",\"item\":\"http:\/\/mcprd.cl\/en\/tienda\/\"},{\"@type\":\"ListItem\",\"position\":3,\"name\":\"HITOS PARA SE\u00d1ALIZACI\u00d3N\"}]},{\"@type\":\"WebSite\",\"@id\":\"https:\/\/mcprd.cl\/en\/#website\",\"url\":\"https:\/\/mcprd.cl\/en\/\",\"name\":\"MCP Rubber Division\",\"description\":\"Productos T\u00e9cnicos de Caucho\",\"potentialAction\":[{\"@type\":\"SearchAction\",\"target\":{\"@type\":\"EntryPoint\",\"urlTemplate\":\"https:\/\/mcprd.cl\/en\/?s={search_term_string}\"},\"query-input\":{\"@type\":\"PropertyValueSpecification\",\"valueRequired\":true,\"valueName\":\"search_term_string\"}}],\"inLanguage\":\"en-US\"}]}<\/script>\n<!-- \/ Yoast SEO plugin. -->","yoast_head_json":{"title":"HITOS PARA SE\u00d1ALIZACI\u00d3N - MCP Rubber Division","robots":{"index":"index","follow":"follow","max-snippet":"max-snippet:-1","max-image-preview":"max-image-preview:large","max-video-preview":"max-video-preview:-1"},"canonical":"https:\/\/mcprd.cl\/en\/product\/hitos-para-senalizacion\/","og_locale":"en_US","og_type":"article","og_title":"HITOS PARA SE\u00d1ALIZACI\u00d3N - MCP Rubber Division","og_description":"Son marcadores utilizados para indicar direcciones, advertir sobre peligros y delimitar \u00e1reas. Son visibles, generalmente de colores brillantes o reflectantes. Suelen incluir texto o s\u00edmbolos para transmitir informaci\u00f3n y se utilizan en carreteras, senderos y espacios p\u00fablicos. Su instalaci\u00f3n es sencilla, lo que los convierte en herramientas esenciales para la seguridad y la orientaci\u00f3n en [&hellip;]","og_url":"https:\/\/mcprd.cl\/en\/product\/hitos-para-senalizacion\/","og_site_name":"MCP Rubber Division","article_modified_time":"2024-12-20T20:14:41+00:00","og_image":[{"width":747,"height":503,"url":"https:\/\/mcprd.cl\/wp-content\/uploads\/2024\/10\/hitos-para-senalizacion-1.jpg","type":"image\/jpeg"}],"twitter_card":"summary_large_image","schema":{"@context":"https:\/\/schema.org","@graph":[{"@type":"WebPage","@id":"https:\/\/mcprd.cl\/producto\/hitos-para-senalizacion\/","url":"https:\/\/mcprd.cl\/producto\/hitos-para-senalizacion\/","name":"HITOS PARA SE\u00d1ALIZACI\u00d3N - MCP Rubber Division","isPartOf":{"@id":"https:\/\/mcprd.cl\/en\/#website"},"primaryImageOfPage":{"@id":"https:\/\/mcprd.cl\/producto\/hitos-para-senalizacion\/#primaryimage"},"image":{"@id":"https:\/\/mcprd.cl\/producto\/hitos-para-senalizacion\/#primaryimage"},"thumbnailUrl":"https:\/\/mcprd.cl\/wp-content\/uploads\/2024\/10\/hitos-para-senalizacion-1.jpg","datePublished":"2024-10-15T15:40:03+00:00","dateModified":"2024-12-20T20:14:41+00:00","breadcrumb":{"@id":"https:\/\/mcprd.cl\/producto\/hitos-para-senalizacion\/#breadcrumb"},"inLanguage":"en-US","potentialAction":[{"@type":"ReadAction","target":["https:\/\/mcprd.cl\/producto\/hitos-para-senalizacion\/"]}]},{"@type":"ImageObject","inLanguage":"en-US","@id":"https:\/\/mcprd.cl\/producto\/hitos-para-senalizacion\/#primaryimage","url":"https:\/\/mcprd.cl\/wp-content\/uploads\/2024\/10\/hitos-para-senalizacion-1.jpg","contentUrl":"https:\/\/mcprd.cl\/wp-content\/uploads\/2024\/10\/hitos-para-senalizacion-1.jpg","width":747,"height":503},{"@type":"BreadcrumbList","@id":"https:\/\/mcprd.cl\/producto\/hitos-para-senalizacion\/#breadcrumb","itemListElement":[{"@type":"ListItem","position":1,"name":"Portada","item":"https:\/\/mcprd.cl\/"},{"@type":"ListItem","position":2,"name":"Tienda","item":"http:\/\/mcprd.cl\/en\/tienda\/"},{"@type":"ListItem","position":3,"name":"HITOS PARA SE\u00d1ALIZACI\u00d3N"}]},{"@type":"WebSite","@id":"https:\/\/mcprd.cl\/en\/#website","url":"https:\/\/mcprd.cl\/en\/","name":"MCP Rubber Division","description":"Technical Rubber Products","potentialAction":[{"@type":"SearchAction","target":{"@type":"EntryPoint","urlTemplate":"https:\/\/mcprd.cl\/en\/?s={search_term_string}"},"query-input":{"@type":"PropertyValueSpecification","valueRequired":true,"valueName":"search_term_string"}}],"inLanguage":"en-US"}]}},"_links":{"self":[{"href":"https:\/\/mcprd.cl\/en\/wp-json\/wp\/v2\/product\/808","targetHints":{"allow":["GET"]}}],"collection":[{"href":"https:\/\/mcprd.cl\/en\/wp-json\/wp\/v2\/product"}],"about":[{"href":"https:\/\/mcprd.cl\/en\/wp-json\/wp\/v2\/types\/product"}],"replies":[{"embeddable":true,"href":"https:\/\/mcprd.cl\/en\/wp-json\/wp\/v2\/comments?post=808"}],"wp:featuredmedia":[{"embeddable":true,"href":"https:\/\/mcprd.cl\/en\/wp-json\/wp\/v2\/media\/809"}],"wp:attachment":[{"href":"https:\/\/mcprd.cl\/en\/wp-json\/wp\/v2\/media?parent=808"}],"wp:term":[{"taxonomy":"product_brand","embeddable":true,"href":"https:\/\/mcprd.cl\/en\/wp-json\/wp\/v2\/product_brand?post=808"},{"taxonomy":"product_cat","embeddable":true,"href":"https:\/\/mcprd.cl\/en\/wp-json\/wp\/v2\/product_cat?post=808"},{"taxonomy":"product_tag","embeddable":true,"href":"https:\/\/mcprd.cl\/en\/wp-json\/wp\/v2\/product_tag?post=808"}],"curies":[{"name":"wp","href":"https:\/\/api.w.org\/{rel}","templated":true}]}}