{"id":771,"date":"2024-10-15T17:39:59","date_gmt":"2024-10-15T15:39:59","guid":{"rendered":"https:\/\/mcprd.cl\/?post_type=product&#038;p=771"},"modified":"2024-12-20T21:17:32","modified_gmt":"2024-12-20T20:17:32","slug":"pastelon-de-goma","status":"publish","type":"product","link":"https:\/\/mcprd.cl\/en\/product\/pastelon-de-goma\/","title":{"rendered":"RUBBER CAKE"},"content":{"rendered":"<p>It is a stretchy, flexible material used in arts and crafts. It is versatile, easy to shape and cut, and available in several vibrant colors. Its soft texture and durability make it ideal for creative projects in education, art, and toy making.<\/p>","protected":false},"excerpt":{"rendered":"<p>It is a stretchy, flexible material used in arts and crafts. It is versatile, easy to shape and cut, and available in several vibrant colors. Its soft texture and durability make it ideal for creative projects in education, art, and toy making.<\/p>","protected":false},"featured_media":772,"comment_status":"closed","ping_status":"closed","template":"","meta":{"_acf_changed":false,"_et_pb_use_builder":"","_et_pb_old_content":"","_et_gb_content_width":"","_joinchat":[]},"product_brand":[],"product_cat":[56],"product_tag":[],"class_list":{"0":"post-771","1":"product","2":"type-product","3":"status-publish","4":"has-post-thumbnail","6":"product_cat-ninguna","8":"first","9":"instock","10":"shipping-taxable","11":"product-type-simple"},"acf":[],"yoast_head":"<!-- This site is optimized with the Yoast SEO plugin v26.2 - https:\/\/yoast.com\/wordpress\/plugins\/seo\/ -->\n<title>PASTELON DE GOMA - MCP Rubber Division<\/title>\n<meta name=\"robots\" content=\"index, follow, max-snippet:-1, max-image-preview:large, max-video-preview:-1\" \/>\n<link rel=\"canonical\" href=\"https:\/\/mcprd.cl\/en\/product\/pastelon-de-goma\/\" \/>\n<meta property=\"og:locale\" content=\"en_US\" \/>\n<meta property=\"og:type\" content=\"article\" \/>\n<meta property=\"og:title\" content=\"PASTELON DE GOMA - MCP Rubber Division\" \/>\n<meta property=\"og:description\" content=\"Es un material el\u00e1stico y flexible utilizado en manualidades y artesan\u00edas. Es vers\u00e1til, f\u00e1cil de moldear y cortar, y disponible en varios colores vibrantes. Su textura suave y durabilidad lo hacen ideal para proyectos creativos en educaci\u00f3n, arte y fabricaci\u00f3n de juguetes.\" \/>\n<meta property=\"og:url\" content=\"https:\/\/mcprd.cl\/en\/product\/pastelon-de-goma\/\" \/>\n<meta property=\"og:site_name\" content=\"MCP Rubber Division\" \/>\n<meta property=\"article:modified_time\" content=\"2024-12-20T20:17:32+00:00\" \/>\n<meta property=\"og:image\" content=\"https:\/\/mcprd.cl\/wp-content\/uploads\/2024\/10\/pastelon-de-goma-1.jpg\" \/>\n\t<meta property=\"og:image:width\" content=\"778\" \/>\n\t<meta property=\"og:image:height\" content=\"559\" \/>\n\t<meta property=\"og:image:type\" content=\"image\/jpeg\" \/>\n<meta name=\"twitter:card\" content=\"summary_large_image\" \/>\n<script type=\"application\/ld+json\" class=\"yoast-schema-graph\">{\"@context\":\"https:\/\/schema.org\",\"@graph\":[{\"@type\":\"WebPage\",\"@id\":\"https:\/\/mcprd.cl\/en\/product\/pastelon-de-goma\/\",\"url\":\"https:\/\/mcprd.cl\/en\/product\/pastelon-de-goma\/\",\"name\":\"PASTELON DE GOMA - MCP Rubber Division\",\"isPartOf\":{\"@id\":\"https:\/\/mcprd.cl\/en\/#website\"},\"primaryImageOfPage\":{\"@id\":\"https:\/\/mcprd.cl\/en\/product\/pastelon-de-goma\/#primaryimage\"},\"image\":{\"@id\":\"https:\/\/mcprd.cl\/en\/product\/pastelon-de-goma\/#primaryimage\"},\"thumbnailUrl\":\"https:\/\/mcprd.cl\/wp-content\/uploads\/2024\/10\/pastelon-de-goma-1.jpg\",\"datePublished\":\"2024-10-15T15:39:59+00:00\",\"dateModified\":\"2024-12-20T20:17:32+00:00\",\"breadcrumb\":{\"@id\":\"https:\/\/mcprd.cl\/en\/product\/pastelon-de-goma\/#breadcrumb\"},\"inLanguage\":\"en-US\",\"potentialAction\":[{\"@type\":\"ReadAction\",\"target\":[\"https:\/\/mcprd.cl\/en\/product\/pastelon-de-goma\/\"]}]},{\"@type\":\"ImageObject\",\"inLanguage\":\"en-US\",\"@id\":\"https:\/\/mcprd.cl\/en\/product\/pastelon-de-goma\/#primaryimage\",\"url\":\"https:\/\/mcprd.cl\/wp-content\/uploads\/2024\/10\/pastelon-de-goma-1.jpg\",\"contentUrl\":\"https:\/\/mcprd.cl\/wp-content\/uploads\/2024\/10\/pastelon-de-goma-1.jpg\",\"width\":778,\"height\":559},{\"@type\":\"BreadcrumbList\",\"@id\":\"https:\/\/mcprd.cl\/en\/product\/pastelon-de-goma\/#breadcrumb\",\"itemListElement\":[{\"@type\":\"ListItem\",\"position\":1,\"name\":\"Portada\",\"item\":\"https:\/\/mcprd.cl\/\"},{\"@type\":\"ListItem\",\"position\":2,\"name\":\"Tienda\",\"item\":\"http:\/\/mcprd.cl\/en\/tienda\/\"},{\"@type\":\"ListItem\",\"position\":3,\"name\":\"PASTELON DE GOMA\"}]},{\"@type\":\"WebSite\",\"@id\":\"https:\/\/mcprd.cl\/en\/#website\",\"url\":\"https:\/\/mcprd.cl\/en\/\",\"name\":\"MCP Rubber Division\",\"description\":\"Productos T\u00e9cnicos de Caucho\",\"potentialAction\":[{\"@type\":\"SearchAction\",\"target\":{\"@type\":\"EntryPoint\",\"urlTemplate\":\"https:\/\/mcprd.cl\/en\/?s={search_term_string}\"},\"query-input\":{\"@type\":\"PropertyValueSpecification\",\"valueRequired\":true,\"valueName\":\"search_term_string\"}}],\"inLanguage\":\"en-US\"}]}<\/script>\n<!-- \/ Yoast SEO plugin. -->","yoast_head_json":{"title":"PASTELON DE GOMA - MCP Rubber Division","robots":{"index":"index","follow":"follow","max-snippet":"max-snippet:-1","max-image-preview":"max-image-preview:large","max-video-preview":"max-video-preview:-1"},"canonical":"https:\/\/mcprd.cl\/en\/product\/pastelon-de-goma\/","og_locale":"en_US","og_type":"article","og_title":"PASTELON DE GOMA - MCP Rubber Division","og_description":"Es un material el\u00e1stico y flexible utilizado en manualidades y artesan\u00edas. Es vers\u00e1til, f\u00e1cil de moldear y cortar, y disponible en varios colores vibrantes. Su textura suave y durabilidad lo hacen ideal para proyectos creativos en educaci\u00f3n, arte y fabricaci\u00f3n de juguetes.","og_url":"https:\/\/mcprd.cl\/en\/product\/pastelon-de-goma\/","og_site_name":"MCP Rubber Division","article_modified_time":"2024-12-20T20:17:32+00:00","og_image":[{"width":778,"height":559,"url":"https:\/\/mcprd.cl\/wp-content\/uploads\/2024\/10\/pastelon-de-goma-1.jpg","type":"image\/jpeg"}],"twitter_card":"summary_large_image","schema":{"@context":"https:\/\/schema.org","@graph":[{"@type":"WebPage","@id":"https:\/\/mcprd.cl\/en\/product\/pastelon-de-goma\/","url":"https:\/\/mcprd.cl\/en\/product\/pastelon-de-goma\/","name":"PASTELON DE GOMA - MCP Rubber Division","isPartOf":{"@id":"https:\/\/mcprd.cl\/en\/#website"},"primaryImageOfPage":{"@id":"https:\/\/mcprd.cl\/en\/product\/pastelon-de-goma\/#primaryimage"},"image":{"@id":"https:\/\/mcprd.cl\/en\/product\/pastelon-de-goma\/#primaryimage"},"thumbnailUrl":"https:\/\/mcprd.cl\/wp-content\/uploads\/2024\/10\/pastelon-de-goma-1.jpg","datePublished":"2024-10-15T15:39:59+00:00","dateModified":"2024-12-20T20:17:32+00:00","breadcrumb":{"@id":"https:\/\/mcprd.cl\/en\/product\/pastelon-de-goma\/#breadcrumb"},"inLanguage":"en-US","potentialAction":[{"@type":"ReadAction","target":["https:\/\/mcprd.cl\/en\/product\/pastelon-de-goma\/"]}]},{"@type":"ImageObject","inLanguage":"en-US","@id":"https:\/\/mcprd.cl\/en\/product\/pastelon-de-goma\/#primaryimage","url":"https:\/\/mcprd.cl\/wp-content\/uploads\/2024\/10\/pastelon-de-goma-1.jpg","contentUrl":"https:\/\/mcprd.cl\/wp-content\/uploads\/2024\/10\/pastelon-de-goma-1.jpg","width":778,"height":559},{"@type":"BreadcrumbList","@id":"https:\/\/mcprd.cl\/en\/product\/pastelon-de-goma\/#breadcrumb","itemListElement":[{"@type":"ListItem","position":1,"name":"Portada","item":"https:\/\/mcprd.cl\/"},{"@type":"ListItem","position":2,"name":"Tienda","item":"http:\/\/mcprd.cl\/en\/tienda\/"},{"@type":"ListItem","position":3,"name":"PASTELON DE GOMA"}]},{"@type":"WebSite","@id":"https:\/\/mcprd.cl\/en\/#website","url":"https:\/\/mcprd.cl\/en\/","name":"MCP Rubber Division","description":"Technical Rubber Products","potentialAction":[{"@type":"SearchAction","target":{"@type":"EntryPoint","urlTemplate":"https:\/\/mcprd.cl\/en\/?s={search_term_string}"},"query-input":{"@type":"PropertyValueSpecification","valueRequired":true,"valueName":"search_term_string"}}],"inLanguage":"en-US"}]}},"_links":{"self":[{"href":"https:\/\/mcprd.cl\/en\/wp-json\/wp\/v2\/product\/771","targetHints":{"allow":["GET"]}}],"collection":[{"href":"https:\/\/mcprd.cl\/en\/wp-json\/wp\/v2\/product"}],"about":[{"href":"https:\/\/mcprd.cl\/en\/wp-json\/wp\/v2\/types\/product"}],"replies":[{"embeddable":true,"href":"https:\/\/mcprd.cl\/en\/wp-json\/wp\/v2\/comments?post=771"}],"wp:featuredmedia":[{"embeddable":true,"href":"https:\/\/mcprd.cl\/en\/wp-json\/wp\/v2\/media\/772"}],"wp:attachment":[{"href":"https:\/\/mcprd.cl\/en\/wp-json\/wp\/v2\/media?parent=771"}],"wp:term":[{"taxonomy":"product_brand","embeddable":true,"href":"https:\/\/mcprd.cl\/en\/wp-json\/wp\/v2\/product_brand?post=771"},{"taxonomy":"product_cat","embeddable":true,"href":"https:\/\/mcprd.cl\/en\/wp-json\/wp\/v2\/product_cat?post=771"},{"taxonomy":"product_tag","embeddable":true,"href":"https:\/\/mcprd.cl\/en\/wp-json\/wp\/v2\/product_tag?post=771"}],"curies":[{"name":"wp","href":"https:\/\/api.w.org\/{rel}","templated":true}]}}