{"id":743,"date":"2024-10-15T17:39:54","date_gmt":"2024-10-15T15:39:54","guid":{"rendered":"https:\/\/mcprd.cl\/?post_type=product&#038;p=743"},"modified":"2024-12-20T21:18:47","modified_gmt":"2024-12-20T20:18:47","slug":"piso-pvc-cubrealfombra","status":"publish","type":"product","link":"https:\/\/mcprd.cl\/en\/product\/piso-pvc-cubrealfombra\/","title":{"rendered":"PVC FLOOR CARPET COVER"},"content":{"rendered":"<p>It is a covering designed to cover and protect existing carpets. It offers a barrier against wear and stains, is easy to clean and installs without adhesives. Available in various colors and patterns, it is ideal for high traffic areas such as offices and hallways, keeping carpets in good condition while providing durability.<\/p>","protected":false},"excerpt":{"rendered":"<p>It is a covering designed to cover and protect existing carpets. It offers a barrier against wear and stains, is easy to clean and installs without adhesives. Available in various colors and patterns, it is ideal for high traffic areas such as offices and hallways, keeping carpets in good condition while providing durability.<\/p>","protected":false},"featured_media":744,"comment_status":"closed","ping_status":"closed","template":"","meta":{"_acf_changed":false,"_et_pb_use_builder":"","_et_pb_old_content":"","_et_gb_content_width":"","_joinchat":[]},"product_brand":[],"product_cat":[56],"product_tag":[],"class_list":{"0":"post-743","1":"product","2":"type-product","3":"status-publish","4":"has-post-thumbnail","6":"product_cat-ninguna","8":"first","9":"instock","10":"shipping-taxable","11":"product-type-simple"},"acf":[],"yoast_head":"<!-- This site is optimized with the Yoast SEO plugin v26.2 - https:\/\/yoast.com\/wordpress\/plugins\/seo\/ -->\n<title>PISO PVC CUBREALFOMBRA - MCP Rubber Division<\/title>\n<meta name=\"robots\" content=\"index, follow, max-snippet:-1, max-image-preview:large, max-video-preview:-1\" \/>\n<link rel=\"canonical\" href=\"https:\/\/mcprd.cl\/en\/product\/piso-pvc-cubrealfombra\/\" \/>\n<meta property=\"og:locale\" content=\"en_US\" \/>\n<meta property=\"og:type\" content=\"article\" \/>\n<meta property=\"og:title\" content=\"PISO PVC CUBREALFOMBRA - MCP Rubber Division\" \/>\n<meta property=\"og:description\" content=\"Es un revestimiento dise\u00f1ado para cubrir y proteger alfombras existentes. Ofrece una barrera contra el desgaste y manchas, es f\u00e1cil de limpiar y se instala sin adhesivos. Disponible en diversos colores y patrones, es ideal para \u00e1reas de alto tr\u00e1fico como oficinas y pasillos, manteniendo las alfombras en buen estado mientras proporciona durabilidad.\" \/>\n<meta property=\"og:url\" content=\"https:\/\/mcprd.cl\/en\/product\/piso-pvc-cubrealfombra\/\" \/>\n<meta property=\"og:site_name\" content=\"MCP Rubber Division\" \/>\n<meta property=\"article:modified_time\" content=\"2024-12-20T20:18:47+00:00\" \/>\n<meta property=\"og:image\" content=\"https:\/\/mcprd.cl\/wp-content\/uploads\/2024\/10\/piso-pvc-cubrealfombra-1.jpg\" \/>\n\t<meta property=\"og:image:width\" content=\"709\" \/>\n\t<meta property=\"og:image:height\" content=\"464\" \/>\n\t<meta property=\"og:image:type\" content=\"image\/jpeg\" \/>\n<meta name=\"twitter:card\" content=\"summary_large_image\" \/>\n<script type=\"application\/ld+json\" class=\"yoast-schema-graph\">{\"@context\":\"https:\/\/schema.org\",\"@graph\":[{\"@type\":\"WebPage\",\"@id\":\"https:\/\/mcprd.cl\/producto\/piso-pvc-cubrealfombra\/\",\"url\":\"https:\/\/mcprd.cl\/producto\/piso-pvc-cubrealfombra\/\",\"name\":\"PISO PVC CUBREALFOMBRA - MCP Rubber Division\",\"isPartOf\":{\"@id\":\"https:\/\/mcprd.cl\/en\/#website\"},\"primaryImageOfPage\":{\"@id\":\"https:\/\/mcprd.cl\/producto\/piso-pvc-cubrealfombra\/#primaryimage\"},\"image\":{\"@id\":\"https:\/\/mcprd.cl\/producto\/piso-pvc-cubrealfombra\/#primaryimage\"},\"thumbnailUrl\":\"https:\/\/mcprd.cl\/wp-content\/uploads\/2024\/10\/piso-pvc-cubrealfombra-1.jpg\",\"datePublished\":\"2024-10-15T15:39:54+00:00\",\"dateModified\":\"2024-12-20T20:18:47+00:00\",\"breadcrumb\":{\"@id\":\"https:\/\/mcprd.cl\/producto\/piso-pvc-cubrealfombra\/#breadcrumb\"},\"inLanguage\":\"en-US\",\"potentialAction\":[{\"@type\":\"ReadAction\",\"target\":[\"https:\/\/mcprd.cl\/producto\/piso-pvc-cubrealfombra\/\"]}]},{\"@type\":\"ImageObject\",\"inLanguage\":\"en-US\",\"@id\":\"https:\/\/mcprd.cl\/producto\/piso-pvc-cubrealfombra\/#primaryimage\",\"url\":\"https:\/\/mcprd.cl\/wp-content\/uploads\/2024\/10\/piso-pvc-cubrealfombra-1.jpg\",\"contentUrl\":\"https:\/\/mcprd.cl\/wp-content\/uploads\/2024\/10\/piso-pvc-cubrealfombra-1.jpg\",\"width\":709,\"height\":464},{\"@type\":\"BreadcrumbList\",\"@id\":\"https:\/\/mcprd.cl\/producto\/piso-pvc-cubrealfombra\/#breadcrumb\",\"itemListElement\":[{\"@type\":\"ListItem\",\"position\":1,\"name\":\"Portada\",\"item\":\"https:\/\/mcprd.cl\/\"},{\"@type\":\"ListItem\",\"position\":2,\"name\":\"Tienda\",\"item\":\"http:\/\/mcprd.cl\/en\/tienda\/\"},{\"@type\":\"ListItem\",\"position\":3,\"name\":\"PISO PVC CUBREALFOMBRA\"}]},{\"@type\":\"WebSite\",\"@id\":\"https:\/\/mcprd.cl\/en\/#website\",\"url\":\"https:\/\/mcprd.cl\/en\/\",\"name\":\"MCP Rubber Division\",\"description\":\"Productos T\u00e9cnicos de Caucho\",\"potentialAction\":[{\"@type\":\"SearchAction\",\"target\":{\"@type\":\"EntryPoint\",\"urlTemplate\":\"https:\/\/mcprd.cl\/en\/?s={search_term_string}\"},\"query-input\":{\"@type\":\"PropertyValueSpecification\",\"valueRequired\":true,\"valueName\":\"search_term_string\"}}],\"inLanguage\":\"en-US\"}]}<\/script>\n<!-- \/ Yoast SEO plugin. -->","yoast_head_json":{"title":"PVC FLOOR CARPET COVER - MCP Rubber Division","robots":{"index":"index","follow":"follow","max-snippet":"max-snippet:-1","max-image-preview":"max-image-preview:large","max-video-preview":"max-video-preview:-1"},"canonical":"https:\/\/mcprd.cl\/en\/product\/piso-pvc-cubrealfombra\/","og_locale":"en_US","og_type":"article","og_title":"PISO PVC CUBREALFOMBRA - MCP Rubber Division","og_description":"Es un revestimiento dise\u00f1ado para cubrir y proteger alfombras existentes. Ofrece una barrera contra el desgaste y manchas, es f\u00e1cil de limpiar y se instala sin adhesivos. Disponible en diversos colores y patrones, es ideal para \u00e1reas de alto tr\u00e1fico como oficinas y pasillos, manteniendo las alfombras en buen estado mientras proporciona durabilidad.","og_url":"https:\/\/mcprd.cl\/en\/product\/piso-pvc-cubrealfombra\/","og_site_name":"MCP Rubber Division","article_modified_time":"2024-12-20T20:18:47+00:00","og_image":[{"width":709,"height":464,"url":"https:\/\/mcprd.cl\/wp-content\/uploads\/2024\/10\/piso-pvc-cubrealfombra-1.jpg","type":"image\/jpeg"}],"twitter_card":"summary_large_image","schema":{"@context":"https:\/\/schema.org","@graph":[{"@type":"WebPage","@id":"https:\/\/mcprd.cl\/producto\/piso-pvc-cubrealfombra\/","url":"https:\/\/mcprd.cl\/producto\/piso-pvc-cubrealfombra\/","name":"PVC FLOOR CARPET COVER - MCP Rubber Division","isPartOf":{"@id":"https:\/\/mcprd.cl\/en\/#website"},"primaryImageOfPage":{"@id":"https:\/\/mcprd.cl\/producto\/piso-pvc-cubrealfombra\/#primaryimage"},"image":{"@id":"https:\/\/mcprd.cl\/producto\/piso-pvc-cubrealfombra\/#primaryimage"},"thumbnailUrl":"https:\/\/mcprd.cl\/wp-content\/uploads\/2024\/10\/piso-pvc-cubrealfombra-1.jpg","datePublished":"2024-10-15T15:39:54+00:00","dateModified":"2024-12-20T20:18:47+00:00","breadcrumb":{"@id":"https:\/\/mcprd.cl\/producto\/piso-pvc-cubrealfombra\/#breadcrumb"},"inLanguage":"en-US","potentialAction":[{"@type":"ReadAction","target":["https:\/\/mcprd.cl\/producto\/piso-pvc-cubrealfombra\/"]}]},{"@type":"ImageObject","inLanguage":"en-US","@id":"https:\/\/mcprd.cl\/producto\/piso-pvc-cubrealfombra\/#primaryimage","url":"https:\/\/mcprd.cl\/wp-content\/uploads\/2024\/10\/piso-pvc-cubrealfombra-1.jpg","contentUrl":"https:\/\/mcprd.cl\/wp-content\/uploads\/2024\/10\/piso-pvc-cubrealfombra-1.jpg","width":709,"height":464},{"@type":"BreadcrumbList","@id":"https:\/\/mcprd.cl\/producto\/piso-pvc-cubrealfombra\/#breadcrumb","itemListElement":[{"@type":"ListItem","position":1,"name":"Portada","item":"https:\/\/mcprd.cl\/"},{"@type":"ListItem","position":2,"name":"Tienda","item":"http:\/\/mcprd.cl\/en\/tienda\/"},{"@type":"ListItem","position":3,"name":"PISO PVC CUBREALFOMBRA"}]},{"@type":"WebSite","@id":"https:\/\/mcprd.cl\/en\/#website","url":"https:\/\/mcprd.cl\/en\/","name":"MCP Rubber Division","description":"Technical Rubber Products","potentialAction":[{"@type":"SearchAction","target":{"@type":"EntryPoint","urlTemplate":"https:\/\/mcprd.cl\/en\/?s={search_term_string}"},"query-input":{"@type":"PropertyValueSpecification","valueRequired":true,"valueName":"search_term_string"}}],"inLanguage":"en-US"}]}},"_links":{"self":[{"href":"https:\/\/mcprd.cl\/en\/wp-json\/wp\/v2\/product\/743","targetHints":{"allow":["GET"]}}],"collection":[{"href":"https:\/\/mcprd.cl\/en\/wp-json\/wp\/v2\/product"}],"about":[{"href":"https:\/\/mcprd.cl\/en\/wp-json\/wp\/v2\/types\/product"}],"replies":[{"embeddable":true,"href":"https:\/\/mcprd.cl\/en\/wp-json\/wp\/v2\/comments?post=743"}],"wp:featuredmedia":[{"embeddable":true,"href":"https:\/\/mcprd.cl\/en\/wp-json\/wp\/v2\/media\/744"}],"wp:attachment":[{"href":"https:\/\/mcprd.cl\/en\/wp-json\/wp\/v2\/media?parent=743"}],"wp:term":[{"taxonomy":"product_brand","embeddable":true,"href":"https:\/\/mcprd.cl\/en\/wp-json\/wp\/v2\/product_brand?post=743"},{"taxonomy":"product_cat","embeddable":true,"href":"https:\/\/mcprd.cl\/en\/wp-json\/wp\/v2\/product_cat?post=743"},{"taxonomy":"product_tag","embeddable":true,"href":"https:\/\/mcprd.cl\/en\/wp-json\/wp\/v2\/product_tag?post=743"}],"curies":[{"name":"wp","href":"https:\/\/api.w.org\/{rel}","templated":true}]}}