{"id":697,"date":"2024-10-15T17:39:51","date_gmt":"2024-10-15T15:39:51","guid":{"rendered":"https:\/\/mcprd.cl\/?post_type=product&#038;p=697"},"modified":"2024-12-20T21:20:11","modified_gmt":"2024-12-20T20:20:11","slug":"tapones-de-caucho-con-argollas-acero-inoxidable","status":"publish","type":"product","link":"https:\/\/mcprd.cl\/en\/product\/tapones-de-caucho-con-argollas-acero-inoxidable\/","title":{"rendered":"RUBBER PLUGS WITH STAINLESS STEEL RINGS"},"content":{"rendered":"<p>These are devices that seal openings in pipes and containers. The rubber offers flexibility and chemical resistance, while the stainless steel rings ensure durability and corrosion resistance. They are commonly used in industrial and laboratory applications for effective sealing.<\/p>","protected":false},"excerpt":{"rendered":"<p>These are devices that seal openings in pipes and containers. The rubber offers flexibility and chemical resistance, while the stainless steel rings ensure durability and corrosion resistance. They are commonly used in industrial and laboratory applications for effective sealing.<\/p>","protected":false},"featured_media":951,"comment_status":"closed","ping_status":"closed","template":"","meta":{"_acf_changed":false,"_et_pb_use_builder":"","_et_pb_old_content":"","_et_gb_content_width":"","_joinchat":[]},"product_brand":[],"product_cat":[56],"product_tag":[],"class_list":{"0":"post-697","1":"product","2":"type-product","3":"status-publish","4":"has-post-thumbnail","6":"product_cat-ninguna","8":"first","9":"instock","10":"shipping-taxable","11":"product-type-simple"},"acf":[],"yoast_head":"<!-- This site is optimized with the Yoast SEO plugin v26.2 - https:\/\/yoast.com\/wordpress\/plugins\/seo\/ -->\n<title>TAPONES DE CAUCHO CON ARGOLLAS ACERO INOXIDABLE - MCP Rubber Division<\/title>\n<meta name=\"robots\" content=\"index, follow, max-snippet:-1, max-image-preview:large, max-video-preview:-1\" \/>\n<link rel=\"canonical\" href=\"https:\/\/mcprd.cl\/en\/product\/tapones-de-caucho-con-argollas-acero-inoxidable\/\" \/>\n<meta property=\"og:locale\" content=\"en_US\" \/>\n<meta property=\"og:type\" content=\"article\" \/>\n<meta property=\"og:title\" content=\"TAPONES DE CAUCHO CON ARGOLLAS ACERO INOXIDABLE - MCP Rubber Division\" \/>\n<meta property=\"og:description\" content=\"Son dispositivos que sellan aberturas en tuber\u00edas y contenedores. El caucho ofrece flexibilidad y resistencia a qu\u00edmicos, mientras que las argollas de acero inoxidable garantizan durabilidad y resistencia a la corrosi\u00f3n. Se utilizan com\u00fanmente en aplicaciones industriales y de laboratorio para un sellado efectivo.\" \/>\n<meta property=\"og:url\" content=\"https:\/\/mcprd.cl\/en\/product\/tapones-de-caucho-con-argollas-acero-inoxidable\/\" \/>\n<meta property=\"og:site_name\" content=\"MCP Rubber Division\" \/>\n<meta property=\"article:modified_time\" content=\"2024-12-20T20:20:11+00:00\" \/>\n<meta property=\"og:image\" content=\"https:\/\/mcprd.cl\/wp-content\/uploads\/2024\/10\/Capa-6industrial.jpg\" \/>\n\t<meta property=\"og:image:width\" content=\"400\" \/>\n\t<meta property=\"og:image:height\" content=\"400\" \/>\n\t<meta property=\"og:image:type\" content=\"image\/jpeg\" \/>\n<meta name=\"twitter:card\" content=\"summary_large_image\" \/>\n<script type=\"application\/ld+json\" class=\"yoast-schema-graph\">{\"@context\":\"https:\/\/schema.org\",\"@graph\":[{\"@type\":\"WebPage\",\"@id\":\"https:\/\/mcprd.cl\/producto\/tapones-de-caucho-con-argollas-acero-inoxidable\/\",\"url\":\"https:\/\/mcprd.cl\/producto\/tapones-de-caucho-con-argollas-acero-inoxidable\/\",\"name\":\"TAPONES DE CAUCHO CON ARGOLLAS ACERO INOXIDABLE - MCP Rubber Division\",\"isPartOf\":{\"@id\":\"https:\/\/mcprd.cl\/en\/#website\"},\"primaryImageOfPage\":{\"@id\":\"https:\/\/mcprd.cl\/producto\/tapones-de-caucho-con-argollas-acero-inoxidable\/#primaryimage\"},\"image\":{\"@id\":\"https:\/\/mcprd.cl\/producto\/tapones-de-caucho-con-argollas-acero-inoxidable\/#primaryimage\"},\"thumbnailUrl\":\"https:\/\/mcprd.cl\/wp-content\/uploads\/2024\/10\/Capa-6industrial.jpg\",\"datePublished\":\"2024-10-15T15:39:51+00:00\",\"dateModified\":\"2024-12-20T20:20:11+00:00\",\"breadcrumb\":{\"@id\":\"https:\/\/mcprd.cl\/producto\/tapones-de-caucho-con-argollas-acero-inoxidable\/#breadcrumb\"},\"inLanguage\":\"en-US\",\"potentialAction\":[{\"@type\":\"ReadAction\",\"target\":[\"https:\/\/mcprd.cl\/producto\/tapones-de-caucho-con-argollas-acero-inoxidable\/\"]}]},{\"@type\":\"ImageObject\",\"inLanguage\":\"en-US\",\"@id\":\"https:\/\/mcprd.cl\/producto\/tapones-de-caucho-con-argollas-acero-inoxidable\/#primaryimage\",\"url\":\"https:\/\/mcprd.cl\/wp-content\/uploads\/2024\/10\/Capa-6industrial.jpg\",\"contentUrl\":\"https:\/\/mcprd.cl\/wp-content\/uploads\/2024\/10\/Capa-6industrial.jpg\",\"width\":400,\"height\":400},{\"@type\":\"BreadcrumbList\",\"@id\":\"https:\/\/mcprd.cl\/producto\/tapones-de-caucho-con-argollas-acero-inoxidable\/#breadcrumb\",\"itemListElement\":[{\"@type\":\"ListItem\",\"position\":1,\"name\":\"Portada\",\"item\":\"https:\/\/mcprd.cl\/\"},{\"@type\":\"ListItem\",\"position\":2,\"name\":\"Tienda\",\"item\":\"http:\/\/mcprd.cl\/en\/tienda\/\"},{\"@type\":\"ListItem\",\"position\":3,\"name\":\"TAPONES DE CAUCHO CON ARGOLLAS ACERO INOXIDABLE\"}]},{\"@type\":\"WebSite\",\"@id\":\"https:\/\/mcprd.cl\/en\/#website\",\"url\":\"https:\/\/mcprd.cl\/en\/\",\"name\":\"MCP Rubber Division\",\"description\":\"Productos T\u00e9cnicos de Caucho\",\"potentialAction\":[{\"@type\":\"SearchAction\",\"target\":{\"@type\":\"EntryPoint\",\"urlTemplate\":\"https:\/\/mcprd.cl\/en\/?s={search_term_string}\"},\"query-input\":{\"@type\":\"PropertyValueSpecification\",\"valueRequired\":true,\"valueName\":\"search_term_string\"}}],\"inLanguage\":\"en-US\"}]}<\/script>\n<!-- \/ Yoast SEO plugin. -->","yoast_head_json":{"title":"TAPONES DE CAUCHO CON ARGOLLAS ACERO INOXIDABLE - MCP Rubber Division","robots":{"index":"index","follow":"follow","max-snippet":"max-snippet:-1","max-image-preview":"max-image-preview:large","max-video-preview":"max-video-preview:-1"},"canonical":"https:\/\/mcprd.cl\/en\/product\/tapones-de-caucho-con-argollas-acero-inoxidable\/","og_locale":"en_US","og_type":"article","og_title":"TAPONES DE CAUCHO CON ARGOLLAS ACERO INOXIDABLE - MCP Rubber Division","og_description":"Son dispositivos que sellan aberturas en tuber\u00edas y contenedores. El caucho ofrece flexibilidad y resistencia a qu\u00edmicos, mientras que las argollas de acero inoxidable garantizan durabilidad y resistencia a la corrosi\u00f3n. Se utilizan com\u00fanmente en aplicaciones industriales y de laboratorio para un sellado efectivo.","og_url":"https:\/\/mcprd.cl\/en\/product\/tapones-de-caucho-con-argollas-acero-inoxidable\/","og_site_name":"MCP Rubber Division","article_modified_time":"2024-12-20T20:20:11+00:00","og_image":[{"width":400,"height":400,"url":"https:\/\/mcprd.cl\/wp-content\/uploads\/2024\/10\/Capa-6industrial.jpg","type":"image\/jpeg"}],"twitter_card":"summary_large_image","schema":{"@context":"https:\/\/schema.org","@graph":[{"@type":"WebPage","@id":"https:\/\/mcprd.cl\/producto\/tapones-de-caucho-con-argollas-acero-inoxidable\/","url":"https:\/\/mcprd.cl\/producto\/tapones-de-caucho-con-argollas-acero-inoxidable\/","name":"TAPONES DE CAUCHO CON ARGOLLAS ACERO INOXIDABLE - MCP Rubber Division","isPartOf":{"@id":"https:\/\/mcprd.cl\/en\/#website"},"primaryImageOfPage":{"@id":"https:\/\/mcprd.cl\/producto\/tapones-de-caucho-con-argollas-acero-inoxidable\/#primaryimage"},"image":{"@id":"https:\/\/mcprd.cl\/producto\/tapones-de-caucho-con-argollas-acero-inoxidable\/#primaryimage"},"thumbnailUrl":"https:\/\/mcprd.cl\/wp-content\/uploads\/2024\/10\/Capa-6industrial.jpg","datePublished":"2024-10-15T15:39:51+00:00","dateModified":"2024-12-20T20:20:11+00:00","breadcrumb":{"@id":"https:\/\/mcprd.cl\/producto\/tapones-de-caucho-con-argollas-acero-inoxidable\/#breadcrumb"},"inLanguage":"en-US","potentialAction":[{"@type":"ReadAction","target":["https:\/\/mcprd.cl\/producto\/tapones-de-caucho-con-argollas-acero-inoxidable\/"]}]},{"@type":"ImageObject","inLanguage":"en-US","@id":"https:\/\/mcprd.cl\/producto\/tapones-de-caucho-con-argollas-acero-inoxidable\/#primaryimage","url":"https:\/\/mcprd.cl\/wp-content\/uploads\/2024\/10\/Capa-6industrial.jpg","contentUrl":"https:\/\/mcprd.cl\/wp-content\/uploads\/2024\/10\/Capa-6industrial.jpg","width":400,"height":400},{"@type":"BreadcrumbList","@id":"https:\/\/mcprd.cl\/producto\/tapones-de-caucho-con-argollas-acero-inoxidable\/#breadcrumb","itemListElement":[{"@type":"ListItem","position":1,"name":"Portada","item":"https:\/\/mcprd.cl\/"},{"@type":"ListItem","position":2,"name":"Tienda","item":"http:\/\/mcprd.cl\/en\/tienda\/"},{"@type":"ListItem","position":3,"name":"TAPONES DE CAUCHO CON ARGOLLAS ACERO INOXIDABLE"}]},{"@type":"WebSite","@id":"https:\/\/mcprd.cl\/en\/#website","url":"https:\/\/mcprd.cl\/en\/","name":"MCP Rubber Division","description":"Technical Rubber Products","potentialAction":[{"@type":"SearchAction","target":{"@type":"EntryPoint","urlTemplate":"https:\/\/mcprd.cl\/en\/?s={search_term_string}"},"query-input":{"@type":"PropertyValueSpecification","valueRequired":true,"valueName":"search_term_string"}}],"inLanguage":"en-US"}]}},"_links":{"self":[{"href":"https:\/\/mcprd.cl\/en\/wp-json\/wp\/v2\/product\/697","targetHints":{"allow":["GET"]}}],"collection":[{"href":"https:\/\/mcprd.cl\/en\/wp-json\/wp\/v2\/product"}],"about":[{"href":"https:\/\/mcprd.cl\/en\/wp-json\/wp\/v2\/types\/product"}],"replies":[{"embeddable":true,"href":"https:\/\/mcprd.cl\/en\/wp-json\/wp\/v2\/comments?post=697"}],"wp:featuredmedia":[{"embeddable":true,"href":"https:\/\/mcprd.cl\/en\/wp-json\/wp\/v2\/media\/951"}],"wp:attachment":[{"href":"https:\/\/mcprd.cl\/en\/wp-json\/wp\/v2\/media?parent=697"}],"wp:term":[{"taxonomy":"product_brand","embeddable":true,"href":"https:\/\/mcprd.cl\/en\/wp-json\/wp\/v2\/product_brand?post=697"},{"taxonomy":"product_cat","embeddable":true,"href":"https:\/\/mcprd.cl\/en\/wp-json\/wp\/v2\/product_cat?post=697"},{"taxonomy":"product_tag","embeddable":true,"href":"https:\/\/mcprd.cl\/en\/wp-json\/wp\/v2\/product_tag?post=697"}],"curies":[{"name":"wp","href":"https:\/\/api.w.org\/{rel}","templated":true}]}}