{"id":695,"date":"2024-10-15T17:39:51","date_gmt":"2024-10-15T15:39:51","guid":{"rendered":"https:\/\/mcprd.cl\/?post_type=product&#038;p=695"},"modified":"2024-12-20T21:19:58","modified_gmt":"2024-12-20T20:19:58","slug":"lifter-y-liner-reforzados","status":"publish","type":"product","link":"https:\/\/mcprd.cl\/en\/product\/lifter-y-liner-reforzados\/","title":{"rendered":"REINFORCED LIFTER AND LINER"},"content":{"rendered":"<p>They are components used in mills, especially in mineral grinding processes.<\/p>\n<ol>\n<li><strong>Lifter<\/strong>: They are installed inside the mill and help to raise the grinding media (such as balls or bars) during rotation. Their design optimizes the fall of the media, improving the grinding efficiency.<\/li>\n<li><strong>Liner<\/strong>: They protect the internal walls of the mill from wear. Reinforced liners are designed with stronger materials to increase their durability and extend the life of the mill, as well as improve the performance of the grinding process.<\/li>\n<\/ol>\n<p>Both are crucial for the efficient and long-lasting operation of the mills.<\/p>","protected":false},"excerpt":{"rendered":"<p>Son componentes utilizados en molinos, especialmente en procesos de molienda de minerales. Lifter: Se instalan en el interior del molino y ayudan a elevar los medios de molienda (como bolas o barras) durante la rotaci\u00f3n. Su dise\u00f1o optimiza la ca\u00edda de los medios, mejorando la eficiencia de la molienda. Liner: Protegen las paredes internas del [&hellip;]<\/p>\n","protected":false},"featured_media":951,"comment_status":"closed","ping_status":"closed","template":"","meta":{"_acf_changed":false,"_et_pb_use_builder":"","_et_pb_old_content":"","_et_gb_content_width":"","_joinchat":[]},"product_brand":[],"product_cat":[56],"product_tag":[],"class_list":{"0":"post-695","1":"product","2":"type-product","3":"status-publish","4":"has-post-thumbnail","6":"product_cat-ninguna","8":"first","9":"instock","10":"shipping-taxable","11":"product-type-simple"},"acf":[],"yoast_head":"<!-- This site is optimized with the Yoast SEO plugin v26.2 - https:\/\/yoast.com\/wordpress\/plugins\/seo\/ -->\n<title>LIFTER Y LINER REFORZADOS - MCP Rubber Division<\/title>\n<meta name=\"robots\" content=\"index, follow, max-snippet:-1, max-image-preview:large, max-video-preview:-1\" \/>\n<link rel=\"canonical\" href=\"https:\/\/mcprd.cl\/en\/product\/lifter-y-liner-reforzados\/\" \/>\n<meta property=\"og:locale\" content=\"en_US\" \/>\n<meta property=\"og:type\" content=\"article\" \/>\n<meta property=\"og:title\" content=\"LIFTER Y LINER REFORZADOS - MCP Rubber Division\" \/>\n<meta property=\"og:description\" content=\"Son componentes utilizados en molinos, especialmente en procesos de molienda de minerales. Lifter: Se instalan en el interior del molino y ayudan a elevar los medios de molienda (como bolas o barras) durante la rotaci\u00f3n. Su dise\u00f1o optimiza la ca\u00edda de los medios, mejorando la eficiencia de la molienda. Liner: Protegen las paredes internas del [&hellip;]\" \/>\n<meta property=\"og:url\" content=\"https:\/\/mcprd.cl\/en\/product\/lifter-y-liner-reforzados\/\" \/>\n<meta property=\"og:site_name\" content=\"MCP Rubber Division\" \/>\n<meta property=\"article:modified_time\" content=\"2024-12-20T20:19:58+00:00\" \/>\n<meta property=\"og:image\" content=\"https:\/\/mcprd.cl\/wp-content\/uploads\/2024\/10\/Capa-6industrial.jpg\" \/>\n\t<meta property=\"og:image:width\" content=\"400\" \/>\n\t<meta property=\"og:image:height\" content=\"400\" \/>\n\t<meta property=\"og:image:type\" content=\"image\/jpeg\" \/>\n<meta name=\"twitter:card\" content=\"summary_large_image\" \/>\n<meta name=\"twitter:label1\" content=\"Est. reading time\" \/>\n\t<meta name=\"twitter:data1\" content=\"1 minute\" \/>\n<script type=\"application\/ld+json\" class=\"yoast-schema-graph\">{\"@context\":\"https:\/\/schema.org\",\"@graph\":[{\"@type\":\"WebPage\",\"@id\":\"https:\/\/mcprd.cl\/producto\/lifter-y-liner-reforzados\/\",\"url\":\"https:\/\/mcprd.cl\/producto\/lifter-y-liner-reforzados\/\",\"name\":\"LIFTER Y LINER REFORZADOS - MCP Rubber Division\",\"isPartOf\":{\"@id\":\"https:\/\/mcprd.cl\/en\/#website\"},\"primaryImageOfPage\":{\"@id\":\"https:\/\/mcprd.cl\/producto\/lifter-y-liner-reforzados\/#primaryimage\"},\"image\":{\"@id\":\"https:\/\/mcprd.cl\/producto\/lifter-y-liner-reforzados\/#primaryimage\"},\"thumbnailUrl\":\"https:\/\/mcprd.cl\/wp-content\/uploads\/2024\/10\/Capa-6industrial.jpg\",\"datePublished\":\"2024-10-15T15:39:51+00:00\",\"dateModified\":\"2024-12-20T20:19:58+00:00\",\"breadcrumb\":{\"@id\":\"https:\/\/mcprd.cl\/producto\/lifter-y-liner-reforzados\/#breadcrumb\"},\"inLanguage\":\"en-US\",\"potentialAction\":[{\"@type\":\"ReadAction\",\"target\":[\"https:\/\/mcprd.cl\/producto\/lifter-y-liner-reforzados\/\"]}]},{\"@type\":\"ImageObject\",\"inLanguage\":\"en-US\",\"@id\":\"https:\/\/mcprd.cl\/producto\/lifter-y-liner-reforzados\/#primaryimage\",\"url\":\"https:\/\/mcprd.cl\/wp-content\/uploads\/2024\/10\/Capa-6industrial.jpg\",\"contentUrl\":\"https:\/\/mcprd.cl\/wp-content\/uploads\/2024\/10\/Capa-6industrial.jpg\",\"width\":400,\"height\":400},{\"@type\":\"BreadcrumbList\",\"@id\":\"https:\/\/mcprd.cl\/producto\/lifter-y-liner-reforzados\/#breadcrumb\",\"itemListElement\":[{\"@type\":\"ListItem\",\"position\":1,\"name\":\"Portada\",\"item\":\"https:\/\/mcprd.cl\/\"},{\"@type\":\"ListItem\",\"position\":2,\"name\":\"Tienda\",\"item\":\"http:\/\/mcprd.cl\/en\/tienda\/\"},{\"@type\":\"ListItem\",\"position\":3,\"name\":\"LIFTER Y LINER REFORZADOS\"}]},{\"@type\":\"WebSite\",\"@id\":\"https:\/\/mcprd.cl\/en\/#website\",\"url\":\"https:\/\/mcprd.cl\/en\/\",\"name\":\"MCP Rubber Division\",\"description\":\"Productos T\u00e9cnicos de Caucho\",\"potentialAction\":[{\"@type\":\"SearchAction\",\"target\":{\"@type\":\"EntryPoint\",\"urlTemplate\":\"https:\/\/mcprd.cl\/en\/?s={search_term_string}\"},\"query-input\":{\"@type\":\"PropertyValueSpecification\",\"valueRequired\":true,\"valueName\":\"search_term_string\"}}],\"inLanguage\":\"en-US\"}]}<\/script>\n<!-- \/ Yoast SEO plugin. -->","yoast_head_json":{"title":"LIFTER Y LINER REFORZADOS - MCP Rubber Division","robots":{"index":"index","follow":"follow","max-snippet":"max-snippet:-1","max-image-preview":"max-image-preview:large","max-video-preview":"max-video-preview:-1"},"canonical":"https:\/\/mcprd.cl\/en\/product\/lifter-y-liner-reforzados\/","og_locale":"en_US","og_type":"article","og_title":"LIFTER Y LINER REFORZADOS - MCP Rubber Division","og_description":"Son componentes utilizados en molinos, especialmente en procesos de molienda de minerales. Lifter: Se instalan en el interior del molino y ayudan a elevar los medios de molienda (como bolas o barras) durante la rotaci\u00f3n. Su dise\u00f1o optimiza la ca\u00edda de los medios, mejorando la eficiencia de la molienda. Liner: Protegen las paredes internas del [&hellip;]","og_url":"https:\/\/mcprd.cl\/en\/product\/lifter-y-liner-reforzados\/","og_site_name":"MCP Rubber Division","article_modified_time":"2024-12-20T20:19:58+00:00","og_image":[{"width":400,"height":400,"url":"https:\/\/mcprd.cl\/wp-content\/uploads\/2024\/10\/Capa-6industrial.jpg","type":"image\/jpeg"}],"twitter_card":"summary_large_image","twitter_misc":{"Est. reading time":"1 minute"},"schema":{"@context":"https:\/\/schema.org","@graph":[{"@type":"WebPage","@id":"https:\/\/mcprd.cl\/producto\/lifter-y-liner-reforzados\/","url":"https:\/\/mcprd.cl\/producto\/lifter-y-liner-reforzados\/","name":"LIFTER Y LINER REFORZADOS - MCP Rubber Division","isPartOf":{"@id":"https:\/\/mcprd.cl\/en\/#website"},"primaryImageOfPage":{"@id":"https:\/\/mcprd.cl\/producto\/lifter-y-liner-reforzados\/#primaryimage"},"image":{"@id":"https:\/\/mcprd.cl\/producto\/lifter-y-liner-reforzados\/#primaryimage"},"thumbnailUrl":"https:\/\/mcprd.cl\/wp-content\/uploads\/2024\/10\/Capa-6industrial.jpg","datePublished":"2024-10-15T15:39:51+00:00","dateModified":"2024-12-20T20:19:58+00:00","breadcrumb":{"@id":"https:\/\/mcprd.cl\/producto\/lifter-y-liner-reforzados\/#breadcrumb"},"inLanguage":"en-US","potentialAction":[{"@type":"ReadAction","target":["https:\/\/mcprd.cl\/producto\/lifter-y-liner-reforzados\/"]}]},{"@type":"ImageObject","inLanguage":"en-US","@id":"https:\/\/mcprd.cl\/producto\/lifter-y-liner-reforzados\/#primaryimage","url":"https:\/\/mcprd.cl\/wp-content\/uploads\/2024\/10\/Capa-6industrial.jpg","contentUrl":"https:\/\/mcprd.cl\/wp-content\/uploads\/2024\/10\/Capa-6industrial.jpg","width":400,"height":400},{"@type":"BreadcrumbList","@id":"https:\/\/mcprd.cl\/producto\/lifter-y-liner-reforzados\/#breadcrumb","itemListElement":[{"@type":"ListItem","position":1,"name":"Portada","item":"https:\/\/mcprd.cl\/"},{"@type":"ListItem","position":2,"name":"Tienda","item":"http:\/\/mcprd.cl\/en\/tienda\/"},{"@type":"ListItem","position":3,"name":"LIFTER Y LINER REFORZADOS"}]},{"@type":"WebSite","@id":"https:\/\/mcprd.cl\/en\/#website","url":"https:\/\/mcprd.cl\/en\/","name":"MCP Rubber Division","description":"Technical Rubber Products","potentialAction":[{"@type":"SearchAction","target":{"@type":"EntryPoint","urlTemplate":"https:\/\/mcprd.cl\/en\/?s={search_term_string}"},"query-input":{"@type":"PropertyValueSpecification","valueRequired":true,"valueName":"search_term_string"}}],"inLanguage":"en-US"}]}},"_links":{"self":[{"href":"https:\/\/mcprd.cl\/en\/wp-json\/wp\/v2\/product\/695","targetHints":{"allow":["GET"]}}],"collection":[{"href":"https:\/\/mcprd.cl\/en\/wp-json\/wp\/v2\/product"}],"about":[{"href":"https:\/\/mcprd.cl\/en\/wp-json\/wp\/v2\/types\/product"}],"replies":[{"embeddable":true,"href":"https:\/\/mcprd.cl\/en\/wp-json\/wp\/v2\/comments?post=695"}],"wp:featuredmedia":[{"embeddable":true,"href":"https:\/\/mcprd.cl\/en\/wp-json\/wp\/v2\/media\/951"}],"wp:attachment":[{"href":"https:\/\/mcprd.cl\/en\/wp-json\/wp\/v2\/media?parent=695"}],"wp:term":[{"taxonomy":"product_brand","embeddable":true,"href":"https:\/\/mcprd.cl\/en\/wp-json\/wp\/v2\/product_brand?post=695"},{"taxonomy":"product_cat","embeddable":true,"href":"https:\/\/mcprd.cl\/en\/wp-json\/wp\/v2\/product_cat?post=695"},{"taxonomy":"product_tag","embeddable":true,"href":"https:\/\/mcprd.cl\/en\/wp-json\/wp\/v2\/product_tag?post=695"}],"curies":[{"name":"wp","href":"https:\/\/api.w.org\/{rel}","templated":true}]}}