{"id":684,"date":"2024-10-15T17:39:50","date_gmt":"2024-10-15T15:39:50","guid":{"rendered":"https:\/\/mcprd.cl\/?post_type=product&#038;p=684"},"modified":"2024-12-20T21:20:38","modified_gmt":"2024-12-20T20:20:38","slug":"guarderas-de-caucho","status":"publish","type":"product","link":"https:\/\/mcprd.cl\/en\/product\/guarderas-de-caucho\/","title":{"rendered":"RUBBER GUARDS"},"content":{"rendered":"<p>They are components used in various industrial applications to protect and cover machinery parts. Their main function is to prevent wear, abrasion and corrosion, as well as to minimize the impact of objects that may damage the equipment.<\/p>\n<p>These guards are typically made of heavy duty rubber and can be used on conveyor systems, crushers, mills and other machinery that operates under harsh conditions.<\/p>","protected":false},"excerpt":{"rendered":"<p>Son componentes utilizados en diversas aplicaciones industriales para proteger y cubrir partes de maquinaria. Su funci\u00f3n principal es prevenir el desgaste, la abrasi\u00f3n y la corrosi\u00f3n, as\u00ed como minimizar el impacto de objetos que puedan da\u00f1ar los equipos. Estas guarderas suelen estar hechas de caucho resistente y pueden ser utilizadas en sistemas de transporte, trituradoras, [&hellip;]<\/p>\n","protected":false},"featured_media":951,"comment_status":"closed","ping_status":"closed","template":"","meta":{"_acf_changed":false,"_et_pb_use_builder":"","_et_pb_old_content":"","_et_gb_content_width":"","_joinchat":[]},"product_brand":[],"product_cat":[56],"product_tag":[],"class_list":{"0":"post-684","1":"product","2":"type-product","3":"status-publish","4":"has-post-thumbnail","6":"product_cat-ninguna","8":"first","9":"instock","10":"shipping-taxable","11":"product-type-simple"},"acf":[],"yoast_head":"<!-- This site is optimized with the Yoast SEO plugin v26.2 - https:\/\/yoast.com\/wordpress\/plugins\/seo\/ -->\n<title>GUARDERAS DE CAUCHO - MCP Rubber Division<\/title>\n<meta name=\"robots\" content=\"index, follow, max-snippet:-1, max-image-preview:large, max-video-preview:-1\" \/>\n<link rel=\"canonical\" href=\"https:\/\/mcprd.cl\/en\/product\/guarderas-de-caucho\/\" \/>\n<meta property=\"og:locale\" content=\"en_US\" \/>\n<meta property=\"og:type\" content=\"article\" \/>\n<meta property=\"og:title\" content=\"GUARDERAS DE CAUCHO - MCP Rubber Division\" \/>\n<meta property=\"og:description\" content=\"Son componentes utilizados en diversas aplicaciones industriales para proteger y cubrir partes de maquinaria. Su funci\u00f3n principal es prevenir el desgaste, la abrasi\u00f3n y la corrosi\u00f3n, as\u00ed como minimizar el impacto de objetos que puedan da\u00f1ar los equipos. Estas guarderas suelen estar hechas de caucho resistente y pueden ser utilizadas en sistemas de transporte, trituradoras, [&hellip;]\" \/>\n<meta property=\"og:url\" content=\"https:\/\/mcprd.cl\/en\/product\/guarderas-de-caucho\/\" \/>\n<meta property=\"og:site_name\" content=\"MCP Rubber Division\" \/>\n<meta property=\"article:modified_time\" content=\"2024-12-20T20:20:38+00:00\" \/>\n<meta property=\"og:image\" content=\"https:\/\/mcprd.cl\/wp-content\/uploads\/2024\/10\/Capa-6industrial.jpg\" \/>\n\t<meta property=\"og:image:width\" content=\"400\" \/>\n\t<meta property=\"og:image:height\" content=\"400\" \/>\n\t<meta property=\"og:image:type\" content=\"image\/jpeg\" \/>\n<meta name=\"twitter:card\" content=\"summary_large_image\" \/>\n<script type=\"application\/ld+json\" class=\"yoast-schema-graph\">{\"@context\":\"https:\/\/schema.org\",\"@graph\":[{\"@type\":\"WebPage\",\"@id\":\"https:\/\/mcprd.cl\/en\/product\/guarderas-de-caucho\/\",\"url\":\"https:\/\/mcprd.cl\/en\/product\/guarderas-de-caucho\/\",\"name\":\"GUARDERAS DE CAUCHO - MCP Rubber Division\",\"isPartOf\":{\"@id\":\"https:\/\/mcprd.cl\/en\/#website\"},\"primaryImageOfPage\":{\"@id\":\"https:\/\/mcprd.cl\/en\/product\/guarderas-de-caucho\/#primaryimage\"},\"image\":{\"@id\":\"https:\/\/mcprd.cl\/en\/product\/guarderas-de-caucho\/#primaryimage\"},\"thumbnailUrl\":\"https:\/\/mcprd.cl\/wp-content\/uploads\/2024\/10\/Capa-6industrial.jpg\",\"datePublished\":\"2024-10-15T15:39:50+00:00\",\"dateModified\":\"2024-12-20T20:20:38+00:00\",\"breadcrumb\":{\"@id\":\"https:\/\/mcprd.cl\/en\/product\/guarderas-de-caucho\/#breadcrumb\"},\"inLanguage\":\"en-US\",\"potentialAction\":[{\"@type\":\"ReadAction\",\"target\":[\"https:\/\/mcprd.cl\/en\/product\/guarderas-de-caucho\/\"]}]},{\"@type\":\"ImageObject\",\"inLanguage\":\"en-US\",\"@id\":\"https:\/\/mcprd.cl\/en\/product\/guarderas-de-caucho\/#primaryimage\",\"url\":\"https:\/\/mcprd.cl\/wp-content\/uploads\/2024\/10\/Capa-6industrial.jpg\",\"contentUrl\":\"https:\/\/mcprd.cl\/wp-content\/uploads\/2024\/10\/Capa-6industrial.jpg\",\"width\":400,\"height\":400},{\"@type\":\"BreadcrumbList\",\"@id\":\"https:\/\/mcprd.cl\/en\/product\/guarderas-de-caucho\/#breadcrumb\",\"itemListElement\":[{\"@type\":\"ListItem\",\"position\":1,\"name\":\"Portada\",\"item\":\"https:\/\/mcprd.cl\/\"},{\"@type\":\"ListItem\",\"position\":2,\"name\":\"Tienda\",\"item\":\"http:\/\/mcprd.cl\/en\/tienda\/\"},{\"@type\":\"ListItem\",\"position\":3,\"name\":\"GUARDERAS DE CAUCHO\"}]},{\"@type\":\"WebSite\",\"@id\":\"https:\/\/mcprd.cl\/en\/#website\",\"url\":\"https:\/\/mcprd.cl\/en\/\",\"name\":\"MCP Rubber Division\",\"description\":\"Productos T\u00e9cnicos de Caucho\",\"potentialAction\":[{\"@type\":\"SearchAction\",\"target\":{\"@type\":\"EntryPoint\",\"urlTemplate\":\"https:\/\/mcprd.cl\/en\/?s={search_term_string}\"},\"query-input\":{\"@type\":\"PropertyValueSpecification\",\"valueRequired\":true,\"valueName\":\"search_term_string\"}}],\"inLanguage\":\"en-US\"}]}<\/script>\n<!-- \/ Yoast SEO plugin. -->","yoast_head_json":{"title":"GUARDERAS DE CAUCHO - MCP Rubber Division","robots":{"index":"index","follow":"follow","max-snippet":"max-snippet:-1","max-image-preview":"max-image-preview:large","max-video-preview":"max-video-preview:-1"},"canonical":"https:\/\/mcprd.cl\/en\/product\/guarderas-de-caucho\/","og_locale":"en_US","og_type":"article","og_title":"GUARDERAS DE CAUCHO - MCP Rubber Division","og_description":"Son componentes utilizados en diversas aplicaciones industriales para proteger y cubrir partes de maquinaria. Su funci\u00f3n principal es prevenir el desgaste, la abrasi\u00f3n y la corrosi\u00f3n, as\u00ed como minimizar el impacto de objetos que puedan da\u00f1ar los equipos. Estas guarderas suelen estar hechas de caucho resistente y pueden ser utilizadas en sistemas de transporte, trituradoras, [&hellip;]","og_url":"https:\/\/mcprd.cl\/en\/product\/guarderas-de-caucho\/","og_site_name":"MCP Rubber Division","article_modified_time":"2024-12-20T20:20:38+00:00","og_image":[{"width":400,"height":400,"url":"https:\/\/mcprd.cl\/wp-content\/uploads\/2024\/10\/Capa-6industrial.jpg","type":"image\/jpeg"}],"twitter_card":"summary_large_image","schema":{"@context":"https:\/\/schema.org","@graph":[{"@type":"WebPage","@id":"https:\/\/mcprd.cl\/en\/product\/guarderas-de-caucho\/","url":"https:\/\/mcprd.cl\/en\/product\/guarderas-de-caucho\/","name":"GUARDERAS DE CAUCHO - MCP Rubber Division","isPartOf":{"@id":"https:\/\/mcprd.cl\/en\/#website"},"primaryImageOfPage":{"@id":"https:\/\/mcprd.cl\/en\/product\/guarderas-de-caucho\/#primaryimage"},"image":{"@id":"https:\/\/mcprd.cl\/en\/product\/guarderas-de-caucho\/#primaryimage"},"thumbnailUrl":"https:\/\/mcprd.cl\/wp-content\/uploads\/2024\/10\/Capa-6industrial.jpg","datePublished":"2024-10-15T15:39:50+00:00","dateModified":"2024-12-20T20:20:38+00:00","breadcrumb":{"@id":"https:\/\/mcprd.cl\/en\/product\/guarderas-de-caucho\/#breadcrumb"},"inLanguage":"en-US","potentialAction":[{"@type":"ReadAction","target":["https:\/\/mcprd.cl\/en\/product\/guarderas-de-caucho\/"]}]},{"@type":"ImageObject","inLanguage":"en-US","@id":"https:\/\/mcprd.cl\/en\/product\/guarderas-de-caucho\/#primaryimage","url":"https:\/\/mcprd.cl\/wp-content\/uploads\/2024\/10\/Capa-6industrial.jpg","contentUrl":"https:\/\/mcprd.cl\/wp-content\/uploads\/2024\/10\/Capa-6industrial.jpg","width":400,"height":400},{"@type":"BreadcrumbList","@id":"https:\/\/mcprd.cl\/en\/product\/guarderas-de-caucho\/#breadcrumb","itemListElement":[{"@type":"ListItem","position":1,"name":"Portada","item":"https:\/\/mcprd.cl\/"},{"@type":"ListItem","position":2,"name":"Tienda","item":"http:\/\/mcprd.cl\/en\/tienda\/"},{"@type":"ListItem","position":3,"name":"GUARDERAS DE CAUCHO"}]},{"@type":"WebSite","@id":"https:\/\/mcprd.cl\/en\/#website","url":"https:\/\/mcprd.cl\/en\/","name":"MCP Rubber Division","description":"Technical Rubber Products","potentialAction":[{"@type":"SearchAction","target":{"@type":"EntryPoint","urlTemplate":"https:\/\/mcprd.cl\/en\/?s={search_term_string}"},"query-input":{"@type":"PropertyValueSpecification","valueRequired":true,"valueName":"search_term_string"}}],"inLanguage":"en-US"}]}},"_links":{"self":[{"href":"https:\/\/mcprd.cl\/en\/wp-json\/wp\/v2\/product\/684","targetHints":{"allow":["GET"]}}],"collection":[{"href":"https:\/\/mcprd.cl\/en\/wp-json\/wp\/v2\/product"}],"about":[{"href":"https:\/\/mcprd.cl\/en\/wp-json\/wp\/v2\/types\/product"}],"replies":[{"embeddable":true,"href":"https:\/\/mcprd.cl\/en\/wp-json\/wp\/v2\/comments?post=684"}],"wp:featuredmedia":[{"embeddable":true,"href":"https:\/\/mcprd.cl\/en\/wp-json\/wp\/v2\/media\/951"}],"wp:attachment":[{"href":"https:\/\/mcprd.cl\/en\/wp-json\/wp\/v2\/media?parent=684"}],"wp:term":[{"taxonomy":"product_brand","embeddable":true,"href":"https:\/\/mcprd.cl\/en\/wp-json\/wp\/v2\/product_brand?post=684"},{"taxonomy":"product_cat","embeddable":true,"href":"https:\/\/mcprd.cl\/en\/wp-json\/wp\/v2\/product_cat?post=684"},{"taxonomy":"product_tag","embeddable":true,"href":"https:\/\/mcprd.cl\/en\/wp-json\/wp\/v2\/product_tag?post=684"}],"curies":[{"name":"wp","href":"https:\/\/api.w.org\/{rel}","templated":true}]}}