{"id":674,"date":"2024-10-15T17:39:48","date_gmt":"2024-10-15T15:39:48","guid":{"rendered":"https:\/\/mcprd.cl\/?post_type=product&#038;p=674"},"modified":"2024-12-20T21:21:57","modified_gmt":"2024-12-20T20:21:57","slug":"sellos-bulletes-para-containers","status":"publish","type":"product","link":"https:\/\/mcprd.cl\/en\/product\/sellos-bulletes-para-containers\/","title":{"rendered":"BULLET SEALS FOR CONTAINERS"},"content":{"rendered":"<p>These are security devices that secure the doors of cargo containers, preventing unauthorized access. Made of plastic or metal, they are durable and usually have unique numbers or codes to track the integrity of the container. They are used in the maritime, land and air transport industry, being essential to protect cargo and ensure safety during transport.<\/p>\n<p><img decoding=\"async\" class=\"alignnone wp-image-676 size-full\" src=\"https:\/\/mcprd.cl\/wp-content\/uploads\/2022\/06\/container.jpeg\" alt=\"\" width=\"500\" height=\"313\" \/><\/p>\n<p>&nbsp;<\/p>","protected":false},"excerpt":{"rendered":"<p>Son dispositivos de seguridad que aseguran las puertas de contenedores de carga, previniendo el acceso no autorizado. Fabricados de pl\u00e1stico o metal, son resistentes y suelen tener n\u00fameros o c\u00f3digos \u00fanicos para rastrear la integridad del contenedor. Se utilizan en la industria del transporte mar\u00edtimo, terrestre y a\u00e9reo, siendo fundamentales para proteger la carga y [&hellip;]<\/p>\n","protected":false},"featured_media":957,"comment_status":"closed","ping_status":"closed","template":"","meta":{"_acf_changed":false,"_et_pb_use_builder":"","_et_pb_old_content":"","_et_gb_content_width":"","_joinchat":[]},"product_brand":[],"product_cat":[56],"product_tag":[],"class_list":{"0":"post-674","1":"product","2":"type-product","3":"status-publish","4":"has-post-thumbnail","6":"product_cat-ninguna","8":"first","9":"instock","10":"shipping-taxable","11":"product-type-simple"},"acf":[],"yoast_head":"<!-- This site is optimized with the Yoast SEO plugin v26.2 - https:\/\/yoast.com\/wordpress\/plugins\/seo\/ -->\n<title>SELLOS BULLETES PARA CONTAINERS - MCP Rubber Division<\/title>\n<meta name=\"robots\" content=\"index, follow, max-snippet:-1, max-image-preview:large, max-video-preview:-1\" \/>\n<link rel=\"canonical\" href=\"http:\/\/mcprd.cl\/en\/product\/sellos-bulletes-para-containers\/\" \/>\n<meta property=\"og:locale\" content=\"en_US\" \/>\n<meta property=\"og:type\" content=\"article\" \/>\n<meta property=\"og:title\" content=\"SELLOS BULLETES PARA CONTAINERS - MCP Rubber Division\" \/>\n<meta property=\"og:description\" content=\"Son dispositivos de seguridad que aseguran las puertas de contenedores de carga, previniendo el acceso no autorizado. Fabricados de pl\u00e1stico o metal, son resistentes y suelen tener n\u00fameros o c\u00f3digos \u00fanicos para rastrear la integridad del contenedor. Se utilizan en la industria del transporte mar\u00edtimo, terrestre y a\u00e9reo, siendo fundamentales para proteger la carga y [&hellip;]\" \/>\n<meta property=\"og:url\" content=\"http:\/\/mcprd.cl\/en\/product\/sellos-bulletes-para-containers\/\" \/>\n<meta property=\"og:site_name\" content=\"MCP Rubber Division\" \/>\n<meta property=\"article:modified_time\" content=\"2024-12-20T20:21:57+00:00\" \/>\n<meta property=\"og:image\" content=\"https:\/\/mcprd.cl\/wp-content\/uploads\/2024\/10\/Capa-12naval.jpg\" \/>\n\t<meta property=\"og:image:width\" content=\"400\" \/>\n\t<meta property=\"og:image:height\" content=\"400\" \/>\n\t<meta property=\"og:image:type\" content=\"image\/jpeg\" \/>\n<meta name=\"twitter:card\" content=\"summary_large_image\" \/>\n<script type=\"application\/ld+json\" class=\"yoast-schema-graph\">{\"@context\":\"https:\/\/schema.org\",\"@graph\":[{\"@type\":\"WebPage\",\"@id\":\"http:\/\/mcprd.cl\/en\/product\/sellos-bulletes-para-containers\/\",\"url\":\"http:\/\/mcprd.cl\/en\/product\/sellos-bulletes-para-containers\/\",\"name\":\"SELLOS BULLETES PARA CONTAINERS - MCP Rubber Division\",\"isPartOf\":{\"@id\":\"https:\/\/mcprd.cl\/en\/#website\"},\"primaryImageOfPage\":{\"@id\":\"http:\/\/mcprd.cl\/en\/product\/sellos-bulletes-para-containers\/#primaryimage\"},\"image\":{\"@id\":\"http:\/\/mcprd.cl\/en\/product\/sellos-bulletes-para-containers\/#primaryimage\"},\"thumbnailUrl\":\"https:\/\/mcprd.cl\/wp-content\/uploads\/2024\/10\/Capa-12naval.jpg\",\"datePublished\":\"2024-10-15T15:39:48+00:00\",\"dateModified\":\"2024-12-20T20:21:57+00:00\",\"breadcrumb\":{\"@id\":\"http:\/\/mcprd.cl\/en\/product\/sellos-bulletes-para-containers\/#breadcrumb\"},\"inLanguage\":\"en-US\",\"potentialAction\":[{\"@type\":\"ReadAction\",\"target\":[\"http:\/\/mcprd.cl\/en\/product\/sellos-bulletes-para-containers\/\"]}]},{\"@type\":\"ImageObject\",\"inLanguage\":\"en-US\",\"@id\":\"http:\/\/mcprd.cl\/en\/product\/sellos-bulletes-para-containers\/#primaryimage\",\"url\":\"https:\/\/mcprd.cl\/wp-content\/uploads\/2024\/10\/Capa-12naval.jpg\",\"contentUrl\":\"https:\/\/mcprd.cl\/wp-content\/uploads\/2024\/10\/Capa-12naval.jpg\",\"width\":400,\"height\":400},{\"@type\":\"BreadcrumbList\",\"@id\":\"http:\/\/mcprd.cl\/en\/product\/sellos-bulletes-para-containers\/#breadcrumb\",\"itemListElement\":[{\"@type\":\"ListItem\",\"position\":1,\"name\":\"Portada\",\"item\":\"https:\/\/mcprd.cl\/\"},{\"@type\":\"ListItem\",\"position\":2,\"name\":\"Tienda\",\"item\":\"http:\/\/mcprd.cl\/en\/tienda\/\"},{\"@type\":\"ListItem\",\"position\":3,\"name\":\"SELLOS BULLETES PARA CONTAINERS\"}]},{\"@type\":\"WebSite\",\"@id\":\"https:\/\/mcprd.cl\/en\/#website\",\"url\":\"https:\/\/mcprd.cl\/en\/\",\"name\":\"MCP Rubber Division\",\"description\":\"Productos T\u00e9cnicos de Caucho\",\"potentialAction\":[{\"@type\":\"SearchAction\",\"target\":{\"@type\":\"EntryPoint\",\"urlTemplate\":\"https:\/\/mcprd.cl\/en\/?s={search_term_string}\"},\"query-input\":{\"@type\":\"PropertyValueSpecification\",\"valueRequired\":true,\"valueName\":\"search_term_string\"}}],\"inLanguage\":\"en-US\"}]}<\/script>\n<!-- \/ Yoast SEO plugin. -->","yoast_head_json":{"title":"SELLOS BULLETES PARA CONTAINERS - MCP Rubber Division","robots":{"index":"index","follow":"follow","max-snippet":"max-snippet:-1","max-image-preview":"max-image-preview:large","max-video-preview":"max-video-preview:-1"},"canonical":"http:\/\/mcprd.cl\/en\/product\/sellos-bulletes-para-containers\/","og_locale":"en_US","og_type":"article","og_title":"SELLOS BULLETES PARA CONTAINERS - MCP Rubber Division","og_description":"Son dispositivos de seguridad que aseguran las puertas de contenedores de carga, previniendo el acceso no autorizado. Fabricados de pl\u00e1stico o metal, son resistentes y suelen tener n\u00fameros o c\u00f3digos \u00fanicos para rastrear la integridad del contenedor. Se utilizan en la industria del transporte mar\u00edtimo, terrestre y a\u00e9reo, siendo fundamentales para proteger la carga y [&hellip;]","og_url":"http:\/\/mcprd.cl\/en\/product\/sellos-bulletes-para-containers\/","og_site_name":"MCP Rubber Division","article_modified_time":"2024-12-20T20:21:57+00:00","og_image":[{"width":400,"height":400,"url":"https:\/\/mcprd.cl\/wp-content\/uploads\/2024\/10\/Capa-12naval.jpg","type":"image\/jpeg"}],"twitter_card":"summary_large_image","schema":{"@context":"https:\/\/schema.org","@graph":[{"@type":"WebPage","@id":"http:\/\/mcprd.cl\/en\/product\/sellos-bulletes-para-containers\/","url":"http:\/\/mcprd.cl\/en\/product\/sellos-bulletes-para-containers\/","name":"SELLOS BULLETES PARA CONTAINERS - MCP Rubber Division","isPartOf":{"@id":"https:\/\/mcprd.cl\/en\/#website"},"primaryImageOfPage":{"@id":"http:\/\/mcprd.cl\/en\/product\/sellos-bulletes-para-containers\/#primaryimage"},"image":{"@id":"http:\/\/mcprd.cl\/en\/product\/sellos-bulletes-para-containers\/#primaryimage"},"thumbnailUrl":"https:\/\/mcprd.cl\/wp-content\/uploads\/2024\/10\/Capa-12naval.jpg","datePublished":"2024-10-15T15:39:48+00:00","dateModified":"2024-12-20T20:21:57+00:00","breadcrumb":{"@id":"http:\/\/mcprd.cl\/en\/product\/sellos-bulletes-para-containers\/#breadcrumb"},"inLanguage":"en-US","potentialAction":[{"@type":"ReadAction","target":["http:\/\/mcprd.cl\/en\/product\/sellos-bulletes-para-containers\/"]}]},{"@type":"ImageObject","inLanguage":"en-US","@id":"http:\/\/mcprd.cl\/en\/product\/sellos-bulletes-para-containers\/#primaryimage","url":"https:\/\/mcprd.cl\/wp-content\/uploads\/2024\/10\/Capa-12naval.jpg","contentUrl":"https:\/\/mcprd.cl\/wp-content\/uploads\/2024\/10\/Capa-12naval.jpg","width":400,"height":400},{"@type":"BreadcrumbList","@id":"http:\/\/mcprd.cl\/en\/product\/sellos-bulletes-para-containers\/#breadcrumb","itemListElement":[{"@type":"ListItem","position":1,"name":"Portada","item":"https:\/\/mcprd.cl\/"},{"@type":"ListItem","position":2,"name":"Tienda","item":"http:\/\/mcprd.cl\/en\/tienda\/"},{"@type":"ListItem","position":3,"name":"SELLOS BULLETES PARA CONTAINERS"}]},{"@type":"WebSite","@id":"https:\/\/mcprd.cl\/en\/#website","url":"https:\/\/mcprd.cl\/en\/","name":"MCP Rubber Division","description":"Technical Rubber Products","potentialAction":[{"@type":"SearchAction","target":{"@type":"EntryPoint","urlTemplate":"https:\/\/mcprd.cl\/en\/?s={search_term_string}"},"query-input":{"@type":"PropertyValueSpecification","valueRequired":true,"valueName":"search_term_string"}}],"inLanguage":"en-US"}]}},"_links":{"self":[{"href":"https:\/\/mcprd.cl\/en\/wp-json\/wp\/v2\/product\/674","targetHints":{"allow":["GET"]}}],"collection":[{"href":"https:\/\/mcprd.cl\/en\/wp-json\/wp\/v2\/product"}],"about":[{"href":"https:\/\/mcprd.cl\/en\/wp-json\/wp\/v2\/types\/product"}],"replies":[{"embeddable":true,"href":"https:\/\/mcprd.cl\/en\/wp-json\/wp\/v2\/comments?post=674"}],"wp:featuredmedia":[{"embeddable":true,"href":"https:\/\/mcprd.cl\/en\/wp-json\/wp\/v2\/media\/957"}],"wp:attachment":[{"href":"https:\/\/mcprd.cl\/en\/wp-json\/wp\/v2\/media?parent=674"}],"wp:term":[{"taxonomy":"product_brand","embeddable":true,"href":"https:\/\/mcprd.cl\/en\/wp-json\/wp\/v2\/product_brand?post=674"},{"taxonomy":"product_cat","embeddable":true,"href":"https:\/\/mcprd.cl\/en\/wp-json\/wp\/v2\/product_cat?post=674"},{"taxonomy":"product_tag","embeddable":true,"href":"https:\/\/mcprd.cl\/en\/wp-json\/wp\/v2\/product_tag?post=674"}],"curies":[{"name":"wp","href":"https:\/\/api.w.org\/{rel}","templated":true}]}}