{"id":672,"date":"2024-10-15T17:39:47","date_gmt":"2024-10-15T15:39:47","guid":{"rendered":"https:\/\/mcprd.cl\/?post_type=product&#038;p=672"},"modified":"2024-12-20T21:22:09","modified_gmt":"2024-12-20T20:22:09","slug":"sello-para-tapas-de-bodegas-mcgregor-straight-parking-comer-packing-end-packing-etc","status":"publish","type":"product","link":"https:\/\/mcprd.cl\/en\/product\/sello-para-tapas-de-bodegas-mcgregor-straight-parking-comer-packing-end-packing-etc\/","title":{"rendered":"McGREGOR WINE LIDS SEAL (Straight Parking Comer Packing. End Packing. etc.)"},"content":{"rendered":"<p>It is a device used on ships to ensure a tight seal on cargo holds, protecting the cargo from water, air and contaminants. Made of rubber or resistant elastomers, its design fits over the hold lid and is easy to install and replace. It is essential to maintain cargo integrity and ensure safety in maritime operations.<\/p>\n<p><img decoding=\"async\" class=\"alignnone wp-image-673 size-full\" src=\"https:\/\/mcprd.cl\/wp-content\/uploads\/2022\/06\/tabla_sello.jpeg\" alt=\"\" width=\"476\" height=\"230\" \/><\/p>\n<p>&nbsp;<\/p>","protected":false},"excerpt":{"rendered":"<p>Es un dispositivo utilizado en embarcaciones para asegurar un cierre herm\u00e9tico de las bodegas, protegiendo la carga de agua, aire y contaminantes. Hecho de goma o elast\u00f3meros resistentes, su dise\u00f1o se adapta a la tapa de la bodega y es f\u00e1cil de instalar y reemplazar. Es esencial para mantener la integridad de la carga y [&hellip;]<\/p>\n","protected":false},"featured_media":952,"comment_status":"closed","ping_status":"closed","template":"","meta":{"_acf_changed":false,"_et_pb_use_builder":"","_et_pb_old_content":"","_et_gb_content_width":"","_joinchat":[]},"product_brand":[],"product_cat":[56],"product_tag":[],"class_list":{"0":"post-672","1":"product","2":"type-product","3":"status-publish","4":"has-post-thumbnail","6":"product_cat-ninguna","8":"first","9":"instock","10":"shipping-taxable","11":"product-type-simple"},"acf":[],"yoast_head":"<!-- This site is optimized with the Yoast SEO plugin v26.2 - https:\/\/yoast.com\/wordpress\/plugins\/seo\/ -->\n<title>SELLO PARA TAPAS DE BODEGAS McGREGOR (Straight Parking Comer Packing. End Packing. etc.) - MCP Rubber Division<\/title>\n<meta name=\"robots\" content=\"index, follow, max-snippet:-1, max-image-preview:large, max-video-preview:-1\" \/>\n<link rel=\"canonical\" href=\"http:\/\/mcprd.cl\/en\/product\/sello-para-tapas-de-bodegas-mcgregor-straight-parking-comer-packing-end-packing-etc\/\" \/>\n<meta property=\"og:locale\" content=\"en_US\" \/>\n<meta property=\"og:type\" content=\"article\" \/>\n<meta property=\"og:title\" content=\"SELLO PARA TAPAS DE BODEGAS McGREGOR (Straight Parking Comer Packing. End Packing. etc.) - MCP Rubber Division\" \/>\n<meta property=\"og:description\" content=\"Es un dispositivo utilizado en embarcaciones para asegurar un cierre herm\u00e9tico de las bodegas, protegiendo la carga de agua, aire y contaminantes. Hecho de goma o elast\u00f3meros resistentes, su dise\u00f1o se adapta a la tapa de la bodega y es f\u00e1cil de instalar y reemplazar. Es esencial para mantener la integridad de la carga y [&hellip;]\" \/>\n<meta property=\"og:url\" content=\"http:\/\/mcprd.cl\/en\/product\/sello-para-tapas-de-bodegas-mcgregor-straight-parking-comer-packing-end-packing-etc\/\" \/>\n<meta property=\"og:site_name\" content=\"MCP Rubber Division\" \/>\n<meta property=\"article:modified_time\" content=\"2024-12-20T20:22:09+00:00\" \/>\n<meta property=\"og:image\" content=\"https:\/\/mcprd.cl\/wp-content\/uploads\/2024\/10\/Capa-7naval.jpg\" \/>\n\t<meta property=\"og:image:width\" content=\"400\" \/>\n\t<meta property=\"og:image:height\" content=\"400\" \/>\n\t<meta property=\"og:image:type\" content=\"image\/jpeg\" \/>\n<meta name=\"twitter:card\" content=\"summary_large_image\" \/>\n<script type=\"application\/ld+json\" class=\"yoast-schema-graph\">{\"@context\":\"https:\/\/schema.org\",\"@graph\":[{\"@type\":\"WebPage\",\"@id\":\"http:\/\/mcprd.cl\/en\/product\/sello-para-tapas-de-bodegas-mcgregor-straight-parking-comer-packing-end-packing-etc\/\",\"url\":\"http:\/\/mcprd.cl\/en\/product\/sello-para-tapas-de-bodegas-mcgregor-straight-parking-comer-packing-end-packing-etc\/\",\"name\":\"SELLO PARA TAPAS DE BODEGAS McGREGOR (Straight Parking Comer Packing. End Packing. etc.) - MCP Rubber Division\",\"isPartOf\":{\"@id\":\"https:\/\/mcprd.cl\/en\/#website\"},\"primaryImageOfPage\":{\"@id\":\"http:\/\/mcprd.cl\/en\/product\/sello-para-tapas-de-bodegas-mcgregor-straight-parking-comer-packing-end-packing-etc\/#primaryimage\"},\"image\":{\"@id\":\"http:\/\/mcprd.cl\/en\/product\/sello-para-tapas-de-bodegas-mcgregor-straight-parking-comer-packing-end-packing-etc\/#primaryimage\"},\"thumbnailUrl\":\"https:\/\/mcprd.cl\/wp-content\/uploads\/2024\/10\/Capa-7naval.jpg\",\"datePublished\":\"2024-10-15T15:39:47+00:00\",\"dateModified\":\"2024-12-20T20:22:09+00:00\",\"breadcrumb\":{\"@id\":\"http:\/\/mcprd.cl\/en\/product\/sello-para-tapas-de-bodegas-mcgregor-straight-parking-comer-packing-end-packing-etc\/#breadcrumb\"},\"inLanguage\":\"en-US\",\"potentialAction\":[{\"@type\":\"ReadAction\",\"target\":[\"http:\/\/mcprd.cl\/en\/product\/sello-para-tapas-de-bodegas-mcgregor-straight-parking-comer-packing-end-packing-etc\/\"]}]},{\"@type\":\"ImageObject\",\"inLanguage\":\"en-US\",\"@id\":\"http:\/\/mcprd.cl\/en\/product\/sello-para-tapas-de-bodegas-mcgregor-straight-parking-comer-packing-end-packing-etc\/#primaryimage\",\"url\":\"https:\/\/mcprd.cl\/wp-content\/uploads\/2024\/10\/Capa-7naval.jpg\",\"contentUrl\":\"https:\/\/mcprd.cl\/wp-content\/uploads\/2024\/10\/Capa-7naval.jpg\",\"width\":400,\"height\":400},{\"@type\":\"BreadcrumbList\",\"@id\":\"http:\/\/mcprd.cl\/en\/product\/sello-para-tapas-de-bodegas-mcgregor-straight-parking-comer-packing-end-packing-etc\/#breadcrumb\",\"itemListElement\":[{\"@type\":\"ListItem\",\"position\":1,\"name\":\"Portada\",\"item\":\"https:\/\/mcprd.cl\/\"},{\"@type\":\"ListItem\",\"position\":2,\"name\":\"Tienda\",\"item\":\"http:\/\/mcprd.cl\/en\/tienda\/\"},{\"@type\":\"ListItem\",\"position\":3,\"name\":\"SELLO PARA TAPAS DE BODEGAS McGREGOR (Straight Parking Comer Packing. End Packing. etc.)\"}]},{\"@type\":\"WebSite\",\"@id\":\"https:\/\/mcprd.cl\/en\/#website\",\"url\":\"https:\/\/mcprd.cl\/en\/\",\"name\":\"MCP Rubber Division\",\"description\":\"Productos T\u00e9cnicos de Caucho\",\"potentialAction\":[{\"@type\":\"SearchAction\",\"target\":{\"@type\":\"EntryPoint\",\"urlTemplate\":\"https:\/\/mcprd.cl\/en\/?s={search_term_string}\"},\"query-input\":{\"@type\":\"PropertyValueSpecification\",\"valueRequired\":true,\"valueName\":\"search_term_string\"}}],\"inLanguage\":\"en-US\"}]}<\/script>\n<!-- \/ Yoast SEO plugin. -->","yoast_head_json":{"title":"SELLO PARA TAPAS DE BODEGAS McGREGOR (Straight Parking Comer Packing. End Packing. etc.) - MCP Rubber Division","robots":{"index":"index","follow":"follow","max-snippet":"max-snippet:-1","max-image-preview":"max-image-preview:large","max-video-preview":"max-video-preview:-1"},"canonical":"http:\/\/mcprd.cl\/en\/product\/sello-para-tapas-de-bodegas-mcgregor-straight-parking-comer-packing-end-packing-etc\/","og_locale":"en_US","og_type":"article","og_title":"SELLO PARA TAPAS DE BODEGAS McGREGOR (Straight Parking Comer Packing. End Packing. etc.) - MCP Rubber Division","og_description":"Es un dispositivo utilizado en embarcaciones para asegurar un cierre herm\u00e9tico de las bodegas, protegiendo la carga de agua, aire y contaminantes. Hecho de goma o elast\u00f3meros resistentes, su dise\u00f1o se adapta a la tapa de la bodega y es f\u00e1cil de instalar y reemplazar. Es esencial para mantener la integridad de la carga y [&hellip;]","og_url":"http:\/\/mcprd.cl\/en\/product\/sello-para-tapas-de-bodegas-mcgregor-straight-parking-comer-packing-end-packing-etc\/","og_site_name":"MCP Rubber Division","article_modified_time":"2024-12-20T20:22:09+00:00","og_image":[{"width":400,"height":400,"url":"https:\/\/mcprd.cl\/wp-content\/uploads\/2024\/10\/Capa-7naval.jpg","type":"image\/jpeg"}],"twitter_card":"summary_large_image","schema":{"@context":"https:\/\/schema.org","@graph":[{"@type":"WebPage","@id":"http:\/\/mcprd.cl\/en\/product\/sello-para-tapas-de-bodegas-mcgregor-straight-parking-comer-packing-end-packing-etc\/","url":"http:\/\/mcprd.cl\/en\/product\/sello-para-tapas-de-bodegas-mcgregor-straight-parking-comer-packing-end-packing-etc\/","name":"SELLO PARA TAPAS DE BODEGAS McGREGOR (Straight Parking Comer Packing. End Packing. etc.) - MCP Rubber Division","isPartOf":{"@id":"https:\/\/mcprd.cl\/en\/#website"},"primaryImageOfPage":{"@id":"http:\/\/mcprd.cl\/en\/product\/sello-para-tapas-de-bodegas-mcgregor-straight-parking-comer-packing-end-packing-etc\/#primaryimage"},"image":{"@id":"http:\/\/mcprd.cl\/en\/product\/sello-para-tapas-de-bodegas-mcgregor-straight-parking-comer-packing-end-packing-etc\/#primaryimage"},"thumbnailUrl":"https:\/\/mcprd.cl\/wp-content\/uploads\/2024\/10\/Capa-7naval.jpg","datePublished":"2024-10-15T15:39:47+00:00","dateModified":"2024-12-20T20:22:09+00:00","breadcrumb":{"@id":"http:\/\/mcprd.cl\/en\/product\/sello-para-tapas-de-bodegas-mcgregor-straight-parking-comer-packing-end-packing-etc\/#breadcrumb"},"inLanguage":"en-US","potentialAction":[{"@type":"ReadAction","target":["http:\/\/mcprd.cl\/en\/product\/sello-para-tapas-de-bodegas-mcgregor-straight-parking-comer-packing-end-packing-etc\/"]}]},{"@type":"ImageObject","inLanguage":"en-US","@id":"http:\/\/mcprd.cl\/en\/product\/sello-para-tapas-de-bodegas-mcgregor-straight-parking-comer-packing-end-packing-etc\/#primaryimage","url":"https:\/\/mcprd.cl\/wp-content\/uploads\/2024\/10\/Capa-7naval.jpg","contentUrl":"https:\/\/mcprd.cl\/wp-content\/uploads\/2024\/10\/Capa-7naval.jpg","width":400,"height":400},{"@type":"BreadcrumbList","@id":"http:\/\/mcprd.cl\/en\/product\/sello-para-tapas-de-bodegas-mcgregor-straight-parking-comer-packing-end-packing-etc\/#breadcrumb","itemListElement":[{"@type":"ListItem","position":1,"name":"Portada","item":"https:\/\/mcprd.cl\/"},{"@type":"ListItem","position":2,"name":"Tienda","item":"http:\/\/mcprd.cl\/en\/tienda\/"},{"@type":"ListItem","position":3,"name":"SELLO PARA TAPAS DE BODEGAS McGREGOR (Straight Parking Comer Packing. End Packing. etc.)"}]},{"@type":"WebSite","@id":"https:\/\/mcprd.cl\/en\/#website","url":"https:\/\/mcprd.cl\/en\/","name":"MCP Rubber Division","description":"Technical Rubber Products","potentialAction":[{"@type":"SearchAction","target":{"@type":"EntryPoint","urlTemplate":"https:\/\/mcprd.cl\/en\/?s={search_term_string}"},"query-input":{"@type":"PropertyValueSpecification","valueRequired":true,"valueName":"search_term_string"}}],"inLanguage":"en-US"}]}},"_links":{"self":[{"href":"https:\/\/mcprd.cl\/en\/wp-json\/wp\/v2\/product\/672","targetHints":{"allow":["GET"]}}],"collection":[{"href":"https:\/\/mcprd.cl\/en\/wp-json\/wp\/v2\/product"}],"about":[{"href":"https:\/\/mcprd.cl\/en\/wp-json\/wp\/v2\/types\/product"}],"replies":[{"embeddable":true,"href":"https:\/\/mcprd.cl\/en\/wp-json\/wp\/v2\/comments?post=672"}],"wp:featuredmedia":[{"embeddable":true,"href":"https:\/\/mcprd.cl\/en\/wp-json\/wp\/v2\/media\/952"}],"wp:attachment":[{"href":"https:\/\/mcprd.cl\/en\/wp-json\/wp\/v2\/media?parent=672"}],"wp:term":[{"taxonomy":"product_brand","embeddable":true,"href":"https:\/\/mcprd.cl\/en\/wp-json\/wp\/v2\/product_brand?post=672"},{"taxonomy":"product_cat","embeddable":true,"href":"https:\/\/mcprd.cl\/en\/wp-json\/wp\/v2\/product_cat?post=672"},{"taxonomy":"product_tag","embeddable":true,"href":"https:\/\/mcprd.cl\/en\/wp-json\/wp\/v2\/product_tag?post=672"}],"curies":[{"name":"wp","href":"https:\/\/api.w.org\/{rel}","templated":true}]}}