{"id":645,"date":"2024-10-15T17:39:45","date_gmt":"2024-10-15T15:39:45","guid":{"rendered":"https:\/\/mcprd.cl\/?post_type=product&#038;p=645"},"modified":"2024-12-20T21:22:23","modified_gmt":"2024-12-20T20:22:23","slug":"revestimientos-de-ruedas-poleas-y-estanques","status":"publish","type":"product","link":"https:\/\/mcprd.cl\/en\/product\/revestimientos-de-ruedas-poleas-y-estanques\/","title":{"rendered":"WHEEL, PULLEY AND TANKS COVERINGS"},"content":{"rendered":"<p>These are materials applied to these surfaces to improve their performance and durability:<\/p>\n<ol>\n<li>Wheels: Improve traction and wear resistance.<\/li>\n<li>Pulleys: Reduce friction wear and improve adhesion.<\/li>\n<li>Ponds: Protect against corrosion and facilitate maintenance.<\/li>\n<\/ol>\n<p>In general, they seek to extend the useful life and improve the efficiency of the components.<\/p>","protected":false},"excerpt":{"rendered":"<p>Son materiales aplicados a estas superficies para mejorar su rendimiento y durabilidad: Ruedas: Mejoran la tracci\u00f3n y resistencia al desgaste. Poleas: Reducen el desgaste por fricci\u00f3n y mejoran la adherencia. Estanques: Protegen de la corrosi\u00f3n y facilitan el mantenimiento. En general, buscan prolongar la vida \u00fatil y mejorar la eficiencia de los componentes.<\/p>","protected":false},"featured_media":921,"comment_status":"closed","ping_status":"closed","template":"","meta":{"_acf_changed":false,"_et_pb_use_builder":"","_et_pb_old_content":"","_et_gb_content_width":"","_joinchat":[]},"product_brand":[],"product_cat":[56],"product_tag":[],"class_list":{"0":"post-645","1":"product","2":"type-product","3":"status-publish","4":"has-post-thumbnail","6":"product_cat-ninguna","8":"first","9":"instock","10":"shipping-taxable","11":"product-type-simple"},"acf":[],"yoast_head":"<!-- This site is optimized with the Yoast SEO plugin v26.2 - https:\/\/yoast.com\/wordpress\/plugins\/seo\/ -->\n<title>REVESTIMIENTOS DE RUEDAS, POLEAS Y ESTANQUES - MCP Rubber Division<\/title>\n<meta name=\"robots\" content=\"index, follow, max-snippet:-1, max-image-preview:large, max-video-preview:-1\" \/>\n<link rel=\"canonical\" href=\"https:\/\/mcprd.cl\/en\/product\/revestimientos-de-ruedas-poleas-y-estanques\/\" \/>\n<meta property=\"og:locale\" content=\"en_US\" \/>\n<meta property=\"og:type\" content=\"article\" \/>\n<meta property=\"og:title\" content=\"REVESTIMIENTOS DE RUEDAS, POLEAS Y ESTANQUES - MCP Rubber Division\" \/>\n<meta property=\"og:description\" content=\"Son materiales aplicados a estas superficies para mejorar su rendimiento y durabilidad: Ruedas: Mejoran la tracci\u00f3n y resistencia al desgaste. Poleas: Reducen el desgaste por fricci\u00f3n y mejoran la adherencia. Estanques: Protegen de la corrosi\u00f3n y facilitan el mantenimiento. En general, buscan prolongar la vida \u00fatil y mejorar la eficiencia de los componentes.\" \/>\n<meta property=\"og:url\" content=\"https:\/\/mcprd.cl\/en\/product\/revestimientos-de-ruedas-poleas-y-estanques\/\" \/>\n<meta property=\"og:site_name\" content=\"MCP Rubber Division\" \/>\n<meta property=\"article:modified_time\" content=\"2024-12-20T20:22:23+00:00\" \/>\n<meta property=\"og:image\" content=\"https:\/\/mcprd.cl\/wp-content\/uploads\/2024\/10\/ruedas-1.jpg\" \/>\n\t<meta property=\"og:image:width\" content=\"400\" \/>\n\t<meta property=\"og:image:height\" content=\"400\" \/>\n\t<meta property=\"og:image:type\" content=\"image\/jpeg\" \/>\n<meta name=\"twitter:card\" content=\"summary_large_image\" \/>\n<script type=\"application\/ld+json\" class=\"yoast-schema-graph\">{\"@context\":\"https:\/\/schema.org\",\"@graph\":[{\"@type\":\"WebPage\",\"@id\":\"https:\/\/mcprd.cl\/producto\/revestimientos-de-ruedas-poleas-y-estanques\/\",\"url\":\"https:\/\/mcprd.cl\/producto\/revestimientos-de-ruedas-poleas-y-estanques\/\",\"name\":\"REVESTIMIENTOS DE RUEDAS, POLEAS Y ESTANQUES - MCP Rubber Division\",\"isPartOf\":{\"@id\":\"https:\/\/mcprd.cl\/en\/#website\"},\"primaryImageOfPage\":{\"@id\":\"https:\/\/mcprd.cl\/producto\/revestimientos-de-ruedas-poleas-y-estanques\/#primaryimage\"},\"image\":{\"@id\":\"https:\/\/mcprd.cl\/producto\/revestimientos-de-ruedas-poleas-y-estanques\/#primaryimage\"},\"thumbnailUrl\":\"https:\/\/mcprd.cl\/wp-content\/uploads\/2024\/10\/ruedas-1.jpg\",\"datePublished\":\"2024-10-15T15:39:45+00:00\",\"dateModified\":\"2024-12-20T20:22:23+00:00\",\"breadcrumb\":{\"@id\":\"https:\/\/mcprd.cl\/producto\/revestimientos-de-ruedas-poleas-y-estanques\/#breadcrumb\"},\"inLanguage\":\"en-US\",\"potentialAction\":[{\"@type\":\"ReadAction\",\"target\":[\"https:\/\/mcprd.cl\/producto\/revestimientos-de-ruedas-poleas-y-estanques\/\"]}]},{\"@type\":\"ImageObject\",\"inLanguage\":\"en-US\",\"@id\":\"https:\/\/mcprd.cl\/producto\/revestimientos-de-ruedas-poleas-y-estanques\/#primaryimage\",\"url\":\"https:\/\/mcprd.cl\/wp-content\/uploads\/2024\/10\/ruedas-1.jpg\",\"contentUrl\":\"https:\/\/mcprd.cl\/wp-content\/uploads\/2024\/10\/ruedas-1.jpg\",\"width\":400,\"height\":400},{\"@type\":\"BreadcrumbList\",\"@id\":\"https:\/\/mcprd.cl\/producto\/revestimientos-de-ruedas-poleas-y-estanques\/#breadcrumb\",\"itemListElement\":[{\"@type\":\"ListItem\",\"position\":1,\"name\":\"Portada\",\"item\":\"https:\/\/mcprd.cl\/\"},{\"@type\":\"ListItem\",\"position\":2,\"name\":\"Tienda\",\"item\":\"http:\/\/mcprd.cl\/en\/tienda\/\"},{\"@type\":\"ListItem\",\"position\":3,\"name\":\"REVESTIMIENTOS DE RUEDAS, POLEAS Y ESTANQUES\"}]},{\"@type\":\"WebSite\",\"@id\":\"https:\/\/mcprd.cl\/en\/#website\",\"url\":\"https:\/\/mcprd.cl\/en\/\",\"name\":\"MCP Rubber Division\",\"description\":\"Productos T\u00e9cnicos de Caucho\",\"potentialAction\":[{\"@type\":\"SearchAction\",\"target\":{\"@type\":\"EntryPoint\",\"urlTemplate\":\"https:\/\/mcprd.cl\/en\/?s={search_term_string}\"},\"query-input\":{\"@type\":\"PropertyValueSpecification\",\"valueRequired\":true,\"valueName\":\"search_term_string\"}}],\"inLanguage\":\"en-US\"}]}<\/script>\n<!-- \/ Yoast SEO plugin. -->","yoast_head_json":{"title":"REVESTIMIENTOS DE RUEDAS, POLEAS Y ESTANQUES - MCP Rubber Division","robots":{"index":"index","follow":"follow","max-snippet":"max-snippet:-1","max-image-preview":"max-image-preview:large","max-video-preview":"max-video-preview:-1"},"canonical":"https:\/\/mcprd.cl\/en\/product\/revestimientos-de-ruedas-poleas-y-estanques\/","og_locale":"en_US","og_type":"article","og_title":"REVESTIMIENTOS DE RUEDAS, POLEAS Y ESTANQUES - MCP Rubber Division","og_description":"Son materiales aplicados a estas superficies para mejorar su rendimiento y durabilidad: Ruedas: Mejoran la tracci\u00f3n y resistencia al desgaste. Poleas: Reducen el desgaste por fricci\u00f3n y mejoran la adherencia. Estanques: Protegen de la corrosi\u00f3n y facilitan el mantenimiento. En general, buscan prolongar la vida \u00fatil y mejorar la eficiencia de los componentes.","og_url":"https:\/\/mcprd.cl\/en\/product\/revestimientos-de-ruedas-poleas-y-estanques\/","og_site_name":"MCP Rubber Division","article_modified_time":"2024-12-20T20:22:23+00:00","og_image":[{"width":400,"height":400,"url":"https:\/\/mcprd.cl\/wp-content\/uploads\/2024\/10\/ruedas-1.jpg","type":"image\/jpeg"}],"twitter_card":"summary_large_image","schema":{"@context":"https:\/\/schema.org","@graph":[{"@type":"WebPage","@id":"https:\/\/mcprd.cl\/producto\/revestimientos-de-ruedas-poleas-y-estanques\/","url":"https:\/\/mcprd.cl\/producto\/revestimientos-de-ruedas-poleas-y-estanques\/","name":"REVESTIMIENTOS DE RUEDAS, POLEAS Y ESTANQUES - MCP Rubber Division","isPartOf":{"@id":"https:\/\/mcprd.cl\/en\/#website"},"primaryImageOfPage":{"@id":"https:\/\/mcprd.cl\/producto\/revestimientos-de-ruedas-poleas-y-estanques\/#primaryimage"},"image":{"@id":"https:\/\/mcprd.cl\/producto\/revestimientos-de-ruedas-poleas-y-estanques\/#primaryimage"},"thumbnailUrl":"https:\/\/mcprd.cl\/wp-content\/uploads\/2024\/10\/ruedas-1.jpg","datePublished":"2024-10-15T15:39:45+00:00","dateModified":"2024-12-20T20:22:23+00:00","breadcrumb":{"@id":"https:\/\/mcprd.cl\/producto\/revestimientos-de-ruedas-poleas-y-estanques\/#breadcrumb"},"inLanguage":"en-US","potentialAction":[{"@type":"ReadAction","target":["https:\/\/mcprd.cl\/producto\/revestimientos-de-ruedas-poleas-y-estanques\/"]}]},{"@type":"ImageObject","inLanguage":"en-US","@id":"https:\/\/mcprd.cl\/producto\/revestimientos-de-ruedas-poleas-y-estanques\/#primaryimage","url":"https:\/\/mcprd.cl\/wp-content\/uploads\/2024\/10\/ruedas-1.jpg","contentUrl":"https:\/\/mcprd.cl\/wp-content\/uploads\/2024\/10\/ruedas-1.jpg","width":400,"height":400},{"@type":"BreadcrumbList","@id":"https:\/\/mcprd.cl\/producto\/revestimientos-de-ruedas-poleas-y-estanques\/#breadcrumb","itemListElement":[{"@type":"ListItem","position":1,"name":"Portada","item":"https:\/\/mcprd.cl\/"},{"@type":"ListItem","position":2,"name":"Tienda","item":"http:\/\/mcprd.cl\/en\/tienda\/"},{"@type":"ListItem","position":3,"name":"REVESTIMIENTOS DE RUEDAS, POLEAS Y ESTANQUES"}]},{"@type":"WebSite","@id":"https:\/\/mcprd.cl\/en\/#website","url":"https:\/\/mcprd.cl\/en\/","name":"MCP Rubber Division","description":"Technical Rubber Products","potentialAction":[{"@type":"SearchAction","target":{"@type":"EntryPoint","urlTemplate":"https:\/\/mcprd.cl\/en\/?s={search_term_string}"},"query-input":{"@type":"PropertyValueSpecification","valueRequired":true,"valueName":"search_term_string"}}],"inLanguage":"en-US"}]}},"_links":{"self":[{"href":"https:\/\/mcprd.cl\/en\/wp-json\/wp\/v2\/product\/645","targetHints":{"allow":["GET"]}}],"collection":[{"href":"https:\/\/mcprd.cl\/en\/wp-json\/wp\/v2\/product"}],"about":[{"href":"https:\/\/mcprd.cl\/en\/wp-json\/wp\/v2\/types\/product"}],"replies":[{"embeddable":true,"href":"https:\/\/mcprd.cl\/en\/wp-json\/wp\/v2\/comments?post=645"}],"wp:featuredmedia":[{"embeddable":true,"href":"https:\/\/mcprd.cl\/en\/wp-json\/wp\/v2\/media\/921"}],"wp:attachment":[{"href":"https:\/\/mcprd.cl\/en\/wp-json\/wp\/v2\/media?parent=645"}],"wp:term":[{"taxonomy":"product_brand","embeddable":true,"href":"https:\/\/mcprd.cl\/en\/wp-json\/wp\/v2\/product_brand?post=645"},{"taxonomy":"product_cat","embeddable":true,"href":"https:\/\/mcprd.cl\/en\/wp-json\/wp\/v2\/product_cat?post=645"},{"taxonomy":"product_tag","embeddable":true,"href":"https:\/\/mcprd.cl\/en\/wp-json\/wp\/v2\/product_tag?post=645"}],"curies":[{"name":"wp","href":"https:\/\/api.w.org\/{rel}","templated":true}]}}