{"id":632,"date":"2024-10-15T17:39:43","date_gmt":"2024-10-15T15:39:43","guid":{"rendered":"https:\/\/mcprd.cl\/?post_type=product&#038;p=632"},"modified":"2024-12-20T21:22:50","modified_gmt":"2024-12-20T20:22:50","slug":"retenes-upacking-sellos","status":"publish","type":"product","link":"https:\/\/mcprd.cl\/en\/product\/retenes-upacking-sellos\/","title":{"rendered":"SEALS -U&#039;PACKING - SEALS"},"content":{"rendered":"<p>Prevents leakage of gases or liquids, such as oil, on rotating shafts and moving parts. Made of rubber or elastomer, used in automobiles, machinery and appliances to protect against contamination and maintain lubrication to ensure efficient operation.<\/p>","protected":false},"excerpt":{"rendered":"<p>Prevents leakage of gases or liquids, such as oil, on rotating shafts and moving parts. Made of rubber or elastomer, used in automobiles, machinery and appliances to protect against contamination and maintain lubrication to ensure efficient operation.<\/p>","protected":false},"featured_media":913,"comment_status":"closed","ping_status":"closed","template":"","meta":{"_acf_changed":false,"_et_pb_use_builder":"","_et_pb_old_content":"","_et_gb_content_width":"","_joinchat":[]},"product_brand":[],"product_cat":[56],"product_tag":[],"class_list":{"0":"post-632","1":"product","2":"type-product","3":"status-publish","4":"has-post-thumbnail","6":"product_cat-ninguna","8":"first","9":"instock","10":"shipping-taxable","11":"product-type-simple"},"acf":[],"yoast_head":"<!-- This site is optimized with the Yoast SEO plugin v26.2 - https:\/\/yoast.com\/wordpress\/plugins\/seo\/ -->\n<title>RETENES -U\u2019PACKING - SELLOS - MCP Rubber Division<\/title>\n<meta name=\"robots\" content=\"index, follow, max-snippet:-1, max-image-preview:large, max-video-preview:-1\" \/>\n<link rel=\"canonical\" href=\"http:\/\/mcprd.cl\/en\/product\/retenes-upacking-sellos\/\" \/>\n<meta property=\"og:locale\" content=\"en_US\" \/>\n<meta property=\"og:type\" content=\"article\" \/>\n<meta property=\"og:title\" content=\"RETENES -U\u2019PACKING - SELLOS - MCP Rubber Division\" \/>\n<meta property=\"og:description\" content=\"Previenen fugas de gases o l\u00edquidos, como aceite, en ejes rotativos y partes m\u00f3viles. Hecho de goma o elast\u00f3mero, se usa en autom\u00f3viles, maquinaria y electrodom\u00e9sticos para proteger contra la contaminaci\u00f3n y mantener la lubricaci\u00f3n para asegurar un funcionamiento eficiente.\" \/>\n<meta property=\"og:url\" content=\"http:\/\/mcprd.cl\/en\/product\/retenes-upacking-sellos\/\" \/>\n<meta property=\"og:site_name\" content=\"MCP Rubber Division\" \/>\n<meta property=\"article:modified_time\" content=\"2024-12-20T20:22:50+00:00\" \/>\n<meta property=\"og:image\" content=\"https:\/\/mcprd.cl\/wp-content\/uploads\/2024\/10\/upacking-1.jpg\" \/>\n\t<meta property=\"og:image:width\" content=\"400\" \/>\n\t<meta property=\"og:image:height\" content=\"400\" \/>\n\t<meta property=\"og:image:type\" content=\"image\/jpeg\" \/>\n<meta name=\"twitter:card\" content=\"summary_large_image\" \/>\n<script type=\"application\/ld+json\" class=\"yoast-schema-graph\">{\"@context\":\"https:\/\/schema.org\",\"@graph\":[{\"@type\":\"WebPage\",\"@id\":\"http:\/\/mcprd.cl\/en\/product\/retenes-upacking-sellos\/\",\"url\":\"http:\/\/mcprd.cl\/en\/product\/retenes-upacking-sellos\/\",\"name\":\"RETENES -U\u2019PACKING - SELLOS - MCP Rubber Division\",\"isPartOf\":{\"@id\":\"https:\/\/mcprd.cl\/en\/#website\"},\"primaryImageOfPage\":{\"@id\":\"http:\/\/mcprd.cl\/en\/product\/retenes-upacking-sellos\/#primaryimage\"},\"image\":{\"@id\":\"http:\/\/mcprd.cl\/en\/product\/retenes-upacking-sellos\/#primaryimage\"},\"thumbnailUrl\":\"https:\/\/mcprd.cl\/wp-content\/uploads\/2024\/10\/upacking-1.jpg\",\"datePublished\":\"2024-10-15T15:39:43+00:00\",\"dateModified\":\"2024-12-20T20:22:50+00:00\",\"breadcrumb\":{\"@id\":\"http:\/\/mcprd.cl\/en\/product\/retenes-upacking-sellos\/#breadcrumb\"},\"inLanguage\":\"en-US\",\"potentialAction\":[{\"@type\":\"ReadAction\",\"target\":[\"http:\/\/mcprd.cl\/en\/product\/retenes-upacking-sellos\/\"]}]},{\"@type\":\"ImageObject\",\"inLanguage\":\"en-US\",\"@id\":\"http:\/\/mcprd.cl\/en\/product\/retenes-upacking-sellos\/#primaryimage\",\"url\":\"https:\/\/mcprd.cl\/wp-content\/uploads\/2024\/10\/upacking-1.jpg\",\"contentUrl\":\"https:\/\/mcprd.cl\/wp-content\/uploads\/2024\/10\/upacking-1.jpg\",\"width\":400,\"height\":400},{\"@type\":\"BreadcrumbList\",\"@id\":\"http:\/\/mcprd.cl\/en\/product\/retenes-upacking-sellos\/#breadcrumb\",\"itemListElement\":[{\"@type\":\"ListItem\",\"position\":1,\"name\":\"Portada\",\"item\":\"https:\/\/mcprd.cl\/\"},{\"@type\":\"ListItem\",\"position\":2,\"name\":\"Tienda\",\"item\":\"http:\/\/mcprd.cl\/en\/tienda\/\"},{\"@type\":\"ListItem\",\"position\":3,\"name\":\"RETENES -U\u2019PACKING &#8211; SELLOS\"}]},{\"@type\":\"WebSite\",\"@id\":\"https:\/\/mcprd.cl\/en\/#website\",\"url\":\"https:\/\/mcprd.cl\/en\/\",\"name\":\"MCP Rubber Division\",\"description\":\"Productos T\u00e9cnicos de Caucho\",\"potentialAction\":[{\"@type\":\"SearchAction\",\"target\":{\"@type\":\"EntryPoint\",\"urlTemplate\":\"https:\/\/mcprd.cl\/en\/?s={search_term_string}\"},\"query-input\":{\"@type\":\"PropertyValueSpecification\",\"valueRequired\":true,\"valueName\":\"search_term_string\"}}],\"inLanguage\":\"en-US\"}]}<\/script>\n<!-- \/ Yoast SEO plugin. -->","yoast_head_json":{"title":"RETENES -U\u2019PACKING - SELLOS - MCP Rubber Division","robots":{"index":"index","follow":"follow","max-snippet":"max-snippet:-1","max-image-preview":"max-image-preview:large","max-video-preview":"max-video-preview:-1"},"canonical":"http:\/\/mcprd.cl\/en\/product\/retenes-upacking-sellos\/","og_locale":"en_US","og_type":"article","og_title":"RETENES -U\u2019PACKING - SELLOS - MCP Rubber Division","og_description":"Previenen fugas de gases o l\u00edquidos, como aceite, en ejes rotativos y partes m\u00f3viles. Hecho de goma o elast\u00f3mero, se usa en autom\u00f3viles, maquinaria y electrodom\u00e9sticos para proteger contra la contaminaci\u00f3n y mantener la lubricaci\u00f3n para asegurar un funcionamiento eficiente.","og_url":"http:\/\/mcprd.cl\/en\/product\/retenes-upacking-sellos\/","og_site_name":"MCP Rubber Division","article_modified_time":"2024-12-20T20:22:50+00:00","og_image":[{"width":400,"height":400,"url":"https:\/\/mcprd.cl\/wp-content\/uploads\/2024\/10\/upacking-1.jpg","type":"image\/jpeg"}],"twitter_card":"summary_large_image","schema":{"@context":"https:\/\/schema.org","@graph":[{"@type":"WebPage","@id":"http:\/\/mcprd.cl\/en\/product\/retenes-upacking-sellos\/","url":"http:\/\/mcprd.cl\/en\/product\/retenes-upacking-sellos\/","name":"RETENES -U\u2019PACKING - SELLOS - MCP Rubber Division","isPartOf":{"@id":"https:\/\/mcprd.cl\/en\/#website"},"primaryImageOfPage":{"@id":"http:\/\/mcprd.cl\/en\/product\/retenes-upacking-sellos\/#primaryimage"},"image":{"@id":"http:\/\/mcprd.cl\/en\/product\/retenes-upacking-sellos\/#primaryimage"},"thumbnailUrl":"https:\/\/mcprd.cl\/wp-content\/uploads\/2024\/10\/upacking-1.jpg","datePublished":"2024-10-15T15:39:43+00:00","dateModified":"2024-12-20T20:22:50+00:00","breadcrumb":{"@id":"http:\/\/mcprd.cl\/en\/product\/retenes-upacking-sellos\/#breadcrumb"},"inLanguage":"en-US","potentialAction":[{"@type":"ReadAction","target":["http:\/\/mcprd.cl\/en\/product\/retenes-upacking-sellos\/"]}]},{"@type":"ImageObject","inLanguage":"en-US","@id":"http:\/\/mcprd.cl\/en\/product\/retenes-upacking-sellos\/#primaryimage","url":"https:\/\/mcprd.cl\/wp-content\/uploads\/2024\/10\/upacking-1.jpg","contentUrl":"https:\/\/mcprd.cl\/wp-content\/uploads\/2024\/10\/upacking-1.jpg","width":400,"height":400},{"@type":"BreadcrumbList","@id":"http:\/\/mcprd.cl\/en\/product\/retenes-upacking-sellos\/#breadcrumb","itemListElement":[{"@type":"ListItem","position":1,"name":"Portada","item":"https:\/\/mcprd.cl\/"},{"@type":"ListItem","position":2,"name":"Tienda","item":"http:\/\/mcprd.cl\/en\/tienda\/"},{"@type":"ListItem","position":3,"name":"RETENES -U\u2019PACKING &#8211; SELLOS"}]},{"@type":"WebSite","@id":"https:\/\/mcprd.cl\/en\/#website","url":"https:\/\/mcprd.cl\/en\/","name":"MCP Rubber Division","description":"Technical Rubber Products","potentialAction":[{"@type":"SearchAction","target":{"@type":"EntryPoint","urlTemplate":"https:\/\/mcprd.cl\/en\/?s={search_term_string}"},"query-input":{"@type":"PropertyValueSpecification","valueRequired":true,"valueName":"search_term_string"}}],"inLanguage":"en-US"}]}},"_links":{"self":[{"href":"https:\/\/mcprd.cl\/en\/wp-json\/wp\/v2\/product\/632","targetHints":{"allow":["GET"]}}],"collection":[{"href":"https:\/\/mcprd.cl\/en\/wp-json\/wp\/v2\/product"}],"about":[{"href":"https:\/\/mcprd.cl\/en\/wp-json\/wp\/v2\/types\/product"}],"replies":[{"embeddable":true,"href":"https:\/\/mcprd.cl\/en\/wp-json\/wp\/v2\/comments?post=632"}],"wp:featuredmedia":[{"embeddable":true,"href":"https:\/\/mcprd.cl\/en\/wp-json\/wp\/v2\/media\/913"}],"wp:attachment":[{"href":"https:\/\/mcprd.cl\/en\/wp-json\/wp\/v2\/media?parent=632"}],"wp:term":[{"taxonomy":"product_brand","embeddable":true,"href":"https:\/\/mcprd.cl\/en\/wp-json\/wp\/v2\/product_brand?post=632"},{"taxonomy":"product_cat","embeddable":true,"href":"https:\/\/mcprd.cl\/en\/wp-json\/wp\/v2\/product_cat?post=632"},{"taxonomy":"product_tag","embeddable":true,"href":"https:\/\/mcprd.cl\/en\/wp-json\/wp\/v2\/product_tag?post=632"}],"curies":[{"name":"wp","href":"https:\/\/api.w.org\/{rel}","templated":true}]}}