{"id":613,"date":"2024-10-15T17:39:42","date_gmt":"2024-10-15T15:39:42","guid":{"rendered":"https:\/\/mcprd.cl\/?post_type=product&#038;p=613"},"modified":"2024-12-20T21:22:56","modified_gmt":"2024-12-20T20:22:56","slug":"oring-milimetricos-y-en-pulgadas","status":"publish","type":"product","link":"https:\/\/mcprd.cl\/en\/product\/oring-milimetricos-y-en-pulgadas\/","title":{"rendered":"O&#039;RING \u2013 millimetric and inch"},"content":{"rendered":"<p>An O-ring is a ring-shaped gasket, made of rubber or elastomer, used to seal joints between surfaces and prevent leakage of liquids and gases. It is used in various applications, such as machinery, automobiles and hydraulic equipment.<\/p>\n<p><img decoding=\"async\" class=\"alignnone wp-image-633 size-full\" src=\"https:\/\/mcprd.cl\/wp-content\/uploads\/2022\/06\/tabla_oring.jpg\" alt=\"\" width=\"550\" height=\"589\" \/><\/p>","protected":false},"excerpt":{"rendered":"<p>An O-ring is a ring-shaped gasket, made of rubber or elastomer, used to seal joints between surfaces and prevent leakage of liquids and gases. It is used in various applications, such as machinery, automobiles and hydraulic equipment.<\/p>","protected":false},"featured_media":920,"comment_status":"closed","ping_status":"closed","template":"","meta":{"_acf_changed":false,"_et_pb_use_builder":"off","_et_pb_old_content":"Nuestra Empresa cuenta con m\u00e1s de 5000 tipos de orings milim\u00e9tricos y en pulgadas. Fabricados en caucho sint\u00e9tico como NBR, Viton, Silicona y Cauchos Especiales seg\u00fan requerimientos.\r\n\r\n<img class=\"alignnone wp-image-633 size-full\" src=\"https:\/\/mcprd.cl\/wp-content\/uploads\/2022\/06\/tabla_oring.jpg\" alt=\"\" width=\"550\" height=\"589\" \/>","_et_gb_content_width":"","_joinchat":[]},"product_brand":[],"product_cat":[56],"product_tag":[],"class_list":{"0":"post-613","1":"product","2":"type-product","3":"status-publish","4":"has-post-thumbnail","6":"product_cat-ninguna","8":"first","9":"instock","10":"shipping-taxable","11":"product-type-simple"},"acf":[],"yoast_head":"<!-- This site is optimized with the Yoast SEO plugin v26.2 - https:\/\/yoast.com\/wordpress\/plugins\/seo\/ -->\n<title>O&#039;RING - milim\u00e9tricos y en pulgadas - MCP Rubber Division<\/title>\n<meta name=\"robots\" content=\"index, follow, max-snippet:-1, max-image-preview:large, max-video-preview:-1\" \/>\n<link rel=\"canonical\" href=\"https:\/\/mcprd.cl\/en\/product\/oring-milimetricos-y-en-pulgadas\/\" \/>\n<meta property=\"og:locale\" content=\"en_US\" \/>\n<meta property=\"og:type\" content=\"article\" \/>\n<meta property=\"og:title\" content=\"O&#039;RING - milim\u00e9tricos y en pulgadas - MCP Rubber Division\" \/>\n<meta property=\"og:description\" content=\"Un O-ring es una junta en forma de anillo, hecha de goma o elast\u00f3mero, que se utiliza para sellar juntas entre superficies y prevenir filtraciones de l\u00edquidos y gases. Se usa en diversas aplicaciones, como maquinaria, autom\u00f3viles y equipos hidr\u00e1ulicos.\" \/>\n<meta property=\"og:url\" content=\"https:\/\/mcprd.cl\/en\/product\/oring-milimetricos-y-en-pulgadas\/\" \/>\n<meta property=\"og:site_name\" content=\"MCP Rubber Division\" \/>\n<meta property=\"article:modified_time\" content=\"2024-12-20T20:22:56+00:00\" \/>\n<meta property=\"og:image\" content=\"https:\/\/mcprd.cl\/wp-content\/uploads\/2024\/10\/oring-1.jpg\" \/>\n\t<meta property=\"og:image:width\" content=\"400\" \/>\n\t<meta property=\"og:image:height\" content=\"400\" \/>\n\t<meta property=\"og:image:type\" content=\"image\/jpeg\" \/>\n<meta name=\"twitter:card\" content=\"summary_large_image\" \/>\n<script type=\"application\/ld+json\" class=\"yoast-schema-graph\">{\"@context\":\"https:\/\/schema.org\",\"@graph\":[{\"@type\":\"WebPage\",\"@id\":\"https:\/\/mcprd.cl\/en\/product\/oring-milimetricos-y-en-pulgadas\/\",\"url\":\"https:\/\/mcprd.cl\/en\/product\/oring-milimetricos-y-en-pulgadas\/\",\"name\":\"O'RING - milim\u00e9tricos y en pulgadas - MCP Rubber Division\",\"isPartOf\":{\"@id\":\"https:\/\/mcprd.cl\/en\/#website\"},\"primaryImageOfPage\":{\"@id\":\"https:\/\/mcprd.cl\/en\/product\/oring-milimetricos-y-en-pulgadas\/#primaryimage\"},\"image\":{\"@id\":\"https:\/\/mcprd.cl\/en\/product\/oring-milimetricos-y-en-pulgadas\/#primaryimage\"},\"thumbnailUrl\":\"https:\/\/mcprd.cl\/wp-content\/uploads\/2024\/10\/oring-1.jpg\",\"datePublished\":\"2024-10-15T15:39:42+00:00\",\"dateModified\":\"2024-12-20T20:22:56+00:00\",\"breadcrumb\":{\"@id\":\"https:\/\/mcprd.cl\/en\/product\/oring-milimetricos-y-en-pulgadas\/#breadcrumb\"},\"inLanguage\":\"en-US\",\"potentialAction\":[{\"@type\":\"ReadAction\",\"target\":[\"https:\/\/mcprd.cl\/en\/product\/oring-milimetricos-y-en-pulgadas\/\"]}]},{\"@type\":\"ImageObject\",\"inLanguage\":\"en-US\",\"@id\":\"https:\/\/mcprd.cl\/en\/product\/oring-milimetricos-y-en-pulgadas\/#primaryimage\",\"url\":\"https:\/\/mcprd.cl\/wp-content\/uploads\/2024\/10\/oring-1.jpg\",\"contentUrl\":\"https:\/\/mcprd.cl\/wp-content\/uploads\/2024\/10\/oring-1.jpg\",\"width\":400,\"height\":400},{\"@type\":\"BreadcrumbList\",\"@id\":\"https:\/\/mcprd.cl\/en\/product\/oring-milimetricos-y-en-pulgadas\/#breadcrumb\",\"itemListElement\":[{\"@type\":\"ListItem\",\"position\":1,\"name\":\"Portada\",\"item\":\"https:\/\/mcprd.cl\/\"},{\"@type\":\"ListItem\",\"position\":2,\"name\":\"Tienda\",\"item\":\"http:\/\/mcprd.cl\/en\/tienda\/\"},{\"@type\":\"ListItem\",\"position\":3,\"name\":\"O&#8217;RING &#8211; milim\u00e9tricos y en pulgadas\"}]},{\"@type\":\"WebSite\",\"@id\":\"https:\/\/mcprd.cl\/en\/#website\",\"url\":\"https:\/\/mcprd.cl\/en\/\",\"name\":\"MCP Rubber Division\",\"description\":\"Productos T\u00e9cnicos de Caucho\",\"potentialAction\":[{\"@type\":\"SearchAction\",\"target\":{\"@type\":\"EntryPoint\",\"urlTemplate\":\"https:\/\/mcprd.cl\/en\/?s={search_term_string}\"},\"query-input\":{\"@type\":\"PropertyValueSpecification\",\"valueRequired\":true,\"valueName\":\"search_term_string\"}}],\"inLanguage\":\"en-US\"}]}<\/script>\n<!-- \/ Yoast SEO plugin. -->","yoast_head_json":{"title":"O'RING - milim\u00e9tricos y en pulgadas - MCP Rubber Division","robots":{"index":"index","follow":"follow","max-snippet":"max-snippet:-1","max-image-preview":"max-image-preview:large","max-video-preview":"max-video-preview:-1"},"canonical":"https:\/\/mcprd.cl\/en\/product\/oring-milimetricos-y-en-pulgadas\/","og_locale":"en_US","og_type":"article","og_title":"O'RING - milim\u00e9tricos y en pulgadas - MCP Rubber Division","og_description":"Un O-ring es una junta en forma de anillo, hecha de goma o elast\u00f3mero, que se utiliza para sellar juntas entre superficies y prevenir filtraciones de l\u00edquidos y gases. Se usa en diversas aplicaciones, como maquinaria, autom\u00f3viles y equipos hidr\u00e1ulicos.","og_url":"https:\/\/mcprd.cl\/en\/product\/oring-milimetricos-y-en-pulgadas\/","og_site_name":"MCP Rubber Division","article_modified_time":"2024-12-20T20:22:56+00:00","og_image":[{"width":400,"height":400,"url":"https:\/\/mcprd.cl\/wp-content\/uploads\/2024\/10\/oring-1.jpg","type":"image\/jpeg"}],"twitter_card":"summary_large_image","schema":{"@context":"https:\/\/schema.org","@graph":[{"@type":"WebPage","@id":"https:\/\/mcprd.cl\/en\/product\/oring-milimetricos-y-en-pulgadas\/","url":"https:\/\/mcprd.cl\/en\/product\/oring-milimetricos-y-en-pulgadas\/","name":"O'RING - milim\u00e9tricos y en pulgadas - MCP Rubber Division","isPartOf":{"@id":"https:\/\/mcprd.cl\/en\/#website"},"primaryImageOfPage":{"@id":"https:\/\/mcprd.cl\/en\/product\/oring-milimetricos-y-en-pulgadas\/#primaryimage"},"image":{"@id":"https:\/\/mcprd.cl\/en\/product\/oring-milimetricos-y-en-pulgadas\/#primaryimage"},"thumbnailUrl":"https:\/\/mcprd.cl\/wp-content\/uploads\/2024\/10\/oring-1.jpg","datePublished":"2024-10-15T15:39:42+00:00","dateModified":"2024-12-20T20:22:56+00:00","breadcrumb":{"@id":"https:\/\/mcprd.cl\/en\/product\/oring-milimetricos-y-en-pulgadas\/#breadcrumb"},"inLanguage":"en-US","potentialAction":[{"@type":"ReadAction","target":["https:\/\/mcprd.cl\/en\/product\/oring-milimetricos-y-en-pulgadas\/"]}]},{"@type":"ImageObject","inLanguage":"en-US","@id":"https:\/\/mcprd.cl\/en\/product\/oring-milimetricos-y-en-pulgadas\/#primaryimage","url":"https:\/\/mcprd.cl\/wp-content\/uploads\/2024\/10\/oring-1.jpg","contentUrl":"https:\/\/mcprd.cl\/wp-content\/uploads\/2024\/10\/oring-1.jpg","width":400,"height":400},{"@type":"BreadcrumbList","@id":"https:\/\/mcprd.cl\/en\/product\/oring-milimetricos-y-en-pulgadas\/#breadcrumb","itemListElement":[{"@type":"ListItem","position":1,"name":"Portada","item":"https:\/\/mcprd.cl\/"},{"@type":"ListItem","position":2,"name":"Tienda","item":"http:\/\/mcprd.cl\/en\/tienda\/"},{"@type":"ListItem","position":3,"name":"O&#8217;RING &#8211; milim\u00e9tricos y en pulgadas"}]},{"@type":"WebSite","@id":"https:\/\/mcprd.cl\/en\/#website","url":"https:\/\/mcprd.cl\/en\/","name":"MCP Rubber Division","description":"Technical Rubber Products","potentialAction":[{"@type":"SearchAction","target":{"@type":"EntryPoint","urlTemplate":"https:\/\/mcprd.cl\/en\/?s={search_term_string}"},"query-input":{"@type":"PropertyValueSpecification","valueRequired":true,"valueName":"search_term_string"}}],"inLanguage":"en-US"}]}},"_links":{"self":[{"href":"https:\/\/mcprd.cl\/en\/wp-json\/wp\/v2\/product\/613","targetHints":{"allow":["GET"]}}],"collection":[{"href":"https:\/\/mcprd.cl\/en\/wp-json\/wp\/v2\/product"}],"about":[{"href":"https:\/\/mcprd.cl\/en\/wp-json\/wp\/v2\/types\/product"}],"replies":[{"embeddable":true,"href":"https:\/\/mcprd.cl\/en\/wp-json\/wp\/v2\/comments?post=613"}],"wp:featuredmedia":[{"embeddable":true,"href":"https:\/\/mcprd.cl\/en\/wp-json\/wp\/v2\/media\/920"}],"wp:attachment":[{"href":"https:\/\/mcprd.cl\/en\/wp-json\/wp\/v2\/media?parent=613"}],"wp:term":[{"taxonomy":"product_brand","embeddable":true,"href":"https:\/\/mcprd.cl\/en\/wp-json\/wp\/v2\/product_brand?post=613"},{"taxonomy":"product_cat","embeddable":true,"href":"https:\/\/mcprd.cl\/en\/wp-json\/wp\/v2\/product_cat?post=613"},{"taxonomy":"product_tag","embeddable":true,"href":"https:\/\/mcprd.cl\/en\/wp-json\/wp\/v2\/product_tag?post=613"}],"curies":[{"name":"wp","href":"https:\/\/api.w.org\/{rel}","templated":true}]}}