{"id":507,"date":"2024-10-15T17:31:39","date_gmt":"2024-10-15T15:31:39","guid":{"rendered":"https:\/\/mcprd.cl\/producto\/oring-milimetricos-y-en-pulgadas\/"},"modified":"2024-12-20T21:23:03","modified_gmt":"2024-12-20T20:23:03","slug":"silicona-roja-y-transparente","status":"publish","type":"product","link":"https:\/\/mcprd.cl\/en\/product\/silicona-roja-y-transparente\/","title":{"rendered":"RED AND TRANSPARENT SILICONE"},"content":{"rendered":"<p>Excellent resistance to temperature (dry air) 200\u00b0 to 220\u00b0C, but in contact with high pressure steam 130\u00b0 to 140\u00b0C or ageing in closed systems without the presence of oxygen. They are absolutely unaffected by ozone, weather and ultraviolet radiation. They are considered good electrical insulators. In contact with flames they burn with difficulty, they are self-extinguishing. Chemical resistance; their resistance to oils and hydrocarbon components is comparable to CR, they are widely used in the food and pharmaceutical areas.<\/p>","protected":false},"excerpt":{"rendered":"<p>Excelente resistencia a la temperatura (aire seco) 200\u00b0 a 220\u00b0C, pero en contacto con el vapor a alta presi\u00f3n 130\u00b0 a 140\u00b0C o envejecimiento en sistema cerrados sin presencia de ox\u00edgeno. Son absolutamente inalterable por el ozono, la intemperie y la radiaci\u00f3n ultravioleta. Son considerados buen aislante el\u00e9ctrico. En contacto con la llama arden con [&hellip;]<\/p>\n","protected":false},"featured_media":232,"comment_status":"closed","ping_status":"closed","template":"","meta":{"_acf_changed":false,"_et_pb_use_builder":"","_et_pb_old_content":"","_et_gb_content_width":"","_joinchat":[]},"product_brand":[],"product_cat":[56],"product_tag":[],"class_list":{"0":"post-507","1":"product","2":"type-product","3":"status-publish","4":"has-post-thumbnail","6":"product_cat-ninguna","8":"first","9":"instock","10":"product-type-simple"},"acf":[],"yoast_head":"<!-- This site is optimized with the Yoast SEO plugin v26.2 - https:\/\/yoast.com\/wordpress\/plugins\/seo\/ -->\n<title>SILICONA ROJA Y TRANSPARENTE - MCP Rubber Division<\/title>\n<meta name=\"robots\" content=\"index, follow, max-snippet:-1, max-image-preview:large, max-video-preview:-1\" \/>\n<link rel=\"canonical\" href=\"http:\/\/mcprd.cl\/en\/product\/silicona-roja-y-transparente\/\" \/>\n<meta property=\"og:locale\" content=\"en_US\" \/>\n<meta property=\"og:type\" content=\"article\" \/>\n<meta property=\"og:title\" content=\"SILICONA ROJA Y TRANSPARENTE - MCP Rubber Division\" \/>\n<meta property=\"og:description\" content=\"Excelente resistencia a la temperatura (aire seco) 200\u00b0 a 220\u00b0C, pero en contacto con el vapor a alta presi\u00f3n 130\u00b0 a 140\u00b0C o envejecimiento en sistema cerrados sin presencia de ox\u00edgeno. Son absolutamente inalterable por el ozono, la intemperie y la radiaci\u00f3n ultravioleta. Son considerados buen aislante el\u00e9ctrico. En contacto con la llama arden con [&hellip;]\" \/>\n<meta property=\"og:url\" content=\"http:\/\/mcprd.cl\/en\/product\/silicona-roja-y-transparente\/\" \/>\n<meta property=\"og:site_name\" content=\"MCP Rubber Division\" \/>\n<meta property=\"article:modified_time\" content=\"2024-12-20T20:23:03+00:00\" \/>\n<meta property=\"og:image\" content=\"https:\/\/mcprd.cl\/wp-content\/uploads\/2024\/10\/silicona-roja-y-transparente.jpg\" \/>\n\t<meta property=\"og:image:width\" content=\"625\" \/>\n\t<meta property=\"og:image:height\" content=\"474\" \/>\n\t<meta property=\"og:image:type\" content=\"image\/jpeg\" \/>\n<meta name=\"twitter:card\" content=\"summary_large_image\" \/>\n<script type=\"application\/ld+json\" class=\"yoast-schema-graph\">{\"@context\":\"https:\/\/schema.org\",\"@graph\":[{\"@type\":\"WebPage\",\"@id\":\"http:\/\/mcprd.cl\/en\/product\/silicona-roja-y-transparente\/\",\"url\":\"http:\/\/mcprd.cl\/en\/product\/silicona-roja-y-transparente\/\",\"name\":\"SILICONA ROJA Y TRANSPARENTE - MCP Rubber Division\",\"isPartOf\":{\"@id\":\"https:\/\/mcprd.cl\/en\/#website\"},\"primaryImageOfPage\":{\"@id\":\"http:\/\/mcprd.cl\/en\/product\/silicona-roja-y-transparente\/#primaryimage\"},\"image\":{\"@id\":\"http:\/\/mcprd.cl\/en\/product\/silicona-roja-y-transparente\/#primaryimage\"},\"thumbnailUrl\":\"https:\/\/mcprd.cl\/wp-content\/uploads\/2024\/10\/silicona-roja-y-transparente.jpg\",\"datePublished\":\"2024-10-15T15:31:39+00:00\",\"dateModified\":\"2024-12-20T20:23:03+00:00\",\"breadcrumb\":{\"@id\":\"http:\/\/mcprd.cl\/en\/product\/silicona-roja-y-transparente\/#breadcrumb\"},\"inLanguage\":\"en-US\",\"potentialAction\":[{\"@type\":\"ReadAction\",\"target\":[\"http:\/\/mcprd.cl\/en\/product\/silicona-roja-y-transparente\/\"]}]},{\"@type\":\"ImageObject\",\"inLanguage\":\"en-US\",\"@id\":\"http:\/\/mcprd.cl\/en\/product\/silicona-roja-y-transparente\/#primaryimage\",\"url\":\"https:\/\/mcprd.cl\/wp-content\/uploads\/2024\/10\/silicona-roja-y-transparente.jpg\",\"contentUrl\":\"https:\/\/mcprd.cl\/wp-content\/uploads\/2024\/10\/silicona-roja-y-transparente.jpg\",\"width\":625,\"height\":474},{\"@type\":\"BreadcrumbList\",\"@id\":\"http:\/\/mcprd.cl\/en\/product\/silicona-roja-y-transparente\/#breadcrumb\",\"itemListElement\":[{\"@type\":\"ListItem\",\"position\":1,\"name\":\"Portada\",\"item\":\"https:\/\/mcprd.cl\/\"},{\"@type\":\"ListItem\",\"position\":2,\"name\":\"Tienda\",\"item\":\"http:\/\/mcprd.cl\/en\/tienda\/\"},{\"@type\":\"ListItem\",\"position\":3,\"name\":\"SILICONA ROJA Y TRANSPARENTE\"}]},{\"@type\":\"WebSite\",\"@id\":\"https:\/\/mcprd.cl\/en\/#website\",\"url\":\"https:\/\/mcprd.cl\/en\/\",\"name\":\"MCP Rubber Division\",\"description\":\"Productos T\u00e9cnicos de Caucho\",\"potentialAction\":[{\"@type\":\"SearchAction\",\"target\":{\"@type\":\"EntryPoint\",\"urlTemplate\":\"https:\/\/mcprd.cl\/en\/?s={search_term_string}\"},\"query-input\":{\"@type\":\"PropertyValueSpecification\",\"valueRequired\":true,\"valueName\":\"search_term_string\"}}],\"inLanguage\":\"en-US\"}]}<\/script>\n<!-- \/ Yoast SEO plugin. -->","yoast_head_json":{"title":"SILICONA ROJA Y TRANSPARENTE - MCP Rubber Division","robots":{"index":"index","follow":"follow","max-snippet":"max-snippet:-1","max-image-preview":"max-image-preview:large","max-video-preview":"max-video-preview:-1"},"canonical":"http:\/\/mcprd.cl\/en\/product\/silicona-roja-y-transparente\/","og_locale":"en_US","og_type":"article","og_title":"SILICONA ROJA Y TRANSPARENTE - MCP Rubber Division","og_description":"Excelente resistencia a la temperatura (aire seco) 200\u00b0 a 220\u00b0C, pero en contacto con el vapor a alta presi\u00f3n 130\u00b0 a 140\u00b0C o envejecimiento en sistema cerrados sin presencia de ox\u00edgeno. Son absolutamente inalterable por el ozono, la intemperie y la radiaci\u00f3n ultravioleta. Son considerados buen aislante el\u00e9ctrico. En contacto con la llama arden con [&hellip;]","og_url":"http:\/\/mcprd.cl\/en\/product\/silicona-roja-y-transparente\/","og_site_name":"MCP Rubber Division","article_modified_time":"2024-12-20T20:23:03+00:00","og_image":[{"width":625,"height":474,"url":"https:\/\/mcprd.cl\/wp-content\/uploads\/2024\/10\/silicona-roja-y-transparente.jpg","type":"image\/jpeg"}],"twitter_card":"summary_large_image","schema":{"@context":"https:\/\/schema.org","@graph":[{"@type":"WebPage","@id":"http:\/\/mcprd.cl\/en\/product\/silicona-roja-y-transparente\/","url":"http:\/\/mcprd.cl\/en\/product\/silicona-roja-y-transparente\/","name":"SILICONA ROJA Y TRANSPARENTE - MCP Rubber Division","isPartOf":{"@id":"https:\/\/mcprd.cl\/en\/#website"},"primaryImageOfPage":{"@id":"http:\/\/mcprd.cl\/en\/product\/silicona-roja-y-transparente\/#primaryimage"},"image":{"@id":"http:\/\/mcprd.cl\/en\/product\/silicona-roja-y-transparente\/#primaryimage"},"thumbnailUrl":"https:\/\/mcprd.cl\/wp-content\/uploads\/2024\/10\/silicona-roja-y-transparente.jpg","datePublished":"2024-10-15T15:31:39+00:00","dateModified":"2024-12-20T20:23:03+00:00","breadcrumb":{"@id":"http:\/\/mcprd.cl\/en\/product\/silicona-roja-y-transparente\/#breadcrumb"},"inLanguage":"en-US","potentialAction":[{"@type":"ReadAction","target":["http:\/\/mcprd.cl\/en\/product\/silicona-roja-y-transparente\/"]}]},{"@type":"ImageObject","inLanguage":"en-US","@id":"http:\/\/mcprd.cl\/en\/product\/silicona-roja-y-transparente\/#primaryimage","url":"https:\/\/mcprd.cl\/wp-content\/uploads\/2024\/10\/silicona-roja-y-transparente.jpg","contentUrl":"https:\/\/mcprd.cl\/wp-content\/uploads\/2024\/10\/silicona-roja-y-transparente.jpg","width":625,"height":474},{"@type":"BreadcrumbList","@id":"http:\/\/mcprd.cl\/en\/product\/silicona-roja-y-transparente\/#breadcrumb","itemListElement":[{"@type":"ListItem","position":1,"name":"Portada","item":"https:\/\/mcprd.cl\/"},{"@type":"ListItem","position":2,"name":"Tienda","item":"http:\/\/mcprd.cl\/en\/tienda\/"},{"@type":"ListItem","position":3,"name":"SILICONA ROJA Y TRANSPARENTE"}]},{"@type":"WebSite","@id":"https:\/\/mcprd.cl\/en\/#website","url":"https:\/\/mcprd.cl\/en\/","name":"MCP Rubber Division","description":"Technical Rubber Products","potentialAction":[{"@type":"SearchAction","target":{"@type":"EntryPoint","urlTemplate":"https:\/\/mcprd.cl\/en\/?s={search_term_string}"},"query-input":{"@type":"PropertyValueSpecification","valueRequired":true,"valueName":"search_term_string"}}],"inLanguage":"en-US"}]}},"_links":{"self":[{"href":"https:\/\/mcprd.cl\/en\/wp-json\/wp\/v2\/product\/507","targetHints":{"allow":["GET"]}}],"collection":[{"href":"https:\/\/mcprd.cl\/en\/wp-json\/wp\/v2\/product"}],"about":[{"href":"https:\/\/mcprd.cl\/en\/wp-json\/wp\/v2\/types\/product"}],"replies":[{"embeddable":true,"href":"https:\/\/mcprd.cl\/en\/wp-json\/wp\/v2\/comments?post=507"}],"wp:featuredmedia":[{"embeddable":true,"href":"https:\/\/mcprd.cl\/en\/wp-json\/wp\/v2\/media\/232"}],"wp:attachment":[{"href":"https:\/\/mcprd.cl\/en\/wp-json\/wp\/v2\/media?parent=507"}],"wp:term":[{"taxonomy":"product_brand","embeddable":true,"href":"https:\/\/mcprd.cl\/en\/wp-json\/wp\/v2\/product_brand?post=507"},{"taxonomy":"product_cat","embeddable":true,"href":"https:\/\/mcprd.cl\/en\/wp-json\/wp\/v2\/product_cat?post=507"},{"taxonomy":"product_tag","embeddable":true,"href":"https:\/\/mcprd.cl\/en\/wp-json\/wp\/v2\/product_tag?post=507"}],"curies":[{"name":"wp","href":"https:\/\/api.w.org\/{rel}","templated":true}]}}