{"id":1583,"date":"2024-12-20T22:53:43","date_gmt":"2024-12-20T21:53:43","guid":{"rendered":"https:\/\/mcprd.cl\/?post_type=product&#038;p=1583"},"modified":"2024-12-20T22:53:57","modified_gmt":"2024-12-20T21:53:57","slug":"oring","status":"publish","type":"product","link":"https:\/\/mcprd.cl\/en\/product\/oring\/","title":{"rendered":"O-RING"},"content":{"rendered":"<p>Circular gaskets used to create a tight seal between surfaces, preventing leakage of liquids or gases. They are common in hydraulic, pneumatic and machinery systems.<\/p>","protected":false},"excerpt":{"rendered":"<p>Circular gaskets used to create a tight seal between surfaces, preventing leakage of liquids or gases. They are common in hydraulic, pneumatic and machinery systems.<\/p>","protected":false},"featured_media":1547,"comment_status":"closed","ping_status":"closed","template":"","meta":{"_acf_changed":false,"_et_pb_use_builder":"","_et_pb_old_content":"","_et_gb_content_width":"","_joinchat":[]},"product_brand":[],"product_cat":[34,55],"product_tag":[],"class_list":{"0":"post-1583","1":"product","2":"type-product","3":"status-publish","4":"has-post-thumbnail","6":"product_cat-division-industrial","7":"product_cat-prensado","9":"first","10":"instock","11":"shipping-taxable","12":"product-type-simple"},"acf":[],"yoast_head":"<!-- This site is optimized with the Yoast SEO plugin v26.2 - https:\/\/yoast.com\/wordpress\/plugins\/seo\/ -->\n<title>O&#039;RING - MCP Rubber Division<\/title>\n<meta name=\"robots\" content=\"index, follow, max-snippet:-1, max-image-preview:large, max-video-preview:-1\" \/>\n<link rel=\"canonical\" href=\"http:\/\/mcprd.cl\/en\/product\/oring\/\" \/>\n<meta property=\"og:locale\" content=\"en_US\" \/>\n<meta property=\"og:type\" content=\"article\" \/>\n<meta property=\"og:title\" content=\"O&#039;RING - MCP Rubber Division\" \/>\n<meta property=\"og:description\" content=\"Juntas circulares que se usan para crear un sellado herm\u00e9tico entre superficies, evitando fugas de l\u00edquidos o gases. Son comunes en sistemas hidr\u00e1ulicos, neum\u00e1ticos y maquinaria.\" \/>\n<meta property=\"og:url\" content=\"http:\/\/mcprd.cl\/en\/product\/oring\/\" \/>\n<meta property=\"og:site_name\" content=\"MCP Rubber Division\" \/>\n<meta property=\"article:modified_time\" content=\"2024-12-20T21:53:57+00:00\" \/>\n<meta property=\"og:image\" content=\"https:\/\/mcprd.cl\/wp-content\/uploads\/2024\/12\/SEPARADORES-DE-CORAZAS.jpg_0002_Capa-24.jpg\" \/>\n\t<meta property=\"og:image:width\" content=\"1200\" \/>\n\t<meta property=\"og:image:height\" content=\"798\" \/>\n\t<meta property=\"og:image:type\" content=\"image\/jpeg\" \/>\n<meta name=\"twitter:card\" content=\"summary_large_image\" \/>\n<script type=\"application\/ld+json\" class=\"yoast-schema-graph\">{\"@context\":\"https:\/\/schema.org\",\"@graph\":[{\"@type\":\"WebPage\",\"@id\":\"http:\/\/mcprd.cl\/en\/product\/oring\/\",\"url\":\"http:\/\/mcprd.cl\/en\/product\/oring\/\",\"name\":\"O'RING - MCP Rubber Division\",\"isPartOf\":{\"@id\":\"https:\/\/mcprd.cl\/en\/#website\"},\"primaryImageOfPage\":{\"@id\":\"http:\/\/mcprd.cl\/en\/product\/oring\/#primaryimage\"},\"image\":{\"@id\":\"http:\/\/mcprd.cl\/en\/product\/oring\/#primaryimage\"},\"thumbnailUrl\":\"https:\/\/mcprd.cl\/wp-content\/uploads\/2024\/12\/SEPARADORES-DE-CORAZAS.jpg_0002_Capa-24.jpg\",\"datePublished\":\"2024-12-20T21:53:43+00:00\",\"dateModified\":\"2024-12-20T21:53:57+00:00\",\"breadcrumb\":{\"@id\":\"http:\/\/mcprd.cl\/en\/product\/oring\/#breadcrumb\"},\"inLanguage\":\"en-US\",\"potentialAction\":[{\"@type\":\"ReadAction\",\"target\":[\"http:\/\/mcprd.cl\/en\/product\/oring\/\"]}]},{\"@type\":\"ImageObject\",\"inLanguage\":\"en-US\",\"@id\":\"http:\/\/mcprd.cl\/en\/product\/oring\/#primaryimage\",\"url\":\"https:\/\/mcprd.cl\/wp-content\/uploads\/2024\/12\/SEPARADORES-DE-CORAZAS.jpg_0002_Capa-24.jpg\",\"contentUrl\":\"https:\/\/mcprd.cl\/wp-content\/uploads\/2024\/12\/SEPARADORES-DE-CORAZAS.jpg_0002_Capa-24.jpg\",\"width\":1200,\"height\":798},{\"@type\":\"BreadcrumbList\",\"@id\":\"http:\/\/mcprd.cl\/en\/product\/oring\/#breadcrumb\",\"itemListElement\":[{\"@type\":\"ListItem\",\"position\":1,\"name\":\"Portada\",\"item\":\"https:\/\/mcprd.cl\/\"},{\"@type\":\"ListItem\",\"position\":2,\"name\":\"Tienda\",\"item\":\"http:\/\/mcprd.cl\/en\/tienda\/\"},{\"@type\":\"ListItem\",\"position\":3,\"name\":\"O&#8217;RING\"}]},{\"@type\":\"WebSite\",\"@id\":\"https:\/\/mcprd.cl\/en\/#website\",\"url\":\"https:\/\/mcprd.cl\/en\/\",\"name\":\"MCP Rubber Division\",\"description\":\"Productos T\u00e9cnicos de Caucho\",\"potentialAction\":[{\"@type\":\"SearchAction\",\"target\":{\"@type\":\"EntryPoint\",\"urlTemplate\":\"https:\/\/mcprd.cl\/en\/?s={search_term_string}\"},\"query-input\":{\"@type\":\"PropertyValueSpecification\",\"valueRequired\":true,\"valueName\":\"search_term_string\"}}],\"inLanguage\":\"en-US\"}]}<\/script>\n<!-- \/ Yoast SEO plugin. -->","yoast_head_json":{"title":"O'RING - MCP Rubber Division","robots":{"index":"index","follow":"follow","max-snippet":"max-snippet:-1","max-image-preview":"max-image-preview:large","max-video-preview":"max-video-preview:-1"},"canonical":"http:\/\/mcprd.cl\/en\/product\/oring\/","og_locale":"en_US","og_type":"article","og_title":"O'RING - MCP Rubber Division","og_description":"Juntas circulares que se usan para crear un sellado herm\u00e9tico entre superficies, evitando fugas de l\u00edquidos o gases. Son comunes en sistemas hidr\u00e1ulicos, neum\u00e1ticos y maquinaria.","og_url":"http:\/\/mcprd.cl\/en\/product\/oring\/","og_site_name":"MCP Rubber Division","article_modified_time":"2024-12-20T21:53:57+00:00","og_image":[{"width":1200,"height":798,"url":"https:\/\/mcprd.cl\/wp-content\/uploads\/2024\/12\/SEPARADORES-DE-CORAZAS.jpg_0002_Capa-24.jpg","type":"image\/jpeg"}],"twitter_card":"summary_large_image","schema":{"@context":"https:\/\/schema.org","@graph":[{"@type":"WebPage","@id":"http:\/\/mcprd.cl\/en\/product\/oring\/","url":"http:\/\/mcprd.cl\/en\/product\/oring\/","name":"O'RING - MCP Rubber Division","isPartOf":{"@id":"https:\/\/mcprd.cl\/en\/#website"},"primaryImageOfPage":{"@id":"http:\/\/mcprd.cl\/en\/product\/oring\/#primaryimage"},"image":{"@id":"http:\/\/mcprd.cl\/en\/product\/oring\/#primaryimage"},"thumbnailUrl":"https:\/\/mcprd.cl\/wp-content\/uploads\/2024\/12\/SEPARADORES-DE-CORAZAS.jpg_0002_Capa-24.jpg","datePublished":"2024-12-20T21:53:43+00:00","dateModified":"2024-12-20T21:53:57+00:00","breadcrumb":{"@id":"http:\/\/mcprd.cl\/en\/product\/oring\/#breadcrumb"},"inLanguage":"en-US","potentialAction":[{"@type":"ReadAction","target":["http:\/\/mcprd.cl\/en\/product\/oring\/"]}]},{"@type":"ImageObject","inLanguage":"en-US","@id":"http:\/\/mcprd.cl\/en\/product\/oring\/#primaryimage","url":"https:\/\/mcprd.cl\/wp-content\/uploads\/2024\/12\/SEPARADORES-DE-CORAZAS.jpg_0002_Capa-24.jpg","contentUrl":"https:\/\/mcprd.cl\/wp-content\/uploads\/2024\/12\/SEPARADORES-DE-CORAZAS.jpg_0002_Capa-24.jpg","width":1200,"height":798},{"@type":"BreadcrumbList","@id":"http:\/\/mcprd.cl\/en\/product\/oring\/#breadcrumb","itemListElement":[{"@type":"ListItem","position":1,"name":"Portada","item":"https:\/\/mcprd.cl\/"},{"@type":"ListItem","position":2,"name":"Tienda","item":"http:\/\/mcprd.cl\/en\/tienda\/"},{"@type":"ListItem","position":3,"name":"O&#8217;RING"}]},{"@type":"WebSite","@id":"https:\/\/mcprd.cl\/en\/#website","url":"https:\/\/mcprd.cl\/en\/","name":"MCP Rubber Division","description":"Technical Rubber Products","potentialAction":[{"@type":"SearchAction","target":{"@type":"EntryPoint","urlTemplate":"https:\/\/mcprd.cl\/en\/?s={search_term_string}"},"query-input":{"@type":"PropertyValueSpecification","valueRequired":true,"valueName":"search_term_string"}}],"inLanguage":"en-US"}]}},"_links":{"self":[{"href":"https:\/\/mcprd.cl\/en\/wp-json\/wp\/v2\/product\/1583","targetHints":{"allow":["GET"]}}],"collection":[{"href":"https:\/\/mcprd.cl\/en\/wp-json\/wp\/v2\/product"}],"about":[{"href":"https:\/\/mcprd.cl\/en\/wp-json\/wp\/v2\/types\/product"}],"replies":[{"embeddable":true,"href":"https:\/\/mcprd.cl\/en\/wp-json\/wp\/v2\/comments?post=1583"}],"wp:featuredmedia":[{"embeddable":true,"href":"https:\/\/mcprd.cl\/en\/wp-json\/wp\/v2\/media\/1547"}],"wp:attachment":[{"href":"https:\/\/mcprd.cl\/en\/wp-json\/wp\/v2\/media?parent=1583"}],"wp:term":[{"taxonomy":"product_brand","embeddable":true,"href":"https:\/\/mcprd.cl\/en\/wp-json\/wp\/v2\/product_brand?post=1583"},{"taxonomy":"product_cat","embeddable":true,"href":"https:\/\/mcprd.cl\/en\/wp-json\/wp\/v2\/product_cat?post=1583"},{"taxonomy":"product_tag","embeddable":true,"href":"https:\/\/mcprd.cl\/en\/wp-json\/wp\/v2\/product_tag?post=1583"}],"curies":[{"name":"wp","href":"https:\/\/api.w.org\/{rel}","templated":true}]}}