{"id":1581,"date":"2024-12-20T22:51:26","date_gmt":"2024-12-20T21:51:26","guid":{"rendered":"https:\/\/mcprd.cl\/?post_type=product&#038;p=1581"},"modified":"2024-12-23T17:37:43","modified_gmt":"2024-12-23T16:37:43","slug":"piso-podotactil","status":"publish","type":"product","link":"https:\/\/mcprd.cl\/en\/product\/piso-podotactil\/","title":{"rendered":"TACTILE FLOOR"},"content":{"rendered":"<p>It is a durable, non-slip tactile pavement designed to help visually impaired people find their way around public spaces. Made of rubber, it is durable, easy to clean and is used in places such as stations, airports and streets.<\/p>","protected":false},"excerpt":{"rendered":"<p>It is a durable, non-slip tactile pavement designed to help visually impaired people find their way around public spaces. Made of rubber, it is durable, easy to clean and is used in places such as stations, airports and streets.<\/p>","protected":false},"featured_media":1589,"comment_status":"closed","ping_status":"closed","template":"","meta":{"_acf_changed":false,"_et_pb_use_builder":"","_et_pb_old_content":"","_et_gb_content_width":"","_joinchat":[]},"product_brand":[],"product_cat":[38,55],"product_tag":[],"class_list":{"0":"post-1581","1":"product","2":"type-product","3":"status-publish","4":"has-post-thumbnail","6":"product_cat-division-seguridad","7":"product_cat-prensado","9":"first","10":"instock","11":"shipping-taxable","12":"product-type-simple"},"acf":[],"yoast_head":"<!-- This site is optimized with the Yoast SEO plugin v26.2 - https:\/\/yoast.com\/wordpress\/plugins\/seo\/ -->\n<title>PISO PODOT\u00c1CTIL - MCP Rubber Division<\/title>\n<meta name=\"robots\" content=\"index, follow, max-snippet:-1, max-image-preview:large, max-video-preview:-1\" \/>\n<link rel=\"canonical\" href=\"https:\/\/mcprd.cl\/en\/product\/piso-podotactil\/\" \/>\n<meta property=\"og:locale\" content=\"en_US\" \/>\n<meta property=\"og:type\" content=\"article\" \/>\n<meta property=\"og:title\" content=\"PISO PODOT\u00c1CTIL - MCP Rubber Division\" \/>\n<meta property=\"og:description\" content=\"Es un pavimento t\u00e1ctil antideslizante y duradero, dise\u00f1ado para ayudar a las personas con discapacidad visual a orientarse en espacios p\u00fablicos. Fabricado en caucho, es resistente, f\u00e1cil de limpiar y se utiliza en lugares como estaciones, aeropuertos y calles.\" \/>\n<meta property=\"og:url\" content=\"https:\/\/mcprd.cl\/en\/product\/piso-podotactil\/\" \/>\n<meta property=\"og:site_name\" content=\"MCP Rubber Division\" \/>\n<meta property=\"article:modified_time\" content=\"2024-12-23T16:37:43+00:00\" \/>\n<meta property=\"og:image\" content=\"https:\/\/mcprd.cl\/wp-content\/uploads\/2024\/12\/podo1.jpg\" \/>\n\t<meta property=\"og:image:width\" content=\"1200\" \/>\n\t<meta property=\"og:image:height\" content=\"798\" \/>\n\t<meta property=\"og:image:type\" content=\"image\/jpeg\" \/>\n<meta name=\"twitter:card\" content=\"summary_large_image\" \/>\n<script type=\"application\/ld+json\" class=\"yoast-schema-graph\">{\"@context\":\"https:\/\/schema.org\",\"@graph\":[{\"@type\":\"WebPage\",\"@id\":\"https:\/\/mcprd.cl\/producto\/piso-podotactil\/\",\"url\":\"https:\/\/mcprd.cl\/producto\/piso-podotactil\/\",\"name\":\"PISO PODOT\u00c1CTIL - MCP Rubber Division\",\"isPartOf\":{\"@id\":\"https:\/\/mcprd.cl\/en\/#website\"},\"primaryImageOfPage\":{\"@id\":\"https:\/\/mcprd.cl\/producto\/piso-podotactil\/#primaryimage\"},\"image\":{\"@id\":\"https:\/\/mcprd.cl\/producto\/piso-podotactil\/#primaryimage\"},\"thumbnailUrl\":\"https:\/\/mcprd.cl\/wp-content\/uploads\/2024\/12\/podo1.jpg\",\"datePublished\":\"2024-12-20T21:51:26+00:00\",\"dateModified\":\"2024-12-23T16:37:43+00:00\",\"breadcrumb\":{\"@id\":\"https:\/\/mcprd.cl\/producto\/piso-podotactil\/#breadcrumb\"},\"inLanguage\":\"en-US\",\"potentialAction\":[{\"@type\":\"ReadAction\",\"target\":[\"https:\/\/mcprd.cl\/producto\/piso-podotactil\/\"]}]},{\"@type\":\"ImageObject\",\"inLanguage\":\"en-US\",\"@id\":\"https:\/\/mcprd.cl\/producto\/piso-podotactil\/#primaryimage\",\"url\":\"https:\/\/mcprd.cl\/wp-content\/uploads\/2024\/12\/podo1.jpg\",\"contentUrl\":\"https:\/\/mcprd.cl\/wp-content\/uploads\/2024\/12\/podo1.jpg\",\"width\":1200,\"height\":798},{\"@type\":\"BreadcrumbList\",\"@id\":\"https:\/\/mcprd.cl\/producto\/piso-podotactil\/#breadcrumb\",\"itemListElement\":[{\"@type\":\"ListItem\",\"position\":1,\"name\":\"Portada\",\"item\":\"https:\/\/mcprd.cl\/\"},{\"@type\":\"ListItem\",\"position\":2,\"name\":\"Tienda\",\"item\":\"http:\/\/mcprd.cl\/en\/tienda\/\"},{\"@type\":\"ListItem\",\"position\":3,\"name\":\"PISO PODOT\u00c1CTIL\"}]},{\"@type\":\"WebSite\",\"@id\":\"https:\/\/mcprd.cl\/en\/#website\",\"url\":\"https:\/\/mcprd.cl\/en\/\",\"name\":\"MCP Rubber Division\",\"description\":\"Productos T\u00e9cnicos de Caucho\",\"potentialAction\":[{\"@type\":\"SearchAction\",\"target\":{\"@type\":\"EntryPoint\",\"urlTemplate\":\"https:\/\/mcprd.cl\/en\/?s={search_term_string}\"},\"query-input\":{\"@type\":\"PropertyValueSpecification\",\"valueRequired\":true,\"valueName\":\"search_term_string\"}}],\"inLanguage\":\"en-US\"}]}<\/script>\n<!-- \/ Yoast SEO plugin. -->","yoast_head_json":{"title":"PISO PODOT\u00c1CTIL - MCP Rubber Division","robots":{"index":"index","follow":"follow","max-snippet":"max-snippet:-1","max-image-preview":"max-image-preview:large","max-video-preview":"max-video-preview:-1"},"canonical":"https:\/\/mcprd.cl\/en\/product\/piso-podotactil\/","og_locale":"en_US","og_type":"article","og_title":"PISO PODOT\u00c1CTIL - MCP Rubber Division","og_description":"Es un pavimento t\u00e1ctil antideslizante y duradero, dise\u00f1ado para ayudar a las personas con discapacidad visual a orientarse en espacios p\u00fablicos. Fabricado en caucho, es resistente, f\u00e1cil de limpiar y se utiliza en lugares como estaciones, aeropuertos y calles.","og_url":"https:\/\/mcprd.cl\/en\/product\/piso-podotactil\/","og_site_name":"MCP Rubber Division","article_modified_time":"2024-12-23T16:37:43+00:00","og_image":[{"width":1200,"height":798,"url":"https:\/\/mcprd.cl\/wp-content\/uploads\/2024\/12\/podo1.jpg","type":"image\/jpeg"}],"twitter_card":"summary_large_image","schema":{"@context":"https:\/\/schema.org","@graph":[{"@type":"WebPage","@id":"https:\/\/mcprd.cl\/producto\/piso-podotactil\/","url":"https:\/\/mcprd.cl\/producto\/piso-podotactil\/","name":"PISO PODOT\u00c1CTIL - MCP Rubber Division","isPartOf":{"@id":"https:\/\/mcprd.cl\/en\/#website"},"primaryImageOfPage":{"@id":"https:\/\/mcprd.cl\/producto\/piso-podotactil\/#primaryimage"},"image":{"@id":"https:\/\/mcprd.cl\/producto\/piso-podotactil\/#primaryimage"},"thumbnailUrl":"https:\/\/mcprd.cl\/wp-content\/uploads\/2024\/12\/podo1.jpg","datePublished":"2024-12-20T21:51:26+00:00","dateModified":"2024-12-23T16:37:43+00:00","breadcrumb":{"@id":"https:\/\/mcprd.cl\/producto\/piso-podotactil\/#breadcrumb"},"inLanguage":"en-US","potentialAction":[{"@type":"ReadAction","target":["https:\/\/mcprd.cl\/producto\/piso-podotactil\/"]}]},{"@type":"ImageObject","inLanguage":"en-US","@id":"https:\/\/mcprd.cl\/producto\/piso-podotactil\/#primaryimage","url":"https:\/\/mcprd.cl\/wp-content\/uploads\/2024\/12\/podo1.jpg","contentUrl":"https:\/\/mcprd.cl\/wp-content\/uploads\/2024\/12\/podo1.jpg","width":1200,"height":798},{"@type":"BreadcrumbList","@id":"https:\/\/mcprd.cl\/producto\/piso-podotactil\/#breadcrumb","itemListElement":[{"@type":"ListItem","position":1,"name":"Portada","item":"https:\/\/mcprd.cl\/"},{"@type":"ListItem","position":2,"name":"Tienda","item":"http:\/\/mcprd.cl\/en\/tienda\/"},{"@type":"ListItem","position":3,"name":"PISO PODOT\u00c1CTIL"}]},{"@type":"WebSite","@id":"https:\/\/mcprd.cl\/en\/#website","url":"https:\/\/mcprd.cl\/en\/","name":"MCP Rubber Division","description":"Technical Rubber Products","potentialAction":[{"@type":"SearchAction","target":{"@type":"EntryPoint","urlTemplate":"https:\/\/mcprd.cl\/en\/?s={search_term_string}"},"query-input":{"@type":"PropertyValueSpecification","valueRequired":true,"valueName":"search_term_string"}}],"inLanguage":"en-US"}]}},"_links":{"self":[{"href":"https:\/\/mcprd.cl\/en\/wp-json\/wp\/v2\/product\/1581","targetHints":{"allow":["GET"]}}],"collection":[{"href":"https:\/\/mcprd.cl\/en\/wp-json\/wp\/v2\/product"}],"about":[{"href":"https:\/\/mcprd.cl\/en\/wp-json\/wp\/v2\/types\/product"}],"replies":[{"embeddable":true,"href":"https:\/\/mcprd.cl\/en\/wp-json\/wp\/v2\/comments?post=1581"}],"wp:featuredmedia":[{"embeddable":true,"href":"https:\/\/mcprd.cl\/en\/wp-json\/wp\/v2\/media\/1589"}],"wp:attachment":[{"href":"https:\/\/mcprd.cl\/en\/wp-json\/wp\/v2\/media?parent=1581"}],"wp:term":[{"taxonomy":"product_brand","embeddable":true,"href":"https:\/\/mcprd.cl\/en\/wp-json\/wp\/v2\/product_brand?post=1581"},{"taxonomy":"product_cat","embeddable":true,"href":"https:\/\/mcprd.cl\/en\/wp-json\/wp\/v2\/product_cat?post=1581"},{"taxonomy":"product_tag","embeddable":true,"href":"https:\/\/mcprd.cl\/en\/wp-json\/wp\/v2\/product_tag?post=1581"}],"curies":[{"name":"wp","href":"https:\/\/api.w.org\/{rel}","templated":true}]}}