{"id":1573,"date":"2024-12-20T22:42:04","date_gmt":"2024-12-20T21:42:04","guid":{"rendered":"https:\/\/mcprd.cl\/?post_type=product&#038;p=1573"},"modified":"2024-12-20T22:42:04","modified_gmt":"2024-12-20T21:42:04","slug":"guarderas","status":"publish","type":"product","link":"https:\/\/mcprd.cl\/en\/product\/guarderas\/","title":{"rendered":"GUARDS"},"content":{"rendered":"<p>They are components used in various industrial applications to protect and cover machinery parts. Their main function is to prevent wear, abrasion and corrosion, as well as to minimize the impact of objects that may damage the equipment.<\/p>","protected":false},"excerpt":{"rendered":"<p>They are components used in various industrial applications to protect and cover machinery parts. Their main function is to prevent wear, abrasion and corrosion, as well as to minimize the impact of objects that may damage the equipment.<\/p>","protected":false},"featured_media":1524,"comment_status":"closed","ping_status":"closed","template":"","meta":{"_acf_changed":false,"_et_pb_use_builder":"","_et_pb_old_content":"","_et_gb_content_width":"","_joinchat":[]},"product_brand":[],"product_cat":[36,53],"product_tag":[],"class_list":{"0":"post-1573","1":"product","2":"type-product","3":"status-publish","4":"has-post-thumbnail","6":"product_cat-division-minera","7":"product_cat-extrusion","9":"first","10":"instock","11":"shipping-taxable","12":"product-type-simple"},"acf":[],"yoast_head":"<!-- This site is optimized with the Yoast SEO plugin v26.2 - https:\/\/yoast.com\/wordpress\/plugins\/seo\/ -->\n<title>GUARDERAS - MCP Rubber Division<\/title>\n<meta name=\"robots\" content=\"index, follow, max-snippet:-1, max-image-preview:large, max-video-preview:-1\" \/>\n<link rel=\"canonical\" href=\"http:\/\/mcprd.cl\/en\/product\/guarderas\/\" \/>\n<meta property=\"og:locale\" content=\"en_US\" \/>\n<meta property=\"og:type\" content=\"article\" \/>\n<meta property=\"og:title\" content=\"GUARDERAS - MCP Rubber Division\" \/>\n<meta property=\"og:description\" content=\"Son componentes utilizados en diversas aplicaciones industriales para proteger y cubrir partes de maquinaria. Su funci\u00f3n principal es prevenir el desgaste, la abrasi\u00f3n y la corrosi\u00f3n, as\u00ed como minimizar el impacto de objetos que puedan da\u00f1ar los equipos.\" \/>\n<meta property=\"og:url\" content=\"http:\/\/mcprd.cl\/en\/product\/guarderas\/\" \/>\n<meta property=\"og:site_name\" content=\"MCP Rubber Division\" \/>\n<meta property=\"og:image\" content=\"https:\/\/mcprd.cl\/wp-content\/uploads\/2024\/12\/GUARDERAS1.jpg\" \/>\n\t<meta property=\"og:image:width\" content=\"1200\" \/>\n\t<meta property=\"og:image:height\" content=\"798\" \/>\n\t<meta property=\"og:image:type\" content=\"image\/jpeg\" \/>\n<meta name=\"twitter:card\" content=\"summary_large_image\" \/>\n<script type=\"application\/ld+json\" class=\"yoast-schema-graph\">{\"@context\":\"https:\/\/schema.org\",\"@graph\":[{\"@type\":\"WebPage\",\"@id\":\"http:\/\/mcprd.cl\/en\/product\/guarderas\/\",\"url\":\"http:\/\/mcprd.cl\/en\/product\/guarderas\/\",\"name\":\"GUARDERAS - MCP Rubber Division\",\"isPartOf\":{\"@id\":\"https:\/\/mcprd.cl\/en\/#website\"},\"primaryImageOfPage\":{\"@id\":\"http:\/\/mcprd.cl\/en\/product\/guarderas\/#primaryimage\"},\"image\":{\"@id\":\"http:\/\/mcprd.cl\/en\/product\/guarderas\/#primaryimage\"},\"thumbnailUrl\":\"https:\/\/mcprd.cl\/wp-content\/uploads\/2024\/12\/GUARDERAS1.jpg\",\"datePublished\":\"2024-12-20T21:42:04+00:00\",\"breadcrumb\":{\"@id\":\"http:\/\/mcprd.cl\/en\/product\/guarderas\/#breadcrumb\"},\"inLanguage\":\"en-US\",\"potentialAction\":[{\"@type\":\"ReadAction\",\"target\":[\"http:\/\/mcprd.cl\/en\/product\/guarderas\/\"]}]},{\"@type\":\"ImageObject\",\"inLanguage\":\"en-US\",\"@id\":\"http:\/\/mcprd.cl\/en\/product\/guarderas\/#primaryimage\",\"url\":\"https:\/\/mcprd.cl\/wp-content\/uploads\/2024\/12\/GUARDERAS1.jpg\",\"contentUrl\":\"https:\/\/mcprd.cl\/wp-content\/uploads\/2024\/12\/GUARDERAS1.jpg\",\"width\":1200,\"height\":798},{\"@type\":\"BreadcrumbList\",\"@id\":\"http:\/\/mcprd.cl\/en\/product\/guarderas\/#breadcrumb\",\"itemListElement\":[{\"@type\":\"ListItem\",\"position\":1,\"name\":\"Portada\",\"item\":\"https:\/\/mcprd.cl\/\"},{\"@type\":\"ListItem\",\"position\":2,\"name\":\"Tienda\",\"item\":\"http:\/\/mcprd.cl\/en\/tienda\/\"},{\"@type\":\"ListItem\",\"position\":3,\"name\":\"GUARDERAS\"}]},{\"@type\":\"WebSite\",\"@id\":\"https:\/\/mcprd.cl\/en\/#website\",\"url\":\"https:\/\/mcprd.cl\/en\/\",\"name\":\"MCP Rubber Division\",\"description\":\"Productos T\u00e9cnicos de Caucho\",\"potentialAction\":[{\"@type\":\"SearchAction\",\"target\":{\"@type\":\"EntryPoint\",\"urlTemplate\":\"https:\/\/mcprd.cl\/en\/?s={search_term_string}\"},\"query-input\":{\"@type\":\"PropertyValueSpecification\",\"valueRequired\":true,\"valueName\":\"search_term_string\"}}],\"inLanguage\":\"en-US\"}]}<\/script>\n<!-- \/ Yoast SEO plugin. -->","yoast_head_json":{"title":"GUARDERAS - MCP Rubber Division","robots":{"index":"index","follow":"follow","max-snippet":"max-snippet:-1","max-image-preview":"max-image-preview:large","max-video-preview":"max-video-preview:-1"},"canonical":"http:\/\/mcprd.cl\/en\/product\/guarderas\/","og_locale":"en_US","og_type":"article","og_title":"GUARDERAS - MCP Rubber Division","og_description":"Son componentes utilizados en diversas aplicaciones industriales para proteger y cubrir partes de maquinaria. Su funci\u00f3n principal es prevenir el desgaste, la abrasi\u00f3n y la corrosi\u00f3n, as\u00ed como minimizar el impacto de objetos que puedan da\u00f1ar los equipos.","og_url":"http:\/\/mcprd.cl\/en\/product\/guarderas\/","og_site_name":"MCP Rubber Division","og_image":[{"width":1200,"height":798,"url":"https:\/\/mcprd.cl\/wp-content\/uploads\/2024\/12\/GUARDERAS1.jpg","type":"image\/jpeg"}],"twitter_card":"summary_large_image","schema":{"@context":"https:\/\/schema.org","@graph":[{"@type":"WebPage","@id":"http:\/\/mcprd.cl\/en\/product\/guarderas\/","url":"http:\/\/mcprd.cl\/en\/product\/guarderas\/","name":"GUARDERAS - MCP Rubber Division","isPartOf":{"@id":"https:\/\/mcprd.cl\/en\/#website"},"primaryImageOfPage":{"@id":"http:\/\/mcprd.cl\/en\/product\/guarderas\/#primaryimage"},"image":{"@id":"http:\/\/mcprd.cl\/en\/product\/guarderas\/#primaryimage"},"thumbnailUrl":"https:\/\/mcprd.cl\/wp-content\/uploads\/2024\/12\/GUARDERAS1.jpg","datePublished":"2024-12-20T21:42:04+00:00","breadcrumb":{"@id":"http:\/\/mcprd.cl\/en\/product\/guarderas\/#breadcrumb"},"inLanguage":"en-US","potentialAction":[{"@type":"ReadAction","target":["http:\/\/mcprd.cl\/en\/product\/guarderas\/"]}]},{"@type":"ImageObject","inLanguage":"en-US","@id":"http:\/\/mcprd.cl\/en\/product\/guarderas\/#primaryimage","url":"https:\/\/mcprd.cl\/wp-content\/uploads\/2024\/12\/GUARDERAS1.jpg","contentUrl":"https:\/\/mcprd.cl\/wp-content\/uploads\/2024\/12\/GUARDERAS1.jpg","width":1200,"height":798},{"@type":"BreadcrumbList","@id":"http:\/\/mcprd.cl\/en\/product\/guarderas\/#breadcrumb","itemListElement":[{"@type":"ListItem","position":1,"name":"Portada","item":"https:\/\/mcprd.cl\/"},{"@type":"ListItem","position":2,"name":"Tienda","item":"http:\/\/mcprd.cl\/en\/tienda\/"},{"@type":"ListItem","position":3,"name":"GUARDERAS"}]},{"@type":"WebSite","@id":"https:\/\/mcprd.cl\/en\/#website","url":"https:\/\/mcprd.cl\/en\/","name":"MCP Rubber Division","description":"Technical Rubber Products","potentialAction":[{"@type":"SearchAction","target":{"@type":"EntryPoint","urlTemplate":"https:\/\/mcprd.cl\/en\/?s={search_term_string}"},"query-input":{"@type":"PropertyValueSpecification","valueRequired":true,"valueName":"search_term_string"}}],"inLanguage":"en-US"}]}},"_links":{"self":[{"href":"https:\/\/mcprd.cl\/en\/wp-json\/wp\/v2\/product\/1573","targetHints":{"allow":["GET"]}}],"collection":[{"href":"https:\/\/mcprd.cl\/en\/wp-json\/wp\/v2\/product"}],"about":[{"href":"https:\/\/mcprd.cl\/en\/wp-json\/wp\/v2\/types\/product"}],"replies":[{"embeddable":true,"href":"https:\/\/mcprd.cl\/en\/wp-json\/wp\/v2\/comments?post=1573"}],"wp:featuredmedia":[{"embeddable":true,"href":"https:\/\/mcprd.cl\/en\/wp-json\/wp\/v2\/media\/1524"}],"wp:attachment":[{"href":"https:\/\/mcprd.cl\/en\/wp-json\/wp\/v2\/media?parent=1573"}],"wp:term":[{"taxonomy":"product_brand","embeddable":true,"href":"https:\/\/mcprd.cl\/en\/wp-json\/wp\/v2\/product_brand?post=1573"},{"taxonomy":"product_cat","embeddable":true,"href":"https:\/\/mcprd.cl\/en\/wp-json\/wp\/v2\/product_cat?post=1573"},{"taxonomy":"product_tag","embeddable":true,"href":"https:\/\/mcprd.cl\/en\/wp-json\/wp\/v2\/product_tag?post=1573"}],"curies":[{"name":"wp","href":"https:\/\/api.w.org\/{rel}","templated":true}]}}