{"id":1782,"date":"2025-01-13T21:26:54","date_gmt":"2025-01-13T20:26:54","guid":{"rendered":"https:\/\/mcprd.cl\/?page_id=1782"},"modified":"2025-01-22T03:40:48","modified_gmt":"2025-01-22T02:40:48","slug":"laboratorios","status":"publish","type":"page","link":"https:\/\/mcprd.cl\/en\/laboratorios\/","title":{"rendered":"Laboratories"},"content":{"rendered":"<p>[et_pb_section fb_built=\u00bb1&#8243; admin_label=\u00bbSection\u00bb module_id=\u00bbovSlideshow\u00bb module_class=\u00bbtransparente3&#8243; _builder_version=\u00bb4.27.2&#8243; _module_preset=\u00bbdefault\u00bb background_enable_color=\u00bboff\u00bb background_image=\u00bbhttps:\/\/mcprd.cl\/wp-content\/uploads\/2024\/10\/Asistencia-Tecnica2.jpg\u00bb parallax=\u00bbon\u00bb background_video_pause_outside_viewport=\u00bboff\u00bb background_enable_pattern_style=\u00bbon\u00bb background_pattern_repeat_origin=\u00bbtop_center\u00bb background_pattern_vertical_offset=\u00bb88%\u00bb height=\u00bb60vh\u00bb custom_padding=\u00bb5px||35px|||\u00bb da_popup_slug=\u00bbovSlideshow\u00bb da_disable_devices=\u00bboff|off|off\u00bb global_colors_info=\u00bb{}\u00bb da_is_popup=\u00bboff\u00bb da_exit_intent=\u00bboff\u00bb da_has_close=\u00bbon\u00bb da_alt_close=\u00bboff\u00bb da_dark_close=\u00bboff\u00bb da_not_modal=\u00bbon\u00bb da_is_singular=\u00bboff\u00bb da_with_loader=\u00bboff\u00bb da_has_shadow=\u00bbon\u00bb][et_pb_row _builder_version=\u00bb4.27.2&#8243; _module_preset=\u00bbdefault\u00bb custom_padding=\u00bb5px|||||\u00bb global_module=\u00bb978&#8243; saved_tabs=\u00bball\u00bb global_colors_info=\u00bb{}\u00bb][et_pb_column type=\u00bb4_4&#8243; _builder_version=\u00bb4.27.2&#8243; _module_preset=\u00bbdefault\u00bb global_colors_info=\u00bb{}\u00bb][et_pb_menu active_link_color=\u00bb#27A8D4&#8243; dropdown_menu_text_color=\u00bb#072241&#8243; logo=\u00bbhttps:\/\/mcprd.cl\/wp-content\/uploads\/2024\/10\/cropped-LOGOS-BCO-Y-COLOR-MCP-170&#215;75-1.png\u00bb logo_url=\u00bb@ET-DC@eyJkeW5hbWljIjp0cnVlLCJjb250ZW50IjoiaG9tZV91cmwiLCJzZXR0aW5ncyI6e319@\u00bb _builder_version=\u00bb4.27.4&#8243; _dynamic_attributes=\u00bblogo_url\u00bb _module_preset=\u00bbdefault\u00bb menu_text_color=\u00bb#FFFFFF\u00bb background_enable_color=\u00bboff\u00bb menu_text_color_tablet=\u00bb#606060&#8243; menu_text_color_phone=\u00bb\u00bb menu_text_color_last_edited=\u00bbon|phone\u00bb global_colors_info=\u00bb{}\u00bb][\/et_pb_menu][\/et_pb_column][\/et_pb_row][et_pb_row _builder_version=\u00bb4.27.2&#8243; _module_preset=\u00bbdefault\u00bb custom_margin=\u00bb88px|auto||auto||\u00bb global_colors_info=\u00bb{}\u00bb][et_pb_column type=\u00bb4_4&#8243; _builder_version=\u00bb4.27.2&#8243; _module_preset=\u00bbdefault\u00bb global_colors_info=\u00bb{}\u00bb][et_pb_text _builder_version=\u00bb4.27.4&#8243; _module_preset=\u00bbdefault\u00bb text_font=\u00bbWork Sans||||||||\u00bb text_text_color=\u00bb#FFFFFF\u00bb text_font_size=\u00bb64px\u00bb header_font=\u00bbWork Sans|600|||||||\u00bb header_text_color=\u00bb#FFFFFF\u00bb header_font_size=\u00bb64px\u00bb max_width=\u00bb100%\u00bb module_alignment=\u00bbleft\u00bb custom_margin=\u00bb||4px|||\u00bb header_font_size_tablet=\u00bb64px\u00bb header_font_size_phone=\u00bb50px\u00bb header_font_size_last_edited=\u00bbon|phone\u00bb global_colors_info=\u00bb{}\u00bb]<\/p>\n<section class=\"elementor-section elementor-top-section elementor-element elementor-element-67145ad elementor-section-boxed elementor-section-height-default lazyloaded\" data-id=\"67145ad\" data-element_type=\"section\" data-settings=\"{&quot;background_background&quot;:&quot;classic&quot;}\">\n<div class=\"elementor-container elementor-column-gap-no\">\n<div class=\"elementor-column elementor-col-100 elementor-top-column elementor-element elementor-element-b69ac67\" data-id=\"b69ac67\" data-element_type=\"column\">\n<div class=\"elementor-widget-wrap elementor-element-populated\">\n<div class=\"elementor-element elementor-element-ba6412d elementor-widget elementor-widget-heading\" data-id=\"ba6412d\" data-element_type=\"widget\" data-widget_type=\"heading.default\">\n<div class=\"elementor-widget-container\">\n<h1 class=\"elementor-heading-title elementor-size-default\" style=\"text-align: center;\">Laboratorios<\/h1>\n<\/div>\n<\/div>\n<\/div>\n<\/div>\n<\/div>\n<\/section>\n<p>[\/et_pb_text][\/et_pb_column][\/et_pb_row][\/et_pb_section][et_pb_section fb_built=\u00bb1&#8243; admin_label=\u00bbSection\u00bb module_class=\u00bbprocesos\u00bb _builder_version=\u00bb4.27.4&#8243; _module_preset=\u00bbdefault\u00bb background_color=\u00bb#FFFFFF\u00bb background_enable_image=\u00bboff\u00bb parallax=\u00bbon\u00bb custom_padding=\u00bb26px|||||\u00bb da_disable_devices=\u00bboff|off|off\u00bb locked=\u00bboff\u00bb global_colors_info=\u00bb{}\u00bb da_is_popup=\u00bboff\u00bb da_exit_intent=\u00bboff\u00bb da_has_close=\u00bbon\u00bb da_alt_close=\u00bboff\u00bb da_dark_close=\u00bboff\u00bb da_not_modal=\u00bbon\u00bb da_is_singular=\u00bboff\u00bb da_with_loader=\u00bboff\u00bb da_has_shadow=\u00bbon\u00bb][et_pb_row _builder_version=\u00bb4.27.2&#8243; _module_preset=\u00bbdefault\u00bb custom_padding=\u00bb42px|||||\u00bb global_colors_info=\u00bb{}\u00bb][et_pb_column type=\u00bb4_4&#8243; _builder_version=\u00bb4.27.2&#8243; _module_preset=\u00bbdefault\u00bb global_colors_info=\u00bb{}\u00bb][et_pb_text _builder_version=\u00bb4.27.3&#8243; _module_preset=\u00bbdefault\u00bb text_font=\u00bb||||||||\u00bb text_line_height=\u00bb1.3em\u00bb header_text_align=\u00bbcenter\u00bb text_orientation=\u00bbcenter\u00bb custom_margin=\u00bb||17px|||\u00bb global_colors_info=\u00bb{}\u00bb]<\/p>\n<p><strong>MCP Rubber Division<\/strong> concentra sus esfuerzos en entregar el m\u00e1ximo servicio pre y post venta a nuestros clientes, entregando soluciones en el desarrollo y fabricaci\u00f3n de piezas t\u00e9cnicas de caucho. Para esto cuenta con un grupo de profesionales centrados en el an\u00e1lisis de los problemas de nuestros clientes, <strong>ofreciendo<\/strong>:<\/p>\n<p>[\/et_pb_text][\/et_pb_column][\/et_pb_row][et_pb_row _builder_version=\u00bb4.27.4&#8243; _module_preset=\u00bbdefault\u00bb global_colors_info=\u00bb{}\u00bb][et_pb_column type=\u00bb4_4&#8243; _builder_version=\u00bb4.27.4&#8243; _module_preset=\u00bbdefault\u00bb global_colors_info=\u00bb{}\u00bb][et_pb_video src=\u00bbhttps:\/\/mcprd.cl\/wp-content\/uploads\/2025\/01\/MCP_NOV24_VID-2-LABORATORIO_ver2.2_BAJA.mp4&#8243; image_src=\u00bbhttps:\/\/mcprd.cl\/wp-content\/uploads\/2024\/11\/video.png\u00bb play_icon_color=\u00bb#FFFFFF\u00bb thumbnail_overlay_color=\u00bbrgba(255,255,255,0.66)\u00bb thumbnail_overlay_color_last_edited=\u00bboff|desktop\u00bb _builder_version=\u00bb4.27.4&#8243; _module_preset=\u00bbdefault\u00bb border_radii=\u00bbon|5px|5px|5px|5px\u00bb locked=\u00bboff\u00bb global_colors_info=\u00bb{}\u00bb][\/et_pb_video][\/et_pb_column][\/et_pb_row][et_pb_row column_structure=\u00bb1_3,1_3,1_3&#8243; _builder_version=\u00bb4.27.4&#8243; _module_preset=\u00bbdefault\u00bb global_colors_info=\u00bb{}\u00bb][et_pb_column type=\u00bb1_3&#8243; _builder_version=\u00bb4.27.4&#8243; _module_preset=\u00bbdefault\u00bb global_colors_info=\u00bb{}\u00bb][et_pb_image src=\u00bbhttps:\/\/mcprd.cl\/wp-content\/uploads\/2025\/01\/RESULTADOS-DINAMOMETRO.jpg\u00bb title_text=\u00bbRESULTADOS-DINAMO\u0301METRO\u00bb _builder_version=\u00bb4.27.4&#8243; _module_preset=\u00bbdefault\u00bb hover_enabled=\u00bb0&#8243; global_colors_info=\u00bb{}\u00bb show_in_lightbox=\u00bbon\u00bb sticky_enabled=\u00bb0&#8243;][\/et_pb_image][et_pb_text _builder_version=\u00bb4.27.4&#8243; _module_preset=\u00bbdefault\u00bb header_3_text_align=\u00bbcenter\u00bb global_colors_info=\u00bb{}\u00bb]<\/p>\n<h3>Resultados Dinam\u00f3metro<\/h3>\n<p>[\/et_pb_text][\/et_pb_column][et_pb_column type=\u00bb1_3&#8243; _builder_version=\u00bb4.27.4&#8243; _module_preset=\u00bbdefault\u00bb global_colors_info=\u00bb{}\u00bb][et_pb_image src=\u00bbhttps:\/\/mcprd.cl\/wp-content\/uploads\/2025\/01\/PROTOTIPOS-DE-PIEZA-EN-3D-1.jpg\u00bb title_text=\u00bbPROTOTIPOS-DE-PIEZA-EN-3D\u00bb _builder_version=\u00bb4.27.4&#8243; _module_preset=\u00bbdefault\u00bb global_colors_info=\u00bb{}\u00bb show_in_lightbox=\u00bbon\u00bb][\/et_pb_image][et_pb_text _builder_version=\u00bb4.27.4&#8243; _module_preset=\u00bbdefault\u00bb header_3_text_align=\u00bbcenter\u00bb global_colors_info=\u00bb{}\u00bb]<\/p>\n<h3>Prototipos de pieza en 3D<\/h3>\n<p>[\/et_pb_text][\/et_pb_column][et_pb_column type=\u00bb1_3&#8243; _builder_version=\u00bb4.27.4&#8243; _module_preset=\u00bbdefault\u00bb global_colors_info=\u00bb{}\u00bb][et_pb_image src=\u00bbhttps:\/\/mcprd.cl\/wp-content\/uploads\/2025\/01\/MICROSCOPIO-Y-DUROMETRO.jpg\u00bb title_text=\u00bbMICROSCOPIO-Y-DURO\u0301METRO\u00bb _builder_version=\u00bb4.27.4&#8243; _module_preset=\u00bbdefault\u00bb hover_enabled=\u00bb0&#8243; global_colors_info=\u00bb{}\u00bb show_in_lightbox=\u00bbon\u00bb sticky_enabled=\u00bb0&#8243;][\/et_pb_image][et_pb_text _builder_version=\u00bb4.27.4&#8243; _module_preset=\u00bbdefault\u00bb header_3_text_align=\u00bbcenter\u00bb global_colors_info=\u00bb{}\u00bb]<\/p>\n<h3>Microscopio y Dur\u00f3metro<\/h3>\n<p>[\/et_pb_text][\/et_pb_column][\/et_pb_row][et_pb_row column_structure=\u00bb1_3,1_3,1_3&#8243; _builder_version=\u00bb4.27.4&#8243; _module_preset=\u00bbdefault\u00bb global_colors_info=\u00bb{}\u00bb][et_pb_column type=\u00bb1_3&#8243; _builder_version=\u00bb4.27.4&#8243; _module_preset=\u00bbdefault\u00bb global_colors_info=\u00bb{}\u00bb][et_pb_image src=\u00bbhttps:\/\/mcprd.cl\/wp-content\/uploads\/2025\/01\/DINAMOMETRO.jpg\u00bb title_text=\u00bbDINAMO\u0301METRO\u00bb _builder_version=\u00bb4.27.4&#8243; _module_preset=\u00bbdefault\u00bb global_colors_info=\u00bb{}\u00bb show_in_lightbox=\u00bbon\u00bb][\/et_pb_image][et_pb_text _builder_version=\u00bb4.27.4&#8243; _module_preset=\u00bbdefault\u00bb header_3_text_align=\u00bbcenter\u00bb global_colors_info=\u00bb{}\u00bb]<\/p>\n<h3>Dinam\u00f3metro<\/h3>\n<p>[\/et_pb_text][\/et_pb_column][et_pb_column type=\u00bb1_3&#8243; _builder_version=\u00bb4.27.4&#8243; _module_preset=\u00bbdefault\u00bb global_colors_info=\u00bb{}\u00bb][et_pb_image src=\u00bbhttps:\/\/mcprd.cl\/wp-content\/uploads\/2025\/01\/CORTE-PLASMA.jpg\u00bb title_text=\u00bbCORTE-PLASMA\u00bb _builder_version=\u00bb4.27.4&#8243; _module_preset=\u00bbdefault\u00bb global_colors_info=\u00bb{}\u00bb show_in_lightbox=\u00bbon\u00bb][\/et_pb_image][et_pb_text _builder_version=\u00bb4.27.4&#8243; _module_preset=\u00bbdefault\u00bb header_3_text_align=\u00bbcenter\u00bb global_colors_info=\u00bb{}\u00bb]<\/p>\n<h3>Corte Plasma<\/h3>\n<p>[\/et_pb_text][\/et_pb_column][et_pb_column type=\u00bb1_3&#8243; _builder_version=\u00bb4.27.4&#8243; _module_preset=\u00bbdefault\u00bb global_colors_info=\u00bb{}\u00bb][et_pb_image src=\u00bbhttps:\/\/mcprd.cl\/wp-content\/uploads\/2025\/01\/ABRASIMETRO.jpg\u00bb title_text=\u00bbABRASIMETRO\u00bb _builder_version=\u00bb4.27.4&#8243; _module_preset=\u00bbdefault\u00bb global_colors_info=\u00bb{}\u00bb show_in_lightbox=\u00bbon\u00bb][\/et_pb_image][et_pb_text _builder_version=\u00bb4.27.4&#8243; _module_preset=\u00bbdefault\u00bb header_3_text_align=\u00bbcenter\u00bb global_colors_info=\u00bb{}\u00bb]<\/p>\n<h3>Abras\u00edmetro<\/h3>\n<p>[\/et_pb_text][\/et_pb_column][\/et_pb_row][\/et_pb_section]<\/p>\n","protected":false},"excerpt":{"rendered":"<p>Laboratorios MCP Rubber Division concentra sus esfuerzos en entregar el m\u00e1ximo servicio pre y post venta a nuestros clientes, entregando soluciones en el desarrollo y fabricaci\u00f3n de piezas t\u00e9cnicas de caucho. Para esto cuenta con un grupo de profesionales centrados en el an\u00e1lisis de los problemas de nuestros clientes, ofreciendo:Resultados Dinam\u00f3metroPrototipos de pieza en 3DMicroscopio [&hellip;]<\/p>\n","protected":false},"author":1,"featured_media":0,"parent":0,"menu_order":0,"comment_status":"closed","ping_status":"closed","template":"","meta":{"_acf_changed":false,"_et_pb_use_builder":"on","_et_pb_old_content":"","_et_gb_content_width":"","_joinchat":[],"footnotes":""},"class_list":["post-1782","page","type-page","status-publish","hentry"],"acf":[],"yoast_head":"<!-- This site is optimized with the Yoast SEO plugin v26.2 - https:\/\/yoast.com\/wordpress\/plugins\/seo\/ -->\n<title>Laboratorios - MCP Rubber Division<\/title>\n<meta name=\"robots\" content=\"index, follow, max-snippet:-1, max-image-preview:large, max-video-preview:-1\" \/>\n<link rel=\"canonical\" href=\"http:\/\/mcprd.cl\/en\/laboratorios\/\" \/>\n<meta property=\"og:locale\" content=\"en_US\" \/>\n<meta property=\"og:type\" content=\"article\" \/>\n<meta property=\"og:title\" content=\"Laboratorios - MCP Rubber Division\" \/>\n<meta property=\"og:description\" content=\"Laboratorios MCP Rubber Division concentra sus esfuerzos en entregar el m\u00e1ximo servicio pre y post venta a nuestros clientes, entregando soluciones en el desarrollo y fabricaci\u00f3n de piezas t\u00e9cnicas de caucho. Para esto cuenta con un grupo de profesionales centrados en el an\u00e1lisis de los problemas de nuestros clientes, ofreciendo:Resultados Dinam\u00f3metroPrototipos de pieza en 3DMicroscopio [&hellip;]\" \/>\n<meta property=\"og:url\" content=\"http:\/\/mcprd.cl\/en\/laboratorios\/\" \/>\n<meta property=\"og:site_name\" content=\"MCP Rubber Division\" \/>\n<meta property=\"article:modified_time\" content=\"2025-01-22T02:40:48+00:00\" \/>\n<meta name=\"twitter:card\" content=\"summary_large_image\" \/>\n<meta name=\"twitter:label1\" content=\"Est. reading time\" \/>\n\t<meta name=\"twitter:data1\" content=\"5 minutes\" \/>\n<script type=\"application\/ld+json\" class=\"yoast-schema-graph\">{\"@context\":\"https:\/\/schema.org\",\"@graph\":[{\"@type\":\"WebPage\",\"@id\":\"http:\/\/mcprd.cl\/en\/laboratorios\/\",\"url\":\"http:\/\/mcprd.cl\/en\/laboratorios\/\",\"name\":\"Laboratorios - MCP Rubber Division\",\"isPartOf\":{\"@id\":\"https:\/\/mcprd.cl\/en\/#website\"},\"datePublished\":\"2025-01-13T20:26:54+00:00\",\"dateModified\":\"2025-01-22T02:40:48+00:00\",\"breadcrumb\":{\"@id\":\"http:\/\/mcprd.cl\/en\/laboratorios\/#breadcrumb\"},\"inLanguage\":\"en-US\",\"potentialAction\":[{\"@type\":\"ReadAction\",\"target\":[\"http:\/\/mcprd.cl\/en\/laboratorios\/\"]}]},{\"@type\":\"BreadcrumbList\",\"@id\":\"http:\/\/mcprd.cl\/en\/laboratorios\/#breadcrumb\",\"itemListElement\":[{\"@type\":\"ListItem\",\"position\":1,\"name\":\"Portada\",\"item\":\"https:\/\/mcprd.cl\/\"},{\"@type\":\"ListItem\",\"position\":2,\"name\":\"Laboratorios\"}]},{\"@type\":\"WebSite\",\"@id\":\"https:\/\/mcprd.cl\/en\/#website\",\"url\":\"https:\/\/mcprd.cl\/en\/\",\"name\":\"MCP Rubber Division\",\"description\":\"Productos T\u00e9cnicos de Caucho\",\"potentialAction\":[{\"@type\":\"SearchAction\",\"target\":{\"@type\":\"EntryPoint\",\"urlTemplate\":\"https:\/\/mcprd.cl\/en\/?s={search_term_string}\"},\"query-input\":{\"@type\":\"PropertyValueSpecification\",\"valueRequired\":true,\"valueName\":\"search_term_string\"}}],\"inLanguage\":\"en-US\"}]}<\/script>\n<!-- \/ Yoast SEO plugin. -->","yoast_head_json":{"title":"Laboratorios - MCP Rubber Division","robots":{"index":"index","follow":"follow","max-snippet":"max-snippet:-1","max-image-preview":"max-image-preview:large","max-video-preview":"max-video-preview:-1"},"canonical":"http:\/\/mcprd.cl\/en\/laboratorios\/","og_locale":"en_US","og_type":"article","og_title":"Laboratorios - MCP Rubber Division","og_description":"Laboratorios MCP Rubber Division concentra sus esfuerzos en entregar el m\u00e1ximo servicio pre y post venta a nuestros clientes, entregando soluciones en el desarrollo y fabricaci\u00f3n de piezas t\u00e9cnicas de caucho. Para esto cuenta con un grupo de profesionales centrados en el an\u00e1lisis de los problemas de nuestros clientes, ofreciendo:Resultados Dinam\u00f3metroPrototipos de pieza en 3DMicroscopio [&hellip;]","og_url":"http:\/\/mcprd.cl\/en\/laboratorios\/","og_site_name":"MCP Rubber Division","article_modified_time":"2025-01-22T02:40:48+00:00","twitter_card":"summary_large_image","twitter_misc":{"Est. reading time":"5 minutes"},"schema":{"@context":"https:\/\/schema.org","@graph":[{"@type":"WebPage","@id":"http:\/\/mcprd.cl\/en\/laboratorios\/","url":"http:\/\/mcprd.cl\/en\/laboratorios\/","name":"Laboratorios - MCP Rubber Division","isPartOf":{"@id":"https:\/\/mcprd.cl\/en\/#website"},"datePublished":"2025-01-13T20:26:54+00:00","dateModified":"2025-01-22T02:40:48+00:00","breadcrumb":{"@id":"http:\/\/mcprd.cl\/en\/laboratorios\/#breadcrumb"},"inLanguage":"en-US","potentialAction":[{"@type":"ReadAction","target":["http:\/\/mcprd.cl\/en\/laboratorios\/"]}]},{"@type":"BreadcrumbList","@id":"http:\/\/mcprd.cl\/en\/laboratorios\/#breadcrumb","itemListElement":[{"@type":"ListItem","position":1,"name":"Portada","item":"https:\/\/mcprd.cl\/"},{"@type":"ListItem","position":2,"name":"Laboratorios"}]},{"@type":"WebSite","@id":"https:\/\/mcprd.cl\/en\/#website","url":"https:\/\/mcprd.cl\/en\/","name":"MCP Rubber Division","description":"Technical Rubber Products","potentialAction":[{"@type":"SearchAction","target":{"@type":"EntryPoint","urlTemplate":"https:\/\/mcprd.cl\/en\/?s={search_term_string}"},"query-input":{"@type":"PropertyValueSpecification","valueRequired":true,"valueName":"search_term_string"}}],"inLanguage":"en-US"}]}},"_links":{"self":[{"href":"https:\/\/mcprd.cl\/en\/wp-json\/wp\/v2\/pages\/1782","targetHints":{"allow":["GET"]}}],"collection":[{"href":"https:\/\/mcprd.cl\/en\/wp-json\/wp\/v2\/pages"}],"about":[{"href":"https:\/\/mcprd.cl\/en\/wp-json\/wp\/v2\/types\/page"}],"author":[{"embeddable":true,"href":"https:\/\/mcprd.cl\/en\/wp-json\/wp\/v2\/users\/1"}],"replies":[{"embeddable":true,"href":"https:\/\/mcprd.cl\/en\/wp-json\/wp\/v2\/comments?post=1782"}],"version-history":[{"count":0,"href":"https:\/\/mcprd.cl\/en\/wp-json\/wp\/v2\/pages\/1782\/revisions"}],"wp:attachment":[{"href":"https:\/\/mcprd.cl\/en\/wp-json\/wp\/v2\/media?parent=1782"}],"curies":[{"name":"wp","href":"https:\/\/api.w.org\/{rel}","templated":true}]}}