{"id":803,"date":"2024-10-15T17:40:02","date_gmt":"2024-10-15T15:40:02","guid":{"rendered":"https:\/\/mcprd.cl\/?post_type=product&#038;p=803"},"modified":"2024-12-20T21:16:59","modified_gmt":"2024-12-20T20:16:59","slug":"lomo-de-toro-enrrollable","status":"publish","type":"product","link":"http:\/\/mcprd.cl\/en\/product\/lomo-de-toro-enrrollable\/","title":{"rendered":"ROLLING BULL LOIN"},"content":{"rendered":"<p>It is a safety device that controls the speed of vehicles and can be rolled up for easy storage and transportation. It is easy to install and remove, making it ideal for temporary events and construction areas. Its main function is to reduce the speed of vehicles and prevent accidents in areas of high pedestrian traffic.<\/p>","protected":false},"excerpt":{"rendered":"<p>Es un dispositivo de seguridad que controla la velocidad de los veh\u00edculos y puede enrollarse para facilitar su almacenamiento y transporte. Es f\u00e1cil de instalar y retirar, lo que lo hace ideal para eventos temporales y \u00e1reas de construcci\u00f3n. Su funci\u00f3n principal es reducir la velocidad de los veh\u00edculos y prevenir accidentes en zonas de [&hellip;]<\/p>\n","protected":false},"featured_media":804,"comment_status":"closed","ping_status":"closed","template":"","meta":{"_acf_changed":false,"_et_pb_use_builder":"","_et_pb_old_content":"","_et_gb_content_width":"","_joinchat":[]},"product_brand":[],"product_cat":[37,56],"product_tag":[],"class_list":{"0":"post-803","1":"product","2":"type-product","3":"status-publish","4":"has-post-thumbnail","6":"product_cat-division-construccion","7":"product_cat-ninguna","9":"first","10":"instock","11":"shipping-taxable","12":"product-type-simple"},"acf":[],"yoast_head":"<!-- This site is optimized with the Yoast SEO plugin v26.2 - https:\/\/yoast.com\/wordpress\/plugins\/seo\/ -->\n<title>LOMO DE TORO ENRROLLABLE - MCP Rubber Division<\/title>\n<meta name=\"robots\" content=\"index, follow, max-snippet:-1, max-image-preview:large, max-video-preview:-1\" \/>\n<link rel=\"canonical\" href=\"https:\/\/mcprd.cl\/en\/product\/lomo-de-toro-enrrollable\/\" \/>\n<meta property=\"og:locale\" content=\"en_US\" \/>\n<meta property=\"og:type\" content=\"article\" \/>\n<meta property=\"og:title\" content=\"LOMO DE TORO ENRROLLABLE - MCP Rubber Division\" \/>\n<meta property=\"og:description\" content=\"Es un dispositivo de seguridad que controla la velocidad de los veh\u00edculos y puede enrollarse para facilitar su almacenamiento y transporte. Es f\u00e1cil de instalar y retirar, lo que lo hace ideal para eventos temporales y \u00e1reas de construcci\u00f3n. Su funci\u00f3n principal es reducir la velocidad de los veh\u00edculos y prevenir accidentes en zonas de [&hellip;]\" \/>\n<meta property=\"og:url\" content=\"https:\/\/mcprd.cl\/en\/product\/lomo-de-toro-enrrollable\/\" \/>\n<meta property=\"og:site_name\" content=\"MCP Rubber Division\" \/>\n<meta property=\"article:modified_time\" content=\"2024-12-20T20:16:59+00:00\" \/>\n<meta property=\"og:image\" content=\"https:\/\/mcprd.cl\/wp-content\/uploads\/2024\/10\/Lomo-de-toro-enrollable-1.jpg\" \/>\n\t<meta property=\"og:image:width\" content=\"881\" \/>\n\t<meta property=\"og:image:height\" content=\"646\" \/>\n\t<meta property=\"og:image:type\" content=\"image\/jpeg\" \/>\n<meta name=\"twitter:card\" content=\"summary_large_image\" \/>\n<script type=\"application\/ld+json\" class=\"yoast-schema-graph\">{\"@context\":\"https:\/\/schema.org\",\"@graph\":[{\"@type\":\"WebPage\",\"@id\":\"https:\/\/mcprd.cl\/en\/product\/lomo-de-toro-enrrollable\/\",\"url\":\"https:\/\/mcprd.cl\/en\/product\/lomo-de-toro-enrrollable\/\",\"name\":\"LOMO DE TORO ENRROLLABLE - MCP Rubber Division\",\"isPartOf\":{\"@id\":\"https:\/\/mcprd.cl\/en\/#website\"},\"primaryImageOfPage\":{\"@id\":\"https:\/\/mcprd.cl\/en\/product\/lomo-de-toro-enrrollable\/#primaryimage\"},\"image\":{\"@id\":\"https:\/\/mcprd.cl\/en\/product\/lomo-de-toro-enrrollable\/#primaryimage\"},\"thumbnailUrl\":\"https:\/\/mcprd.cl\/wp-content\/uploads\/2024\/10\/Lomo-de-toro-enrollable-1.jpg\",\"datePublished\":\"2024-10-15T15:40:02+00:00\",\"dateModified\":\"2024-12-20T20:16:59+00:00\",\"breadcrumb\":{\"@id\":\"https:\/\/mcprd.cl\/en\/product\/lomo-de-toro-enrrollable\/#breadcrumb\"},\"inLanguage\":\"en-US\",\"potentialAction\":[{\"@type\":\"ReadAction\",\"target\":[\"https:\/\/mcprd.cl\/en\/product\/lomo-de-toro-enrrollable\/\"]}]},{\"@type\":\"ImageObject\",\"inLanguage\":\"en-US\",\"@id\":\"https:\/\/mcprd.cl\/en\/product\/lomo-de-toro-enrrollable\/#primaryimage\",\"url\":\"https:\/\/mcprd.cl\/wp-content\/uploads\/2024\/10\/Lomo-de-toro-enrollable-1.jpg\",\"contentUrl\":\"https:\/\/mcprd.cl\/wp-content\/uploads\/2024\/10\/Lomo-de-toro-enrollable-1.jpg\",\"width\":881,\"height\":646},{\"@type\":\"BreadcrumbList\",\"@id\":\"https:\/\/mcprd.cl\/en\/product\/lomo-de-toro-enrrollable\/#breadcrumb\",\"itemListElement\":[{\"@type\":\"ListItem\",\"position\":1,\"name\":\"Portada\",\"item\":\"https:\/\/mcprd.cl\/\"},{\"@type\":\"ListItem\",\"position\":2,\"name\":\"Tienda\",\"item\":\"http:\/\/mcprd.cl\/en\/tienda\/\"},{\"@type\":\"ListItem\",\"position\":3,\"name\":\"LOMO DE TORO ENRROLLABLE\"}]},{\"@type\":\"WebSite\",\"@id\":\"https:\/\/mcprd.cl\/en\/#website\",\"url\":\"https:\/\/mcprd.cl\/en\/\",\"name\":\"MCP Rubber Division\",\"description\":\"Productos T\u00e9cnicos de Caucho\",\"potentialAction\":[{\"@type\":\"SearchAction\",\"target\":{\"@type\":\"EntryPoint\",\"urlTemplate\":\"https:\/\/mcprd.cl\/en\/?s={search_term_string}\"},\"query-input\":{\"@type\":\"PropertyValueSpecification\",\"valueRequired\":true,\"valueName\":\"search_term_string\"}}],\"inLanguage\":\"en-US\"}]}<\/script>\n<!-- \/ Yoast SEO plugin. -->","yoast_head_json":{"title":"LOMO DE TORO ENRROLLABLE - MCP Rubber Division","robots":{"index":"index","follow":"follow","max-snippet":"max-snippet:-1","max-image-preview":"max-image-preview:large","max-video-preview":"max-video-preview:-1"},"canonical":"https:\/\/mcprd.cl\/en\/product\/lomo-de-toro-enrrollable\/","og_locale":"en_US","og_type":"article","og_title":"LOMO DE TORO ENRROLLABLE - MCP Rubber Division","og_description":"Es un dispositivo de seguridad que controla la velocidad de los veh\u00edculos y puede enrollarse para facilitar su almacenamiento y transporte. Es f\u00e1cil de instalar y retirar, lo que lo hace ideal para eventos temporales y \u00e1reas de construcci\u00f3n. Su funci\u00f3n principal es reducir la velocidad de los veh\u00edculos y prevenir accidentes en zonas de [&hellip;]","og_url":"https:\/\/mcprd.cl\/en\/product\/lomo-de-toro-enrrollable\/","og_site_name":"MCP Rubber Division","article_modified_time":"2024-12-20T20:16:59+00:00","og_image":[{"width":881,"height":646,"url":"https:\/\/mcprd.cl\/wp-content\/uploads\/2024\/10\/Lomo-de-toro-enrollable-1.jpg","type":"image\/jpeg"}],"twitter_card":"summary_large_image","schema":{"@context":"https:\/\/schema.org","@graph":[{"@type":"WebPage","@id":"https:\/\/mcprd.cl\/en\/product\/lomo-de-toro-enrrollable\/","url":"https:\/\/mcprd.cl\/en\/product\/lomo-de-toro-enrrollable\/","name":"LOMO DE TORO ENRROLLABLE - MCP Rubber Division","isPartOf":{"@id":"https:\/\/mcprd.cl\/en\/#website"},"primaryImageOfPage":{"@id":"https:\/\/mcprd.cl\/en\/product\/lomo-de-toro-enrrollable\/#primaryimage"},"image":{"@id":"https:\/\/mcprd.cl\/en\/product\/lomo-de-toro-enrrollable\/#primaryimage"},"thumbnailUrl":"https:\/\/mcprd.cl\/wp-content\/uploads\/2024\/10\/Lomo-de-toro-enrollable-1.jpg","datePublished":"2024-10-15T15:40:02+00:00","dateModified":"2024-12-20T20:16:59+00:00","breadcrumb":{"@id":"https:\/\/mcprd.cl\/en\/product\/lomo-de-toro-enrrollable\/#breadcrumb"},"inLanguage":"en-US","potentialAction":[{"@type":"ReadAction","target":["https:\/\/mcprd.cl\/en\/product\/lomo-de-toro-enrrollable\/"]}]},{"@type":"ImageObject","inLanguage":"en-US","@id":"https:\/\/mcprd.cl\/en\/product\/lomo-de-toro-enrrollable\/#primaryimage","url":"https:\/\/mcprd.cl\/wp-content\/uploads\/2024\/10\/Lomo-de-toro-enrollable-1.jpg","contentUrl":"https:\/\/mcprd.cl\/wp-content\/uploads\/2024\/10\/Lomo-de-toro-enrollable-1.jpg","width":881,"height":646},{"@type":"BreadcrumbList","@id":"https:\/\/mcprd.cl\/en\/product\/lomo-de-toro-enrrollable\/#breadcrumb","itemListElement":[{"@type":"ListItem","position":1,"name":"Portada","item":"https:\/\/mcprd.cl\/"},{"@type":"ListItem","position":2,"name":"Tienda","item":"http:\/\/mcprd.cl\/en\/tienda\/"},{"@type":"ListItem","position":3,"name":"LOMO DE TORO ENRROLLABLE"}]},{"@type":"WebSite","@id":"https:\/\/mcprd.cl\/en\/#website","url":"https:\/\/mcprd.cl\/en\/","name":"MCP Rubber Division","description":"Technical Rubber Products","potentialAction":[{"@type":"SearchAction","target":{"@type":"EntryPoint","urlTemplate":"https:\/\/mcprd.cl\/en\/?s={search_term_string}"},"query-input":{"@type":"PropertyValueSpecification","valueRequired":true,"valueName":"search_term_string"}}],"inLanguage":"en-US"}]}},"_links":{"self":[{"href":"http:\/\/mcprd.cl\/en\/wp-json\/wp\/v2\/product\/803","targetHints":{"allow":["GET"]}}],"collection":[{"href":"http:\/\/mcprd.cl\/en\/wp-json\/wp\/v2\/product"}],"about":[{"href":"http:\/\/mcprd.cl\/en\/wp-json\/wp\/v2\/types\/product"}],"replies":[{"embeddable":true,"href":"http:\/\/mcprd.cl\/en\/wp-json\/wp\/v2\/comments?post=803"}],"wp:featuredmedia":[{"embeddable":true,"href":"http:\/\/mcprd.cl\/en\/wp-json\/wp\/v2\/media\/804"}],"wp:attachment":[{"href":"http:\/\/mcprd.cl\/en\/wp-json\/wp\/v2\/media?parent=803"}],"wp:term":[{"taxonomy":"product_brand","embeddable":true,"href":"http:\/\/mcprd.cl\/en\/wp-json\/wp\/v2\/product_brand?post=803"},{"taxonomy":"product_cat","embeddable":true,"href":"http:\/\/mcprd.cl\/en\/wp-json\/wp\/v2\/product_cat?post=803"},{"taxonomy":"product_tag","embeddable":true,"href":"http:\/\/mcprd.cl\/en\/wp-json\/wp\/v2\/product_tag?post=803"}],"curies":[{"name":"wp","href":"https:\/\/api.w.org\/{rel}","templated":true}]}}