{"id":797,"date":"2024-10-15T17:40:01","date_gmt":"2024-10-15T15:40:01","guid":{"rendered":"https:\/\/mcprd.cl\/?post_type=product&#038;p=797"},"modified":"2024-12-20T21:17:08","modified_gmt":"2024-12-20T20:17:08","slug":"lomo-de-toro","status":"publish","type":"product","link":"http:\/\/mcprd.cl\/en\/product\/lomo-de-toro\/","title":{"rendered":"BULL LOIN"},"content":{"rendered":"<p>It is a safety device placed on the ground to force vehicles to slow down. With a raised design, it is visible and wear-resistant. It is easily installed on various surfaces and is used in parking lots, residential streets, and school zones. Its main function is to improve safety by preventing accidents by forcing drivers to slow down and pay attention.<\/p>","protected":false},"excerpt":{"rendered":"<p>Es un dispositivo de seguridad que se coloca en el suelo para obligar a los veh\u00edculos a reducir la velocidad. Con un dise\u00f1o elevado, es visible y resistente al desgaste. Se instala f\u00e1cilmente en diversas superficies y se utiliza en estacionamientos, calles residenciales y zonas escolares. Su principal funci\u00f3n es mejorar la seguridad al prevenir [&hellip;]<\/p>\n","protected":false},"featured_media":798,"comment_status":"closed","ping_status":"closed","template":"","meta":{"_acf_changed":false,"_et_pb_use_builder":"","_et_pb_old_content":"","_et_gb_content_width":"","_joinchat":[]},"product_brand":[],"product_cat":[56],"product_tag":[],"class_list":{"0":"post-797","1":"product","2":"type-product","3":"status-publish","4":"has-post-thumbnail","6":"product_cat-ninguna","8":"first","9":"instock","10":"shipping-taxable","11":"product-type-simple"},"acf":[],"yoast_head":"<!-- This site is optimized with the Yoast SEO plugin v26.2 - https:\/\/yoast.com\/wordpress\/plugins\/seo\/ -->\n<title>LOMO DE TORO - MCP Rubber Division<\/title>\n<meta name=\"robots\" content=\"index, follow, max-snippet:-1, max-image-preview:large, max-video-preview:-1\" \/>\n<link rel=\"canonical\" href=\"https:\/\/mcprd.cl\/en\/product\/lomo-de-toro\/\" \/>\n<meta property=\"og:locale\" content=\"en_US\" \/>\n<meta property=\"og:type\" content=\"article\" \/>\n<meta property=\"og:title\" content=\"LOMO DE TORO - MCP Rubber Division\" \/>\n<meta property=\"og:description\" content=\"Es un dispositivo de seguridad que se coloca en el suelo para obligar a los veh\u00edculos a reducir la velocidad. Con un dise\u00f1o elevado, es visible y resistente al desgaste. Se instala f\u00e1cilmente en diversas superficies y se utiliza en estacionamientos, calles residenciales y zonas escolares. Su principal funci\u00f3n es mejorar la seguridad al prevenir [&hellip;]\" \/>\n<meta property=\"og:url\" content=\"https:\/\/mcprd.cl\/en\/product\/lomo-de-toro\/\" \/>\n<meta property=\"og:site_name\" content=\"MCP Rubber Division\" \/>\n<meta property=\"article:modified_time\" content=\"2024-12-20T20:17:08+00:00\" \/>\n<meta property=\"og:image\" content=\"https:\/\/mcprd.cl\/wp-content\/uploads\/2024\/10\/lomo-de-toro-1.jpg\" \/>\n\t<meta property=\"og:image:width\" content=\"863\" \/>\n\t<meta property=\"og:image:height\" content=\"659\" \/>\n\t<meta property=\"og:image:type\" content=\"image\/jpeg\" \/>\n<meta name=\"twitter:card\" content=\"summary_large_image\" \/>\n<script type=\"application\/ld+json\" class=\"yoast-schema-graph\">{\"@context\":\"https:\/\/schema.org\",\"@graph\":[{\"@type\":\"WebPage\",\"@id\":\"https:\/\/mcprd.cl\/producto\/lomo-de-toro\/\",\"url\":\"https:\/\/mcprd.cl\/producto\/lomo-de-toro\/\",\"name\":\"LOMO DE TORO - MCP Rubber Division\",\"isPartOf\":{\"@id\":\"https:\/\/mcprd.cl\/en\/#website\"},\"primaryImageOfPage\":{\"@id\":\"https:\/\/mcprd.cl\/producto\/lomo-de-toro\/#primaryimage\"},\"image\":{\"@id\":\"https:\/\/mcprd.cl\/producto\/lomo-de-toro\/#primaryimage\"},\"thumbnailUrl\":\"https:\/\/mcprd.cl\/wp-content\/uploads\/2024\/10\/lomo-de-toro-1.jpg\",\"datePublished\":\"2024-10-15T15:40:01+00:00\",\"dateModified\":\"2024-12-20T20:17:08+00:00\",\"breadcrumb\":{\"@id\":\"https:\/\/mcprd.cl\/producto\/lomo-de-toro\/#breadcrumb\"},\"inLanguage\":\"en-US\",\"potentialAction\":[{\"@type\":\"ReadAction\",\"target\":[\"https:\/\/mcprd.cl\/producto\/lomo-de-toro\/\"]}]},{\"@type\":\"ImageObject\",\"inLanguage\":\"en-US\",\"@id\":\"https:\/\/mcprd.cl\/producto\/lomo-de-toro\/#primaryimage\",\"url\":\"https:\/\/mcprd.cl\/wp-content\/uploads\/2024\/10\/lomo-de-toro-1.jpg\",\"contentUrl\":\"https:\/\/mcprd.cl\/wp-content\/uploads\/2024\/10\/lomo-de-toro-1.jpg\",\"width\":863,\"height\":659},{\"@type\":\"BreadcrumbList\",\"@id\":\"https:\/\/mcprd.cl\/producto\/lomo-de-toro\/#breadcrumb\",\"itemListElement\":[{\"@type\":\"ListItem\",\"position\":1,\"name\":\"Portada\",\"item\":\"https:\/\/mcprd.cl\/\"},{\"@type\":\"ListItem\",\"position\":2,\"name\":\"Tienda\",\"item\":\"http:\/\/mcprd.cl\/en\/tienda\/\"},{\"@type\":\"ListItem\",\"position\":3,\"name\":\"LOMO DE TORO\"}]},{\"@type\":\"WebSite\",\"@id\":\"https:\/\/mcprd.cl\/en\/#website\",\"url\":\"https:\/\/mcprd.cl\/en\/\",\"name\":\"MCP Rubber Division\",\"description\":\"Productos T\u00e9cnicos de Caucho\",\"potentialAction\":[{\"@type\":\"SearchAction\",\"target\":{\"@type\":\"EntryPoint\",\"urlTemplate\":\"https:\/\/mcprd.cl\/en\/?s={search_term_string}\"},\"query-input\":{\"@type\":\"PropertyValueSpecification\",\"valueRequired\":true,\"valueName\":\"search_term_string\"}}],\"inLanguage\":\"en-US\"}]}<\/script>\n<!-- \/ Yoast SEO plugin. -->","yoast_head_json":{"title":"LOMO DE TORO - MCP Rubber Division","robots":{"index":"index","follow":"follow","max-snippet":"max-snippet:-1","max-image-preview":"max-image-preview:large","max-video-preview":"max-video-preview:-1"},"canonical":"https:\/\/mcprd.cl\/en\/product\/lomo-de-toro\/","og_locale":"en_US","og_type":"article","og_title":"LOMO DE TORO - MCP Rubber Division","og_description":"Es un dispositivo de seguridad que se coloca en el suelo para obligar a los veh\u00edculos a reducir la velocidad. Con un dise\u00f1o elevado, es visible y resistente al desgaste. Se instala f\u00e1cilmente en diversas superficies y se utiliza en estacionamientos, calles residenciales y zonas escolares. Su principal funci\u00f3n es mejorar la seguridad al prevenir [&hellip;]","og_url":"https:\/\/mcprd.cl\/en\/product\/lomo-de-toro\/","og_site_name":"MCP Rubber Division","article_modified_time":"2024-12-20T20:17:08+00:00","og_image":[{"width":863,"height":659,"url":"https:\/\/mcprd.cl\/wp-content\/uploads\/2024\/10\/lomo-de-toro-1.jpg","type":"image\/jpeg"}],"twitter_card":"summary_large_image","schema":{"@context":"https:\/\/schema.org","@graph":[{"@type":"WebPage","@id":"https:\/\/mcprd.cl\/producto\/lomo-de-toro\/","url":"https:\/\/mcprd.cl\/producto\/lomo-de-toro\/","name":"LOMO DE TORO - MCP Rubber Division","isPartOf":{"@id":"https:\/\/mcprd.cl\/en\/#website"},"primaryImageOfPage":{"@id":"https:\/\/mcprd.cl\/producto\/lomo-de-toro\/#primaryimage"},"image":{"@id":"https:\/\/mcprd.cl\/producto\/lomo-de-toro\/#primaryimage"},"thumbnailUrl":"https:\/\/mcprd.cl\/wp-content\/uploads\/2024\/10\/lomo-de-toro-1.jpg","datePublished":"2024-10-15T15:40:01+00:00","dateModified":"2024-12-20T20:17:08+00:00","breadcrumb":{"@id":"https:\/\/mcprd.cl\/producto\/lomo-de-toro\/#breadcrumb"},"inLanguage":"en-US","potentialAction":[{"@type":"ReadAction","target":["https:\/\/mcprd.cl\/producto\/lomo-de-toro\/"]}]},{"@type":"ImageObject","inLanguage":"en-US","@id":"https:\/\/mcprd.cl\/producto\/lomo-de-toro\/#primaryimage","url":"https:\/\/mcprd.cl\/wp-content\/uploads\/2024\/10\/lomo-de-toro-1.jpg","contentUrl":"https:\/\/mcprd.cl\/wp-content\/uploads\/2024\/10\/lomo-de-toro-1.jpg","width":863,"height":659},{"@type":"BreadcrumbList","@id":"https:\/\/mcprd.cl\/producto\/lomo-de-toro\/#breadcrumb","itemListElement":[{"@type":"ListItem","position":1,"name":"Portada","item":"https:\/\/mcprd.cl\/"},{"@type":"ListItem","position":2,"name":"Tienda","item":"http:\/\/mcprd.cl\/en\/tienda\/"},{"@type":"ListItem","position":3,"name":"LOMO DE TORO"}]},{"@type":"WebSite","@id":"https:\/\/mcprd.cl\/en\/#website","url":"https:\/\/mcprd.cl\/en\/","name":"MCP Rubber Division","description":"Technical Rubber Products","potentialAction":[{"@type":"SearchAction","target":{"@type":"EntryPoint","urlTemplate":"https:\/\/mcprd.cl\/en\/?s={search_term_string}"},"query-input":{"@type":"PropertyValueSpecification","valueRequired":true,"valueName":"search_term_string"}}],"inLanguage":"en-US"}]}},"_links":{"self":[{"href":"http:\/\/mcprd.cl\/en\/wp-json\/wp\/v2\/product\/797","targetHints":{"allow":["GET"]}}],"collection":[{"href":"http:\/\/mcprd.cl\/en\/wp-json\/wp\/v2\/product"}],"about":[{"href":"http:\/\/mcprd.cl\/en\/wp-json\/wp\/v2\/types\/product"}],"replies":[{"embeddable":true,"href":"http:\/\/mcprd.cl\/en\/wp-json\/wp\/v2\/comments?post=797"}],"wp:featuredmedia":[{"embeddable":true,"href":"http:\/\/mcprd.cl\/en\/wp-json\/wp\/v2\/media\/798"}],"wp:attachment":[{"href":"http:\/\/mcprd.cl\/en\/wp-json\/wp\/v2\/media?parent=797"}],"wp:term":[{"taxonomy":"product_brand","embeddable":true,"href":"http:\/\/mcprd.cl\/en\/wp-json\/wp\/v2\/product_brand?post=797"},{"taxonomy":"product_cat","embeddable":true,"href":"http:\/\/mcprd.cl\/en\/wp-json\/wp\/v2\/product_cat?post=797"},{"taxonomy":"product_tag","embeddable":true,"href":"http:\/\/mcprd.cl\/en\/wp-json\/wp\/v2\/product_tag?post=797"}],"curies":[{"name":"wp","href":"https:\/\/api.w.org\/{rel}","templated":true}]}}