{"id":793,"date":"2024-10-15T17:40:00","date_gmt":"2024-10-15T15:40:00","guid":{"rendered":"https:\/\/mcprd.cl\/?post_type=product&#038;p=793"},"modified":"2024-12-20T21:17:25","modified_gmt":"2024-12-20T20:17:25","slug":"goma-eva-en-placas-puzzle","status":"publish","type":"product","link":"http:\/\/mcprd.cl\/en\/product\/goma-eva-en-placas-puzzle\/","title":{"rendered":"EVA RUBBER IN PUZZLE PLATES"},"content":{"rendered":"<p>It is a flexible, lightweight material used for carpets and floors, designed in pieces that are easily assembled. It offers cushioning, thermal and acoustic insulation, and is resistant to water and chemicals, making it easy to clean. It is versatile and is used in recreational and industrial spaces due to its durability and easy installation.<\/p>","protected":false},"excerpt":{"rendered":"<p>It is a flexible, lightweight material used for carpets and floors, designed in pieces that are easily assembled. It offers cushioning, thermal and acoustic insulation, and is resistant to water and chemicals, making it easy to clean. It is versatile and is used in recreational and industrial spaces due to its durability and easy installation.<\/p>","protected":false},"featured_media":794,"comment_status":"closed","ping_status":"closed","template":"","meta":{"_acf_changed":false,"_et_pb_use_builder":"","_et_pb_old_content":"","_et_gb_content_width":"","_joinchat":[]},"product_brand":[],"product_cat":[56],"product_tag":[],"class_list":{"0":"post-793","1":"product","2":"type-product","3":"status-publish","4":"has-post-thumbnail","6":"product_cat-ninguna","8":"first","9":"instock","10":"shipping-taxable","11":"product-type-simple"},"acf":[],"yoast_head":"<!-- This site is optimized with the Yoast SEO plugin v26.2 - https:\/\/yoast.com\/wordpress\/plugins\/seo\/ -->\n<title>GOMA EVA EN PLACAS PUZZLE - MCP Rubber Division<\/title>\n<meta name=\"robots\" content=\"index, follow, max-snippet:-1, max-image-preview:large, max-video-preview:-1\" \/>\n<link rel=\"canonical\" href=\"https:\/\/mcprd.cl\/en\/product\/goma-eva-en-placas-puzzle\/\" \/>\n<meta property=\"og:locale\" content=\"en_US\" \/>\n<meta property=\"og:type\" content=\"article\" \/>\n<meta property=\"og:title\" content=\"GOMA EVA EN PLACAS PUZZLE - MCP Rubber Division\" \/>\n<meta property=\"og:description\" content=\"Es un material flexible y ligero utilizado para alfombras y suelos, dise\u00f1ado en piezas que se ensamblan f\u00e1cilmente. Ofrece amortiguaci\u00f3n, aislamiento t\u00e9rmico y ac\u00fastico, y es resistente al agua y a productos qu\u00edmicos, facilitando su limpieza. Es vers\u00e1til y se usa en espacios recreativos e industriales por su durabilidad y f\u00e1cil instalaci\u00f3n.\" \/>\n<meta property=\"og:url\" content=\"https:\/\/mcprd.cl\/en\/product\/goma-eva-en-placas-puzzle\/\" \/>\n<meta property=\"og:site_name\" content=\"MCP Rubber Division\" \/>\n<meta property=\"article:modified_time\" content=\"2024-12-20T20:17:25+00:00\" \/>\n<meta property=\"og:image\" content=\"https:\/\/mcprd.cl\/wp-content\/uploads\/2024\/10\/goma-eva-diamantada-puzzle-1.jpg\" \/>\n\t<meta property=\"og:image:width\" content=\"812\" \/>\n\t<meta property=\"og:image:height\" content=\"566\" \/>\n\t<meta property=\"og:image:type\" content=\"image\/jpeg\" \/>\n<meta name=\"twitter:card\" content=\"summary_large_image\" \/>\n<script type=\"application\/ld+json\" class=\"yoast-schema-graph\">{\"@context\":\"https:\/\/schema.org\",\"@graph\":[{\"@type\":\"WebPage\",\"@id\":\"https:\/\/mcprd.cl\/en\/product\/goma-eva-en-placas-puzzle\/\",\"url\":\"https:\/\/mcprd.cl\/en\/product\/goma-eva-en-placas-puzzle\/\",\"name\":\"GOMA EVA EN PLACAS PUZZLE - MCP Rubber Division\",\"isPartOf\":{\"@id\":\"https:\/\/mcprd.cl\/en\/#website\"},\"primaryImageOfPage\":{\"@id\":\"https:\/\/mcprd.cl\/en\/product\/goma-eva-en-placas-puzzle\/#primaryimage\"},\"image\":{\"@id\":\"https:\/\/mcprd.cl\/en\/product\/goma-eva-en-placas-puzzle\/#primaryimage\"},\"thumbnailUrl\":\"https:\/\/mcprd.cl\/wp-content\/uploads\/2024\/10\/goma-eva-diamantada-puzzle-1.jpg\",\"datePublished\":\"2024-10-15T15:40:00+00:00\",\"dateModified\":\"2024-12-20T20:17:25+00:00\",\"breadcrumb\":{\"@id\":\"https:\/\/mcprd.cl\/en\/product\/goma-eva-en-placas-puzzle\/#breadcrumb\"},\"inLanguage\":\"en-US\",\"potentialAction\":[{\"@type\":\"ReadAction\",\"target\":[\"https:\/\/mcprd.cl\/en\/product\/goma-eva-en-placas-puzzle\/\"]}]},{\"@type\":\"ImageObject\",\"inLanguage\":\"en-US\",\"@id\":\"https:\/\/mcprd.cl\/en\/product\/goma-eva-en-placas-puzzle\/#primaryimage\",\"url\":\"https:\/\/mcprd.cl\/wp-content\/uploads\/2024\/10\/goma-eva-diamantada-puzzle-1.jpg\",\"contentUrl\":\"https:\/\/mcprd.cl\/wp-content\/uploads\/2024\/10\/goma-eva-diamantada-puzzle-1.jpg\",\"width\":812,\"height\":566},{\"@type\":\"BreadcrumbList\",\"@id\":\"https:\/\/mcprd.cl\/en\/product\/goma-eva-en-placas-puzzle\/#breadcrumb\",\"itemListElement\":[{\"@type\":\"ListItem\",\"position\":1,\"name\":\"Portada\",\"item\":\"https:\/\/mcprd.cl\/\"},{\"@type\":\"ListItem\",\"position\":2,\"name\":\"Tienda\",\"item\":\"http:\/\/mcprd.cl\/en\/tienda\/\"},{\"@type\":\"ListItem\",\"position\":3,\"name\":\"GOMA EVA EN PLACAS PUZZLE\"}]},{\"@type\":\"WebSite\",\"@id\":\"https:\/\/mcprd.cl\/en\/#website\",\"url\":\"https:\/\/mcprd.cl\/en\/\",\"name\":\"MCP Rubber Division\",\"description\":\"Productos T\u00e9cnicos de Caucho\",\"potentialAction\":[{\"@type\":\"SearchAction\",\"target\":{\"@type\":\"EntryPoint\",\"urlTemplate\":\"https:\/\/mcprd.cl\/en\/?s={search_term_string}\"},\"query-input\":{\"@type\":\"PropertyValueSpecification\",\"valueRequired\":true,\"valueName\":\"search_term_string\"}}],\"inLanguage\":\"en-US\"}]}<\/script>\n<!-- \/ Yoast SEO plugin. -->","yoast_head_json":{"title":"GOMA EVA EN PLACAS PUZZLE - MCP Rubber Division","robots":{"index":"index","follow":"follow","max-snippet":"max-snippet:-1","max-image-preview":"max-image-preview:large","max-video-preview":"max-video-preview:-1"},"canonical":"https:\/\/mcprd.cl\/en\/product\/goma-eva-en-placas-puzzle\/","og_locale":"en_US","og_type":"article","og_title":"GOMA EVA EN PLACAS PUZZLE - MCP Rubber Division","og_description":"Es un material flexible y ligero utilizado para alfombras y suelos, dise\u00f1ado en piezas que se ensamblan f\u00e1cilmente. Ofrece amortiguaci\u00f3n, aislamiento t\u00e9rmico y ac\u00fastico, y es resistente al agua y a productos qu\u00edmicos, facilitando su limpieza. Es vers\u00e1til y se usa en espacios recreativos e industriales por su durabilidad y f\u00e1cil instalaci\u00f3n.","og_url":"https:\/\/mcprd.cl\/en\/product\/goma-eva-en-placas-puzzle\/","og_site_name":"MCP Rubber Division","article_modified_time":"2024-12-20T20:17:25+00:00","og_image":[{"width":812,"height":566,"url":"https:\/\/mcprd.cl\/wp-content\/uploads\/2024\/10\/goma-eva-diamantada-puzzle-1.jpg","type":"image\/jpeg"}],"twitter_card":"summary_large_image","schema":{"@context":"https:\/\/schema.org","@graph":[{"@type":"WebPage","@id":"https:\/\/mcprd.cl\/en\/product\/goma-eva-en-placas-puzzle\/","url":"https:\/\/mcprd.cl\/en\/product\/goma-eva-en-placas-puzzle\/","name":"GOMA EVA EN PLACAS PUZZLE - MCP Rubber Division","isPartOf":{"@id":"https:\/\/mcprd.cl\/en\/#website"},"primaryImageOfPage":{"@id":"https:\/\/mcprd.cl\/en\/product\/goma-eva-en-placas-puzzle\/#primaryimage"},"image":{"@id":"https:\/\/mcprd.cl\/en\/product\/goma-eva-en-placas-puzzle\/#primaryimage"},"thumbnailUrl":"https:\/\/mcprd.cl\/wp-content\/uploads\/2024\/10\/goma-eva-diamantada-puzzle-1.jpg","datePublished":"2024-10-15T15:40:00+00:00","dateModified":"2024-12-20T20:17:25+00:00","breadcrumb":{"@id":"https:\/\/mcprd.cl\/en\/product\/goma-eva-en-placas-puzzle\/#breadcrumb"},"inLanguage":"en-US","potentialAction":[{"@type":"ReadAction","target":["https:\/\/mcprd.cl\/en\/product\/goma-eva-en-placas-puzzle\/"]}]},{"@type":"ImageObject","inLanguage":"en-US","@id":"https:\/\/mcprd.cl\/en\/product\/goma-eva-en-placas-puzzle\/#primaryimage","url":"https:\/\/mcprd.cl\/wp-content\/uploads\/2024\/10\/goma-eva-diamantada-puzzle-1.jpg","contentUrl":"https:\/\/mcprd.cl\/wp-content\/uploads\/2024\/10\/goma-eva-diamantada-puzzle-1.jpg","width":812,"height":566},{"@type":"BreadcrumbList","@id":"https:\/\/mcprd.cl\/en\/product\/goma-eva-en-placas-puzzle\/#breadcrumb","itemListElement":[{"@type":"ListItem","position":1,"name":"Portada","item":"https:\/\/mcprd.cl\/"},{"@type":"ListItem","position":2,"name":"Tienda","item":"http:\/\/mcprd.cl\/en\/tienda\/"},{"@type":"ListItem","position":3,"name":"GOMA EVA EN PLACAS PUZZLE"}]},{"@type":"WebSite","@id":"https:\/\/mcprd.cl\/en\/#website","url":"https:\/\/mcprd.cl\/en\/","name":"MCP Rubber Division","description":"Technical Rubber Products","potentialAction":[{"@type":"SearchAction","target":{"@type":"EntryPoint","urlTemplate":"https:\/\/mcprd.cl\/en\/?s={search_term_string}"},"query-input":{"@type":"PropertyValueSpecification","valueRequired":true,"valueName":"search_term_string"}}],"inLanguage":"en-US"}]}},"_links":{"self":[{"href":"http:\/\/mcprd.cl\/en\/wp-json\/wp\/v2\/product\/793","targetHints":{"allow":["GET"]}}],"collection":[{"href":"http:\/\/mcprd.cl\/en\/wp-json\/wp\/v2\/product"}],"about":[{"href":"http:\/\/mcprd.cl\/en\/wp-json\/wp\/v2\/types\/product"}],"replies":[{"embeddable":true,"href":"http:\/\/mcprd.cl\/en\/wp-json\/wp\/v2\/comments?post=793"}],"wp:featuredmedia":[{"embeddable":true,"href":"http:\/\/mcprd.cl\/en\/wp-json\/wp\/v2\/media\/794"}],"wp:attachment":[{"href":"http:\/\/mcprd.cl\/en\/wp-json\/wp\/v2\/media?parent=793"}],"wp:term":[{"taxonomy":"product_brand","embeddable":true,"href":"http:\/\/mcprd.cl\/en\/wp-json\/wp\/v2\/product_brand?post=793"},{"taxonomy":"product_cat","embeddable":true,"href":"http:\/\/mcprd.cl\/en\/wp-json\/wp\/v2\/product_cat?post=793"},{"taxonomy":"product_tag","embeddable":true,"href":"http:\/\/mcprd.cl\/en\/wp-json\/wp\/v2\/product_tag?post=793"}],"curies":[{"name":"wp","href":"https:\/\/api.w.org\/{rel}","templated":true}]}}