{"id":775,"date":"2024-10-15T17:40:00","date_gmt":"2024-10-15T15:40:00","guid":{"rendered":"https:\/\/mcprd.cl\/?post_type=product&#038;p=775"},"modified":"2024-12-20T21:17:16","modified_gmt":"2024-12-20T20:17:16","slug":"goma-eva-en-planchas","status":"publish","type":"product","link":"http:\/\/mcprd.cl\/en\/product\/goma-eva-en-planchas\/","title":{"rendered":"EVA RUBBER IN SHEETS"},"content":{"rendered":"<p>It is a flexible and lightweight synthetic material used in industrial and creative applications. It is versatile, ideal for crafts, decoration and coverings, and offers cushioning properties. Water and chemical resistant, it is available in a variety of colours and textures, making it popular in the arts, education, toy and construction industries.<\/p>","protected":false},"excerpt":{"rendered":"<p>Es un material sint\u00e9tico flexible y ligero, utilizado en aplicaciones industriales y creativas. Es vers\u00e1til, ideal para manualidades, decoraci\u00f3n y revestimientos, y ofrece propiedades acolchadas. Resistente al agua y a productos qu\u00edmicos, est\u00e1 disponible en diversos colores y texturas, lo que la hace popular en el arte, la educaci\u00f3n, la industria del juguete y la [&hellip;]<\/p>\n","protected":false},"featured_media":776,"comment_status":"closed","ping_status":"closed","template":"","meta":{"_acf_changed":false,"_et_pb_use_builder":"","_et_pb_old_content":"","_et_gb_content_width":"","_joinchat":[]},"product_brand":[],"product_cat":[56],"product_tag":[],"class_list":{"0":"post-775","1":"product","2":"type-product","3":"status-publish","4":"has-post-thumbnail","6":"product_cat-ninguna","8":"first","9":"instock","10":"shipping-taxable","11":"product-type-simple"},"acf":[],"yoast_head":"<!-- This site is optimized with the Yoast SEO plugin v26.2 - https:\/\/yoast.com\/wordpress\/plugins\/seo\/ -->\n<title>GOMA EVA EN PLANCHAS - MCP Rubber Division<\/title>\n<meta name=\"robots\" content=\"index, follow, max-snippet:-1, max-image-preview:large, max-video-preview:-1\" \/>\n<link rel=\"canonical\" href=\"https:\/\/mcprd.cl\/en\/product\/goma-eva-en-planchas\/\" \/>\n<meta property=\"og:locale\" content=\"en_US\" \/>\n<meta property=\"og:type\" content=\"article\" \/>\n<meta property=\"og:title\" content=\"GOMA EVA EN PLANCHAS - MCP Rubber Division\" \/>\n<meta property=\"og:description\" content=\"Es un material sint\u00e9tico flexible y ligero, utilizado en aplicaciones industriales y creativas. Es vers\u00e1til, ideal para manualidades, decoraci\u00f3n y revestimientos, y ofrece propiedades acolchadas. Resistente al agua y a productos qu\u00edmicos, est\u00e1 disponible en diversos colores y texturas, lo que la hace popular en el arte, la educaci\u00f3n, la industria del juguete y la [&hellip;]\" \/>\n<meta property=\"og:url\" content=\"https:\/\/mcprd.cl\/en\/product\/goma-eva-en-planchas\/\" \/>\n<meta property=\"og:site_name\" content=\"MCP Rubber Division\" \/>\n<meta property=\"article:modified_time\" content=\"2024-12-20T20:17:16+00:00\" \/>\n<meta property=\"og:image\" content=\"https:\/\/mcprd.cl\/wp-content\/uploads\/2024\/10\/goma-eva-en-planchas-industrial-1.jpg\" \/>\n\t<meta property=\"og:image:width\" content=\"765\" \/>\n\t<meta property=\"og:image:height\" content=\"491\" \/>\n\t<meta property=\"og:image:type\" content=\"image\/jpeg\" \/>\n<meta name=\"twitter:card\" content=\"summary_large_image\" \/>\n<script type=\"application\/ld+json\" class=\"yoast-schema-graph\">{\"@context\":\"https:\/\/schema.org\",\"@graph\":[{\"@type\":\"WebPage\",\"@id\":\"https:\/\/mcprd.cl\/producto\/goma-eva-en-planchas\/\",\"url\":\"https:\/\/mcprd.cl\/producto\/goma-eva-en-planchas\/\",\"name\":\"GOMA EVA EN PLANCHAS - MCP Rubber Division\",\"isPartOf\":{\"@id\":\"https:\/\/mcprd.cl\/en\/#website\"},\"primaryImageOfPage\":{\"@id\":\"https:\/\/mcprd.cl\/producto\/goma-eva-en-planchas\/#primaryimage\"},\"image\":{\"@id\":\"https:\/\/mcprd.cl\/producto\/goma-eva-en-planchas\/#primaryimage\"},\"thumbnailUrl\":\"https:\/\/mcprd.cl\/wp-content\/uploads\/2024\/10\/goma-eva-en-planchas-industrial-1.jpg\",\"datePublished\":\"2024-10-15T15:40:00+00:00\",\"dateModified\":\"2024-12-20T20:17:16+00:00\",\"breadcrumb\":{\"@id\":\"https:\/\/mcprd.cl\/producto\/goma-eva-en-planchas\/#breadcrumb\"},\"inLanguage\":\"en-US\",\"potentialAction\":[{\"@type\":\"ReadAction\",\"target\":[\"https:\/\/mcprd.cl\/producto\/goma-eva-en-planchas\/\"]}]},{\"@type\":\"ImageObject\",\"inLanguage\":\"en-US\",\"@id\":\"https:\/\/mcprd.cl\/producto\/goma-eva-en-planchas\/#primaryimage\",\"url\":\"https:\/\/mcprd.cl\/wp-content\/uploads\/2024\/10\/goma-eva-en-planchas-industrial-1.jpg\",\"contentUrl\":\"https:\/\/mcprd.cl\/wp-content\/uploads\/2024\/10\/goma-eva-en-planchas-industrial-1.jpg\",\"width\":765,\"height\":491},{\"@type\":\"BreadcrumbList\",\"@id\":\"https:\/\/mcprd.cl\/producto\/goma-eva-en-planchas\/#breadcrumb\",\"itemListElement\":[{\"@type\":\"ListItem\",\"position\":1,\"name\":\"Portada\",\"item\":\"https:\/\/mcprd.cl\/\"},{\"@type\":\"ListItem\",\"position\":2,\"name\":\"Tienda\",\"item\":\"http:\/\/mcprd.cl\/en\/tienda\/\"},{\"@type\":\"ListItem\",\"position\":3,\"name\":\"GOMA EVA EN PLANCHAS\"}]},{\"@type\":\"WebSite\",\"@id\":\"https:\/\/mcprd.cl\/en\/#website\",\"url\":\"https:\/\/mcprd.cl\/en\/\",\"name\":\"MCP Rubber Division\",\"description\":\"Productos T\u00e9cnicos de Caucho\",\"potentialAction\":[{\"@type\":\"SearchAction\",\"target\":{\"@type\":\"EntryPoint\",\"urlTemplate\":\"https:\/\/mcprd.cl\/en\/?s={search_term_string}\"},\"query-input\":{\"@type\":\"PropertyValueSpecification\",\"valueRequired\":true,\"valueName\":\"search_term_string\"}}],\"inLanguage\":\"en-US\"}]}<\/script>\n<!-- \/ Yoast SEO plugin. -->","yoast_head_json":{"title":"GOMA EVA EN PLANCHAS - MCP Rubber Division","robots":{"index":"index","follow":"follow","max-snippet":"max-snippet:-1","max-image-preview":"max-image-preview:large","max-video-preview":"max-video-preview:-1"},"canonical":"https:\/\/mcprd.cl\/en\/product\/goma-eva-en-planchas\/","og_locale":"en_US","og_type":"article","og_title":"GOMA EVA EN PLANCHAS - MCP Rubber Division","og_description":"Es un material sint\u00e9tico flexible y ligero, utilizado en aplicaciones industriales y creativas. Es vers\u00e1til, ideal para manualidades, decoraci\u00f3n y revestimientos, y ofrece propiedades acolchadas. Resistente al agua y a productos qu\u00edmicos, est\u00e1 disponible en diversos colores y texturas, lo que la hace popular en el arte, la educaci\u00f3n, la industria del juguete y la [&hellip;]","og_url":"https:\/\/mcprd.cl\/en\/product\/goma-eva-en-planchas\/","og_site_name":"MCP Rubber Division","article_modified_time":"2024-12-20T20:17:16+00:00","og_image":[{"width":765,"height":491,"url":"https:\/\/mcprd.cl\/wp-content\/uploads\/2024\/10\/goma-eva-en-planchas-industrial-1.jpg","type":"image\/jpeg"}],"twitter_card":"summary_large_image","schema":{"@context":"https:\/\/schema.org","@graph":[{"@type":"WebPage","@id":"https:\/\/mcprd.cl\/producto\/goma-eva-en-planchas\/","url":"https:\/\/mcprd.cl\/producto\/goma-eva-en-planchas\/","name":"GOMA EVA EN PLANCHAS - MCP Rubber Division","isPartOf":{"@id":"https:\/\/mcprd.cl\/en\/#website"},"primaryImageOfPage":{"@id":"https:\/\/mcprd.cl\/producto\/goma-eva-en-planchas\/#primaryimage"},"image":{"@id":"https:\/\/mcprd.cl\/producto\/goma-eva-en-planchas\/#primaryimage"},"thumbnailUrl":"https:\/\/mcprd.cl\/wp-content\/uploads\/2024\/10\/goma-eva-en-planchas-industrial-1.jpg","datePublished":"2024-10-15T15:40:00+00:00","dateModified":"2024-12-20T20:17:16+00:00","breadcrumb":{"@id":"https:\/\/mcprd.cl\/producto\/goma-eva-en-planchas\/#breadcrumb"},"inLanguage":"en-US","potentialAction":[{"@type":"ReadAction","target":["https:\/\/mcprd.cl\/producto\/goma-eva-en-planchas\/"]}]},{"@type":"ImageObject","inLanguage":"en-US","@id":"https:\/\/mcprd.cl\/producto\/goma-eva-en-planchas\/#primaryimage","url":"https:\/\/mcprd.cl\/wp-content\/uploads\/2024\/10\/goma-eva-en-planchas-industrial-1.jpg","contentUrl":"https:\/\/mcprd.cl\/wp-content\/uploads\/2024\/10\/goma-eva-en-planchas-industrial-1.jpg","width":765,"height":491},{"@type":"BreadcrumbList","@id":"https:\/\/mcprd.cl\/producto\/goma-eva-en-planchas\/#breadcrumb","itemListElement":[{"@type":"ListItem","position":1,"name":"Portada","item":"https:\/\/mcprd.cl\/"},{"@type":"ListItem","position":2,"name":"Tienda","item":"http:\/\/mcprd.cl\/en\/tienda\/"},{"@type":"ListItem","position":3,"name":"GOMA EVA EN PLANCHAS"}]},{"@type":"WebSite","@id":"https:\/\/mcprd.cl\/en\/#website","url":"https:\/\/mcprd.cl\/en\/","name":"MCP Rubber Division","description":"Technical Rubber Products","potentialAction":[{"@type":"SearchAction","target":{"@type":"EntryPoint","urlTemplate":"https:\/\/mcprd.cl\/en\/?s={search_term_string}"},"query-input":{"@type":"PropertyValueSpecification","valueRequired":true,"valueName":"search_term_string"}}],"inLanguage":"en-US"}]}},"_links":{"self":[{"href":"http:\/\/mcprd.cl\/en\/wp-json\/wp\/v2\/product\/775","targetHints":{"allow":["GET"]}}],"collection":[{"href":"http:\/\/mcprd.cl\/en\/wp-json\/wp\/v2\/product"}],"about":[{"href":"http:\/\/mcprd.cl\/en\/wp-json\/wp\/v2\/types\/product"}],"replies":[{"embeddable":true,"href":"http:\/\/mcprd.cl\/en\/wp-json\/wp\/v2\/comments?post=775"}],"wp:featuredmedia":[{"embeddable":true,"href":"http:\/\/mcprd.cl\/en\/wp-json\/wp\/v2\/media\/776"}],"wp:attachment":[{"href":"http:\/\/mcprd.cl\/en\/wp-json\/wp\/v2\/media?parent=775"}],"wp:term":[{"taxonomy":"product_brand","embeddable":true,"href":"http:\/\/mcprd.cl\/en\/wp-json\/wp\/v2\/product_brand?post=775"},{"taxonomy":"product_cat","embeddable":true,"href":"http:\/\/mcprd.cl\/en\/wp-json\/wp\/v2\/product_cat?post=775"},{"taxonomy":"product_tag","embeddable":true,"href":"http:\/\/mcprd.cl\/en\/wp-json\/wp\/v2\/product_tag?post=775"}],"curies":[{"name":"wp","href":"https:\/\/api.w.org\/{rel}","templated":true}]}}