{"id":765,"date":"2024-10-15T17:39:57","date_gmt":"2024-10-15T15:39:57","guid":{"rendered":"https:\/\/mcprd.cl\/?post_type=product&#038;p=765"},"modified":"2024-12-20T21:18:26","modified_gmt":"2024-12-20T20:18:26","slug":"piso-pcv-diamantado-metalico-en-rollo","status":"publish","type":"product","link":"http:\/\/mcprd.cl\/en\/product\/piso-pcv-diamantado-metalico-en-rollo\/","title":{"rendered":"METALLIC DIAMOND PVC FLOOR IN ROLL"},"content":{"rendered":"<p>It is a floor covering with a diamond finish that provides anti-slip properties and high durability. It is resistant to heavy traffic, easy to install and maintain, and is commonly used in industrial and commercial environments, such as factories and garages. Its design combines functionality, safety and aesthetics.<\/p>","protected":false},"excerpt":{"rendered":"<p>It is a floor covering with a diamond finish that provides anti-slip properties and high durability. It is resistant to heavy traffic, easy to install and maintain, and is commonly used in industrial and commercial environments, such as factories and garages. Its design combines functionality, safety and aesthetics.<\/p>","protected":false},"featured_media":766,"comment_status":"closed","ping_status":"closed","template":"","meta":{"_acf_changed":false,"_et_pb_use_builder":"","_et_pb_old_content":"","_et_gb_content_width":"","_joinchat":[]},"product_brand":[],"product_cat":[56],"product_tag":[],"class_list":{"0":"post-765","1":"product","2":"type-product","3":"status-publish","4":"has-post-thumbnail","6":"product_cat-ninguna","8":"first","9":"instock","10":"shipping-taxable","11":"product-type-simple"},"acf":[],"yoast_head":"<!-- This site is optimized with the Yoast SEO plugin v26.2 - https:\/\/yoast.com\/wordpress\/plugins\/seo\/ -->\n<title>PISO PCV DIAMANTADO METALICO EN ROLLO - MCP Rubber Division<\/title>\n<meta name=\"robots\" content=\"index, follow, max-snippet:-1, max-image-preview:large, max-video-preview:-1\" \/>\n<link rel=\"canonical\" href=\"https:\/\/mcprd.cl\/en\/product\/piso-pcv-diamantado-metalico-en-rollo\/\" \/>\n<meta property=\"og:locale\" content=\"en_US\" \/>\n<meta property=\"og:type\" content=\"article\" \/>\n<meta property=\"og:title\" content=\"PISO PCV DIAMANTADO METALICO EN ROLLO - MCP Rubber Division\" \/>\n<meta property=\"og:description\" content=\"Es un revestimiento de suelo con un acabado diamantado que le proporciona propiedades antideslizantes y alta durabilidad. Es resistente al tr\u00e1fico intenso, f\u00e1cil de instalar y mantener, y se utiliza com\u00fanmente en entornos industriales y comerciales, como f\u00e1bricas y garajes. Su dise\u00f1o combina funcionalidad, seguridad y est\u00e9tica.\" \/>\n<meta property=\"og:url\" content=\"https:\/\/mcprd.cl\/en\/product\/piso-pcv-diamantado-metalico-en-rollo\/\" \/>\n<meta property=\"og:site_name\" content=\"MCP Rubber Division\" \/>\n<meta property=\"article:modified_time\" content=\"2024-12-20T20:18:26+00:00\" \/>\n<meta property=\"og:image\" content=\"https:\/\/mcprd.cl\/wp-content\/uploads\/2024\/10\/piso-pvc-diamantado-metalico-en-rollo-1.jpg\" \/>\n\t<meta property=\"og:image:width\" content=\"681\" \/>\n\t<meta property=\"og:image:height\" content=\"501\" \/>\n\t<meta property=\"og:image:type\" content=\"image\/jpeg\" \/>\n<meta name=\"twitter:card\" content=\"summary_large_image\" \/>\n<script type=\"application\/ld+json\" class=\"yoast-schema-graph\">{\"@context\":\"https:\/\/schema.org\",\"@graph\":[{\"@type\":\"WebPage\",\"@id\":\"https:\/\/mcprd.cl\/en\/product\/piso-pcv-diamantado-metalico-en-rollo\/\",\"url\":\"https:\/\/mcprd.cl\/en\/product\/piso-pcv-diamantado-metalico-en-rollo\/\",\"name\":\"PISO PCV DIAMANTADO METALICO EN ROLLO - MCP Rubber Division\",\"isPartOf\":{\"@id\":\"https:\/\/mcprd.cl\/en\/#website\"},\"primaryImageOfPage\":{\"@id\":\"https:\/\/mcprd.cl\/en\/product\/piso-pcv-diamantado-metalico-en-rollo\/#primaryimage\"},\"image\":{\"@id\":\"https:\/\/mcprd.cl\/en\/product\/piso-pcv-diamantado-metalico-en-rollo\/#primaryimage\"},\"thumbnailUrl\":\"https:\/\/mcprd.cl\/wp-content\/uploads\/2024\/10\/piso-pvc-diamantado-metalico-en-rollo-1.jpg\",\"datePublished\":\"2024-10-15T15:39:57+00:00\",\"dateModified\":\"2024-12-20T20:18:26+00:00\",\"breadcrumb\":{\"@id\":\"https:\/\/mcprd.cl\/en\/product\/piso-pcv-diamantado-metalico-en-rollo\/#breadcrumb\"},\"inLanguage\":\"en-US\",\"potentialAction\":[{\"@type\":\"ReadAction\",\"target\":[\"https:\/\/mcprd.cl\/en\/product\/piso-pcv-diamantado-metalico-en-rollo\/\"]}]},{\"@type\":\"ImageObject\",\"inLanguage\":\"en-US\",\"@id\":\"https:\/\/mcprd.cl\/en\/product\/piso-pcv-diamantado-metalico-en-rollo\/#primaryimage\",\"url\":\"https:\/\/mcprd.cl\/wp-content\/uploads\/2024\/10\/piso-pvc-diamantado-metalico-en-rollo-1.jpg\",\"contentUrl\":\"https:\/\/mcprd.cl\/wp-content\/uploads\/2024\/10\/piso-pvc-diamantado-metalico-en-rollo-1.jpg\",\"width\":681,\"height\":501},{\"@type\":\"BreadcrumbList\",\"@id\":\"https:\/\/mcprd.cl\/en\/product\/piso-pcv-diamantado-metalico-en-rollo\/#breadcrumb\",\"itemListElement\":[{\"@type\":\"ListItem\",\"position\":1,\"name\":\"Portada\",\"item\":\"https:\/\/mcprd.cl\/\"},{\"@type\":\"ListItem\",\"position\":2,\"name\":\"Tienda\",\"item\":\"http:\/\/mcprd.cl\/en\/tienda\/\"},{\"@type\":\"ListItem\",\"position\":3,\"name\":\"PISO PCV DIAMANTADO METALICO EN ROLLO\"}]},{\"@type\":\"WebSite\",\"@id\":\"https:\/\/mcprd.cl\/en\/#website\",\"url\":\"https:\/\/mcprd.cl\/en\/\",\"name\":\"MCP Rubber Division\",\"description\":\"Productos T\u00e9cnicos de Caucho\",\"potentialAction\":[{\"@type\":\"SearchAction\",\"target\":{\"@type\":\"EntryPoint\",\"urlTemplate\":\"https:\/\/mcprd.cl\/en\/?s={search_term_string}\"},\"query-input\":{\"@type\":\"PropertyValueSpecification\",\"valueRequired\":true,\"valueName\":\"search_term_string\"}}],\"inLanguage\":\"en-US\"}]}<\/script>\n<!-- \/ Yoast SEO plugin. -->","yoast_head_json":{"title":"PISO PCV DIAMANTADO METALICO EN ROLLO - MCP Rubber Division","robots":{"index":"index","follow":"follow","max-snippet":"max-snippet:-1","max-image-preview":"max-image-preview:large","max-video-preview":"max-video-preview:-1"},"canonical":"https:\/\/mcprd.cl\/en\/product\/piso-pcv-diamantado-metalico-en-rollo\/","og_locale":"en_US","og_type":"article","og_title":"PISO PCV DIAMANTADO METALICO EN ROLLO - MCP Rubber Division","og_description":"Es un revestimiento de suelo con un acabado diamantado que le proporciona propiedades antideslizantes y alta durabilidad. Es resistente al tr\u00e1fico intenso, f\u00e1cil de instalar y mantener, y se utiliza com\u00fanmente en entornos industriales y comerciales, como f\u00e1bricas y garajes. Su dise\u00f1o combina funcionalidad, seguridad y est\u00e9tica.","og_url":"https:\/\/mcprd.cl\/en\/product\/piso-pcv-diamantado-metalico-en-rollo\/","og_site_name":"MCP Rubber Division","article_modified_time":"2024-12-20T20:18:26+00:00","og_image":[{"width":681,"height":501,"url":"https:\/\/mcprd.cl\/wp-content\/uploads\/2024\/10\/piso-pvc-diamantado-metalico-en-rollo-1.jpg","type":"image\/jpeg"}],"twitter_card":"summary_large_image","schema":{"@context":"https:\/\/schema.org","@graph":[{"@type":"WebPage","@id":"https:\/\/mcprd.cl\/en\/product\/piso-pcv-diamantado-metalico-en-rollo\/","url":"https:\/\/mcprd.cl\/en\/product\/piso-pcv-diamantado-metalico-en-rollo\/","name":"PISO PCV DIAMANTADO METALICO EN ROLLO - MCP Rubber Division","isPartOf":{"@id":"https:\/\/mcprd.cl\/en\/#website"},"primaryImageOfPage":{"@id":"https:\/\/mcprd.cl\/en\/product\/piso-pcv-diamantado-metalico-en-rollo\/#primaryimage"},"image":{"@id":"https:\/\/mcprd.cl\/en\/product\/piso-pcv-diamantado-metalico-en-rollo\/#primaryimage"},"thumbnailUrl":"https:\/\/mcprd.cl\/wp-content\/uploads\/2024\/10\/piso-pvc-diamantado-metalico-en-rollo-1.jpg","datePublished":"2024-10-15T15:39:57+00:00","dateModified":"2024-12-20T20:18:26+00:00","breadcrumb":{"@id":"https:\/\/mcprd.cl\/en\/product\/piso-pcv-diamantado-metalico-en-rollo\/#breadcrumb"},"inLanguage":"en-US","potentialAction":[{"@type":"ReadAction","target":["https:\/\/mcprd.cl\/en\/product\/piso-pcv-diamantado-metalico-en-rollo\/"]}]},{"@type":"ImageObject","inLanguage":"en-US","@id":"https:\/\/mcprd.cl\/en\/product\/piso-pcv-diamantado-metalico-en-rollo\/#primaryimage","url":"https:\/\/mcprd.cl\/wp-content\/uploads\/2024\/10\/piso-pvc-diamantado-metalico-en-rollo-1.jpg","contentUrl":"https:\/\/mcprd.cl\/wp-content\/uploads\/2024\/10\/piso-pvc-diamantado-metalico-en-rollo-1.jpg","width":681,"height":501},{"@type":"BreadcrumbList","@id":"https:\/\/mcprd.cl\/en\/product\/piso-pcv-diamantado-metalico-en-rollo\/#breadcrumb","itemListElement":[{"@type":"ListItem","position":1,"name":"Portada","item":"https:\/\/mcprd.cl\/"},{"@type":"ListItem","position":2,"name":"Tienda","item":"http:\/\/mcprd.cl\/en\/tienda\/"},{"@type":"ListItem","position":3,"name":"PISO PCV DIAMANTADO METALICO EN ROLLO"}]},{"@type":"WebSite","@id":"https:\/\/mcprd.cl\/en\/#website","url":"https:\/\/mcprd.cl\/en\/","name":"MCP Rubber Division","description":"Technical Rubber Products","potentialAction":[{"@type":"SearchAction","target":{"@type":"EntryPoint","urlTemplate":"https:\/\/mcprd.cl\/en\/?s={search_term_string}"},"query-input":{"@type":"PropertyValueSpecification","valueRequired":true,"valueName":"search_term_string"}}],"inLanguage":"en-US"}]}},"_links":{"self":[{"href":"http:\/\/mcprd.cl\/en\/wp-json\/wp\/v2\/product\/765","targetHints":{"allow":["GET"]}}],"collection":[{"href":"http:\/\/mcprd.cl\/en\/wp-json\/wp\/v2\/product"}],"about":[{"href":"http:\/\/mcprd.cl\/en\/wp-json\/wp\/v2\/types\/product"}],"replies":[{"embeddable":true,"href":"http:\/\/mcprd.cl\/en\/wp-json\/wp\/v2\/comments?post=765"}],"wp:featuredmedia":[{"embeddable":true,"href":"http:\/\/mcprd.cl\/en\/wp-json\/wp\/v2\/media\/766"}],"wp:attachment":[{"href":"http:\/\/mcprd.cl\/en\/wp-json\/wp\/v2\/media?parent=765"}],"wp:term":[{"taxonomy":"product_brand","embeddable":true,"href":"http:\/\/mcprd.cl\/en\/wp-json\/wp\/v2\/product_brand?post=765"},{"taxonomy":"product_cat","embeddable":true,"href":"http:\/\/mcprd.cl\/en\/wp-json\/wp\/v2\/product_cat?post=765"},{"taxonomy":"product_tag","embeddable":true,"href":"http:\/\/mcprd.cl\/en\/wp-json\/wp\/v2\/product_tag?post=765"}],"curies":[{"name":"wp","href":"https:\/\/api.w.org\/{rel}","templated":true}]}}