{"id":749,"date":"2024-10-15T17:39:56","date_gmt":"2024-10-15T15:39:56","guid":{"rendered":"https:\/\/mcprd.cl\/?post_type=product&#038;p=749"},"modified":"2024-12-20T21:18:33","modified_gmt":"2024-12-20T20:18:33","slug":"piso-de-goma-en-rollo-importado","status":"publish","type":"product","link":"http:\/\/mcprd.cl\/en\/product\/piso-de-goma-en-rollo-importado\/","title":{"rendered":"IMPORTED RUBBER FLOOR IN ROLL"},"content":{"rendered":"<p>It is a flexible and durable floor covering, ideal for indoor and outdoor use. It offers cushioning, resistance to wear and chemicals, and features a non-slip surface. Its easy installation makes it suitable for gyms, play areas, workshops and kitchens, making it a popular choice for its functionality and versatility.<\/p>","protected":false},"excerpt":{"rendered":"<p>It is a flexible and durable floor covering, ideal for indoor and outdoor use. It offers cushioning, resistance to wear and chemicals, and features a non-slip surface. Its easy installation makes it suitable for gyms, play areas, workshops and kitchens, making it a popular choice for its functionality and versatility.<\/p>","protected":false},"featured_media":750,"comment_status":"closed","ping_status":"closed","template":"","meta":{"_acf_changed":false,"_et_pb_use_builder":"","_et_pb_old_content":"","_et_gb_content_width":"","_joinchat":[]},"product_brand":[],"product_cat":[56],"product_tag":[],"class_list":{"0":"post-749","1":"product","2":"type-product","3":"status-publish","4":"has-post-thumbnail","6":"product_cat-ninguna","8":"first","9":"instock","10":"shipping-taxable","11":"product-type-simple"},"acf":[],"yoast_head":"<!-- This site is optimized with the Yoast SEO plugin v26.2 - https:\/\/yoast.com\/wordpress\/plugins\/seo\/ -->\n<title>PISO DE GOMA EN ROLLO IMPORTADO - MCP Rubber Division<\/title>\n<meta name=\"robots\" content=\"index, follow, max-snippet:-1, max-image-preview:large, max-video-preview:-1\" \/>\n<link rel=\"canonical\" href=\"https:\/\/mcprd.cl\/en\/product\/piso-de-goma-en-rollo-importado\/\" \/>\n<meta property=\"og:locale\" content=\"en_US\" \/>\n<meta property=\"og:type\" content=\"article\" \/>\n<meta property=\"og:title\" content=\"PISO DE GOMA EN ROLLO IMPORTADO - MCP Rubber Division\" \/>\n<meta property=\"og:description\" content=\"Es un revestimiento de suelo flexible y duradero, ideal para interiores y exteriores. Ofrece amortiguaci\u00f3n, resistencia al desgaste y productos qu\u00edmicos, y cuenta con una superficie antideslizante. Su f\u00e1cil instalaci\u00f3n lo hace adecuado para gimnasios, \u00e1reas de juego, talleres y cocinas, siendo una opci\u00f3n popular por su funcionalidad y versatilidad.\" \/>\n<meta property=\"og:url\" content=\"https:\/\/mcprd.cl\/en\/product\/piso-de-goma-en-rollo-importado\/\" \/>\n<meta property=\"og:site_name\" content=\"MCP Rubber Division\" \/>\n<meta property=\"article:modified_time\" content=\"2024-12-20T20:18:33+00:00\" \/>\n<meta property=\"og:image\" content=\"https:\/\/mcprd.cl\/wp-content\/uploads\/2024\/10\/piso-de-goma-1.jpg\" \/>\n\t<meta property=\"og:image:width\" content=\"798\" \/>\n\t<meta property=\"og:image:height\" content=\"559\" \/>\n\t<meta property=\"og:image:type\" content=\"image\/jpeg\" \/>\n<meta name=\"twitter:card\" content=\"summary_large_image\" \/>\n<script type=\"application\/ld+json\" class=\"yoast-schema-graph\">{\"@context\":\"https:\/\/schema.org\",\"@graph\":[{\"@type\":\"WebPage\",\"@id\":\"https:\/\/mcprd.cl\/producto\/piso-de-goma-en-rollo-importado\/\",\"url\":\"https:\/\/mcprd.cl\/producto\/piso-de-goma-en-rollo-importado\/\",\"name\":\"PISO DE GOMA EN ROLLO IMPORTADO - MCP Rubber Division\",\"isPartOf\":{\"@id\":\"https:\/\/mcprd.cl\/en\/#website\"},\"primaryImageOfPage\":{\"@id\":\"https:\/\/mcprd.cl\/producto\/piso-de-goma-en-rollo-importado\/#primaryimage\"},\"image\":{\"@id\":\"https:\/\/mcprd.cl\/producto\/piso-de-goma-en-rollo-importado\/#primaryimage\"},\"thumbnailUrl\":\"https:\/\/mcprd.cl\/wp-content\/uploads\/2024\/10\/piso-de-goma-1.jpg\",\"datePublished\":\"2024-10-15T15:39:56+00:00\",\"dateModified\":\"2024-12-20T20:18:33+00:00\",\"breadcrumb\":{\"@id\":\"https:\/\/mcprd.cl\/producto\/piso-de-goma-en-rollo-importado\/#breadcrumb\"},\"inLanguage\":\"en-US\",\"potentialAction\":[{\"@type\":\"ReadAction\",\"target\":[\"https:\/\/mcprd.cl\/producto\/piso-de-goma-en-rollo-importado\/\"]}]},{\"@type\":\"ImageObject\",\"inLanguage\":\"en-US\",\"@id\":\"https:\/\/mcprd.cl\/producto\/piso-de-goma-en-rollo-importado\/#primaryimage\",\"url\":\"https:\/\/mcprd.cl\/wp-content\/uploads\/2024\/10\/piso-de-goma-1.jpg\",\"contentUrl\":\"https:\/\/mcprd.cl\/wp-content\/uploads\/2024\/10\/piso-de-goma-1.jpg\",\"width\":798,\"height\":559},{\"@type\":\"BreadcrumbList\",\"@id\":\"https:\/\/mcprd.cl\/producto\/piso-de-goma-en-rollo-importado\/#breadcrumb\",\"itemListElement\":[{\"@type\":\"ListItem\",\"position\":1,\"name\":\"Portada\",\"item\":\"https:\/\/mcprd.cl\/\"},{\"@type\":\"ListItem\",\"position\":2,\"name\":\"Tienda\",\"item\":\"http:\/\/mcprd.cl\/en\/tienda\/\"},{\"@type\":\"ListItem\",\"position\":3,\"name\":\"PISO DE GOMA EN ROLLO IMPORTADO\"}]},{\"@type\":\"WebSite\",\"@id\":\"https:\/\/mcprd.cl\/en\/#website\",\"url\":\"https:\/\/mcprd.cl\/en\/\",\"name\":\"MCP Rubber Division\",\"description\":\"Productos T\u00e9cnicos de Caucho\",\"potentialAction\":[{\"@type\":\"SearchAction\",\"target\":{\"@type\":\"EntryPoint\",\"urlTemplate\":\"https:\/\/mcprd.cl\/en\/?s={search_term_string}\"},\"query-input\":{\"@type\":\"PropertyValueSpecification\",\"valueRequired\":true,\"valueName\":\"search_term_string\"}}],\"inLanguage\":\"en-US\"}]}<\/script>\n<!-- \/ Yoast SEO plugin. -->","yoast_head_json":{"title":"PISO DE GOMA EN ROLLO IMPORTADO - MCP Rubber Division","robots":{"index":"index","follow":"follow","max-snippet":"max-snippet:-1","max-image-preview":"max-image-preview:large","max-video-preview":"max-video-preview:-1"},"canonical":"https:\/\/mcprd.cl\/en\/product\/piso-de-goma-en-rollo-importado\/","og_locale":"en_US","og_type":"article","og_title":"PISO DE GOMA EN ROLLO IMPORTADO - MCP Rubber Division","og_description":"Es un revestimiento de suelo flexible y duradero, ideal para interiores y exteriores. Ofrece amortiguaci\u00f3n, resistencia al desgaste y productos qu\u00edmicos, y cuenta con una superficie antideslizante. Su f\u00e1cil instalaci\u00f3n lo hace adecuado para gimnasios, \u00e1reas de juego, talleres y cocinas, siendo una opci\u00f3n popular por su funcionalidad y versatilidad.","og_url":"https:\/\/mcprd.cl\/en\/product\/piso-de-goma-en-rollo-importado\/","og_site_name":"MCP Rubber Division","article_modified_time":"2024-12-20T20:18:33+00:00","og_image":[{"width":798,"height":559,"url":"https:\/\/mcprd.cl\/wp-content\/uploads\/2024\/10\/piso-de-goma-1.jpg","type":"image\/jpeg"}],"twitter_card":"summary_large_image","schema":{"@context":"https:\/\/schema.org","@graph":[{"@type":"WebPage","@id":"https:\/\/mcprd.cl\/producto\/piso-de-goma-en-rollo-importado\/","url":"https:\/\/mcprd.cl\/producto\/piso-de-goma-en-rollo-importado\/","name":"PISO DE GOMA EN ROLLO IMPORTADO - MCP Rubber Division","isPartOf":{"@id":"https:\/\/mcprd.cl\/en\/#website"},"primaryImageOfPage":{"@id":"https:\/\/mcprd.cl\/producto\/piso-de-goma-en-rollo-importado\/#primaryimage"},"image":{"@id":"https:\/\/mcprd.cl\/producto\/piso-de-goma-en-rollo-importado\/#primaryimage"},"thumbnailUrl":"https:\/\/mcprd.cl\/wp-content\/uploads\/2024\/10\/piso-de-goma-1.jpg","datePublished":"2024-10-15T15:39:56+00:00","dateModified":"2024-12-20T20:18:33+00:00","breadcrumb":{"@id":"https:\/\/mcprd.cl\/producto\/piso-de-goma-en-rollo-importado\/#breadcrumb"},"inLanguage":"en-US","potentialAction":[{"@type":"ReadAction","target":["https:\/\/mcprd.cl\/producto\/piso-de-goma-en-rollo-importado\/"]}]},{"@type":"ImageObject","inLanguage":"en-US","@id":"https:\/\/mcprd.cl\/producto\/piso-de-goma-en-rollo-importado\/#primaryimage","url":"https:\/\/mcprd.cl\/wp-content\/uploads\/2024\/10\/piso-de-goma-1.jpg","contentUrl":"https:\/\/mcprd.cl\/wp-content\/uploads\/2024\/10\/piso-de-goma-1.jpg","width":798,"height":559},{"@type":"BreadcrumbList","@id":"https:\/\/mcprd.cl\/producto\/piso-de-goma-en-rollo-importado\/#breadcrumb","itemListElement":[{"@type":"ListItem","position":1,"name":"Portada","item":"https:\/\/mcprd.cl\/"},{"@type":"ListItem","position":2,"name":"Tienda","item":"http:\/\/mcprd.cl\/en\/tienda\/"},{"@type":"ListItem","position":3,"name":"PISO DE GOMA EN ROLLO IMPORTADO"}]},{"@type":"WebSite","@id":"https:\/\/mcprd.cl\/en\/#website","url":"https:\/\/mcprd.cl\/en\/","name":"MCP Rubber Division","description":"Technical Rubber Products","potentialAction":[{"@type":"SearchAction","target":{"@type":"EntryPoint","urlTemplate":"https:\/\/mcprd.cl\/en\/?s={search_term_string}"},"query-input":{"@type":"PropertyValueSpecification","valueRequired":true,"valueName":"search_term_string"}}],"inLanguage":"en-US"}]}},"_links":{"self":[{"href":"http:\/\/mcprd.cl\/en\/wp-json\/wp\/v2\/product\/749","targetHints":{"allow":["GET"]}}],"collection":[{"href":"http:\/\/mcprd.cl\/en\/wp-json\/wp\/v2\/product"}],"about":[{"href":"http:\/\/mcprd.cl\/en\/wp-json\/wp\/v2\/types\/product"}],"replies":[{"embeddable":true,"href":"http:\/\/mcprd.cl\/en\/wp-json\/wp\/v2\/comments?post=749"}],"wp:featuredmedia":[{"embeddable":true,"href":"http:\/\/mcprd.cl\/en\/wp-json\/wp\/v2\/media\/750"}],"wp:attachment":[{"href":"http:\/\/mcprd.cl\/en\/wp-json\/wp\/v2\/media?parent=749"}],"wp:term":[{"taxonomy":"product_brand","embeddable":true,"href":"http:\/\/mcprd.cl\/en\/wp-json\/wp\/v2\/product_brand?post=749"},{"taxonomy":"product_cat","embeddable":true,"href":"http:\/\/mcprd.cl\/en\/wp-json\/wp\/v2\/product_cat?post=749"},{"taxonomy":"product_tag","embeddable":true,"href":"http:\/\/mcprd.cl\/en\/wp-json\/wp\/v2\/product_tag?post=749"}],"curies":[{"name":"wp","href":"https:\/\/api.w.org\/{rel}","templated":true}]}}