{"id":696,"date":"2024-10-15T17:39:51","date_gmt":"2024-10-15T15:39:51","guid":{"rendered":"https:\/\/mcprd.cl\/?post_type=product&#038;p=696"},"modified":"2024-12-20T21:20:04","modified_gmt":"2024-12-20T20:20:04","slug":"juntas-de-expansion","status":"publish","type":"product","link":"http:\/\/mcprd.cl\/en\/product\/juntas-de-expansion\/","title":{"rendered":"EXPANSION JOINTS"},"content":{"rendered":"<p>These are devices that absorb the movement and expansion of pipes and structures, protecting connections from damage due to temperature changes and vibrations. They are used in various applications, such as plumbing and HVAC systems, and can be made of materials such as rubber or metal.<\/p>","protected":false},"excerpt":{"rendered":"<p>These are devices that absorb the movement and expansion of pipes and structures, protecting connections from damage due to temperature changes and vibrations. They are used in various applications, such as plumbing and HVAC systems, and can be made of materials such as rubber or metal.<\/p>","protected":false},"featured_media":951,"comment_status":"closed","ping_status":"closed","template":"","meta":{"_acf_changed":false,"_et_pb_use_builder":"","_et_pb_old_content":"","_et_gb_content_width":"","_joinchat":[]},"product_brand":[],"product_cat":[56],"product_tag":[],"class_list":{"0":"post-696","1":"product","2":"type-product","3":"status-publish","4":"has-post-thumbnail","6":"product_cat-ninguna","8":"first","9":"instock","10":"shipping-taxable","11":"product-type-simple"},"acf":[],"yoast_head":"<!-- This site is optimized with the Yoast SEO plugin v26.2 - https:\/\/yoast.com\/wordpress\/plugins\/seo\/ -->\n<title>JUNTAS DE EXPANSI\u00d3N - MCP Rubber Division<\/title>\n<meta name=\"robots\" content=\"index, follow, max-snippet:-1, max-image-preview:large, max-video-preview:-1\" \/>\n<link rel=\"canonical\" href=\"https:\/\/mcprd.cl\/en\/product\/juntas-de-expansion\/\" \/>\n<meta property=\"og:locale\" content=\"en_US\" \/>\n<meta property=\"og:type\" content=\"article\" \/>\n<meta property=\"og:title\" content=\"JUNTAS DE EXPANSI\u00d3N - MCP Rubber Division\" \/>\n<meta property=\"og:description\" content=\"Son dispositivos que absorben el movimiento y la dilataci\u00f3n de tuber\u00edas y estructuras, protegiendo las conexiones de da\u00f1os por cambios de temperatura y vibraciones. Se utilizan en diversas aplicaciones, como plomer\u00eda y sistemas HVAC, y pueden estar hechas de materiales como goma o metal.\" \/>\n<meta property=\"og:url\" content=\"https:\/\/mcprd.cl\/en\/product\/juntas-de-expansion\/\" \/>\n<meta property=\"og:site_name\" content=\"MCP Rubber Division\" \/>\n<meta property=\"article:modified_time\" content=\"2024-12-20T20:20:04+00:00\" \/>\n<meta property=\"og:image\" content=\"https:\/\/mcprd.cl\/wp-content\/uploads\/2024\/10\/Capa-6industrial.jpg\" \/>\n\t<meta property=\"og:image:width\" content=\"400\" \/>\n\t<meta property=\"og:image:height\" content=\"400\" \/>\n\t<meta property=\"og:image:type\" content=\"image\/jpeg\" \/>\n<meta name=\"twitter:card\" content=\"summary_large_image\" \/>\n<script type=\"application\/ld+json\" class=\"yoast-schema-graph\">{\"@context\":\"https:\/\/schema.org\",\"@graph\":[{\"@type\":\"WebPage\",\"@id\":\"https:\/\/mcprd.cl\/producto\/juntas-de-expansion\/\",\"url\":\"https:\/\/mcprd.cl\/producto\/juntas-de-expansion\/\",\"name\":\"JUNTAS DE EXPANSI\u00d3N - MCP Rubber Division\",\"isPartOf\":{\"@id\":\"https:\/\/mcprd.cl\/en\/#website\"},\"primaryImageOfPage\":{\"@id\":\"https:\/\/mcprd.cl\/producto\/juntas-de-expansion\/#primaryimage\"},\"image\":{\"@id\":\"https:\/\/mcprd.cl\/producto\/juntas-de-expansion\/#primaryimage\"},\"thumbnailUrl\":\"https:\/\/mcprd.cl\/wp-content\/uploads\/2024\/10\/Capa-6industrial.jpg\",\"datePublished\":\"2024-10-15T15:39:51+00:00\",\"dateModified\":\"2024-12-20T20:20:04+00:00\",\"breadcrumb\":{\"@id\":\"https:\/\/mcprd.cl\/producto\/juntas-de-expansion\/#breadcrumb\"},\"inLanguage\":\"en-US\",\"potentialAction\":[{\"@type\":\"ReadAction\",\"target\":[\"https:\/\/mcprd.cl\/producto\/juntas-de-expansion\/\"]}]},{\"@type\":\"ImageObject\",\"inLanguage\":\"en-US\",\"@id\":\"https:\/\/mcprd.cl\/producto\/juntas-de-expansion\/#primaryimage\",\"url\":\"https:\/\/mcprd.cl\/wp-content\/uploads\/2024\/10\/Capa-6industrial.jpg\",\"contentUrl\":\"https:\/\/mcprd.cl\/wp-content\/uploads\/2024\/10\/Capa-6industrial.jpg\",\"width\":400,\"height\":400},{\"@type\":\"BreadcrumbList\",\"@id\":\"https:\/\/mcprd.cl\/producto\/juntas-de-expansion\/#breadcrumb\",\"itemListElement\":[{\"@type\":\"ListItem\",\"position\":1,\"name\":\"Portada\",\"item\":\"https:\/\/mcprd.cl\/\"},{\"@type\":\"ListItem\",\"position\":2,\"name\":\"Tienda\",\"item\":\"http:\/\/mcprd.cl\/en\/tienda\/\"},{\"@type\":\"ListItem\",\"position\":3,\"name\":\"JUNTAS DE EXPANSI\u00d3N\"}]},{\"@type\":\"WebSite\",\"@id\":\"https:\/\/mcprd.cl\/en\/#website\",\"url\":\"https:\/\/mcprd.cl\/en\/\",\"name\":\"MCP Rubber Division\",\"description\":\"Productos T\u00e9cnicos de Caucho\",\"potentialAction\":[{\"@type\":\"SearchAction\",\"target\":{\"@type\":\"EntryPoint\",\"urlTemplate\":\"https:\/\/mcprd.cl\/en\/?s={search_term_string}\"},\"query-input\":{\"@type\":\"PropertyValueSpecification\",\"valueRequired\":true,\"valueName\":\"search_term_string\"}}],\"inLanguage\":\"en-US\"}]}<\/script>\n<!-- \/ Yoast SEO plugin. -->","yoast_head_json":{"title":"JUNTAS DE EXPANSI\u00d3N - MCP Rubber Division","robots":{"index":"index","follow":"follow","max-snippet":"max-snippet:-1","max-image-preview":"max-image-preview:large","max-video-preview":"max-video-preview:-1"},"canonical":"https:\/\/mcprd.cl\/en\/product\/juntas-de-expansion\/","og_locale":"en_US","og_type":"article","og_title":"JUNTAS DE EXPANSI\u00d3N - MCP Rubber Division","og_description":"Son dispositivos que absorben el movimiento y la dilataci\u00f3n de tuber\u00edas y estructuras, protegiendo las conexiones de da\u00f1os por cambios de temperatura y vibraciones. Se utilizan en diversas aplicaciones, como plomer\u00eda y sistemas HVAC, y pueden estar hechas de materiales como goma o metal.","og_url":"https:\/\/mcprd.cl\/en\/product\/juntas-de-expansion\/","og_site_name":"MCP Rubber Division","article_modified_time":"2024-12-20T20:20:04+00:00","og_image":[{"width":400,"height":400,"url":"https:\/\/mcprd.cl\/wp-content\/uploads\/2024\/10\/Capa-6industrial.jpg","type":"image\/jpeg"}],"twitter_card":"summary_large_image","schema":{"@context":"https:\/\/schema.org","@graph":[{"@type":"WebPage","@id":"https:\/\/mcprd.cl\/producto\/juntas-de-expansion\/","url":"https:\/\/mcprd.cl\/producto\/juntas-de-expansion\/","name":"JUNTAS DE EXPANSI\u00d3N - MCP Rubber Division","isPartOf":{"@id":"https:\/\/mcprd.cl\/en\/#website"},"primaryImageOfPage":{"@id":"https:\/\/mcprd.cl\/producto\/juntas-de-expansion\/#primaryimage"},"image":{"@id":"https:\/\/mcprd.cl\/producto\/juntas-de-expansion\/#primaryimage"},"thumbnailUrl":"https:\/\/mcprd.cl\/wp-content\/uploads\/2024\/10\/Capa-6industrial.jpg","datePublished":"2024-10-15T15:39:51+00:00","dateModified":"2024-12-20T20:20:04+00:00","breadcrumb":{"@id":"https:\/\/mcprd.cl\/producto\/juntas-de-expansion\/#breadcrumb"},"inLanguage":"en-US","potentialAction":[{"@type":"ReadAction","target":["https:\/\/mcprd.cl\/producto\/juntas-de-expansion\/"]}]},{"@type":"ImageObject","inLanguage":"en-US","@id":"https:\/\/mcprd.cl\/producto\/juntas-de-expansion\/#primaryimage","url":"https:\/\/mcprd.cl\/wp-content\/uploads\/2024\/10\/Capa-6industrial.jpg","contentUrl":"https:\/\/mcprd.cl\/wp-content\/uploads\/2024\/10\/Capa-6industrial.jpg","width":400,"height":400},{"@type":"BreadcrumbList","@id":"https:\/\/mcprd.cl\/producto\/juntas-de-expansion\/#breadcrumb","itemListElement":[{"@type":"ListItem","position":1,"name":"Portada","item":"https:\/\/mcprd.cl\/"},{"@type":"ListItem","position":2,"name":"Tienda","item":"http:\/\/mcprd.cl\/en\/tienda\/"},{"@type":"ListItem","position":3,"name":"JUNTAS DE EXPANSI\u00d3N"}]},{"@type":"WebSite","@id":"https:\/\/mcprd.cl\/en\/#website","url":"https:\/\/mcprd.cl\/en\/","name":"MCP Rubber Division","description":"Technical Rubber Products","potentialAction":[{"@type":"SearchAction","target":{"@type":"EntryPoint","urlTemplate":"https:\/\/mcprd.cl\/en\/?s={search_term_string}"},"query-input":{"@type":"PropertyValueSpecification","valueRequired":true,"valueName":"search_term_string"}}],"inLanguage":"en-US"}]}},"_links":{"self":[{"href":"http:\/\/mcprd.cl\/en\/wp-json\/wp\/v2\/product\/696","targetHints":{"allow":["GET"]}}],"collection":[{"href":"http:\/\/mcprd.cl\/en\/wp-json\/wp\/v2\/product"}],"about":[{"href":"http:\/\/mcprd.cl\/en\/wp-json\/wp\/v2\/types\/product"}],"replies":[{"embeddable":true,"href":"http:\/\/mcprd.cl\/en\/wp-json\/wp\/v2\/comments?post=696"}],"wp:featuredmedia":[{"embeddable":true,"href":"http:\/\/mcprd.cl\/en\/wp-json\/wp\/v2\/media\/951"}],"wp:attachment":[{"href":"http:\/\/mcprd.cl\/en\/wp-json\/wp\/v2\/media?parent=696"}],"wp:term":[{"taxonomy":"product_brand","embeddable":true,"href":"http:\/\/mcprd.cl\/en\/wp-json\/wp\/v2\/product_brand?post=696"},{"taxonomy":"product_cat","embeddable":true,"href":"http:\/\/mcprd.cl\/en\/wp-json\/wp\/v2\/product_cat?post=696"},{"taxonomy":"product_tag","embeddable":true,"href":"http:\/\/mcprd.cl\/en\/wp-json\/wp\/v2\/product_tag?post=696"}],"curies":[{"name":"wp","href":"https:\/\/api.w.org\/{rel}","templated":true}]}}